{"id":9976,"date":"2025-03-11T22:25:15","date_gmt":"2025-03-11T22:25:15","guid":{"rendered":"https:\/\/transparencymaroc.ma\/transparency-now-prevention-et-repression-de-la-corruption\/"},"modified":"2026-04-01T14:45:48","modified_gmt":"2026-04-01T13:45:48","slug":"transparency-now-prevention-et-repression-de-la-corruption","status":"publish","type":"page","link":"https:\/\/transparencymaroc.ma\/en\/transparency-now-prevention-et-repression-de-la-corruption\/","title":{"rendered":"Transparency Now: Strengthening efforts to prevent and combat acts of corruption"},"content":{"rendered":"<div class=\"wpb-content-wrapper\"><p>[vc_row][vc_column][vc_column_text css=&#8221;&#8221;]<strong>Project Coordinator:<\/strong> Ali Sadki<\/p>\n<p><strong>Donor:<\/strong> European Union<\/p>\n<p><strong>Budget:<\/strong> 160,000 EUR<\/p>\n<p><strong>Period:<\/strong> July 1, 2024 \u2013 end of June 2027<\/p>\n<ul>\n<li><strong>Strategic Context<\/strong><\/li>\n<\/ul>\n<p>This project aligns with the strategic objectives of the United Nations 2030 Agenda. It contributes to the achievement of Sustainable Development Goal (SDG) 16: \u201cPromote peaceful and inclusive societies for sustainable development, provide access to justice for all, and build effective, accountable and inclusive institutions at all levels.\u201d<\/p>\n<p>The project <strong>\u201cTransparency Now\u201d<\/strong> aims to facilitate improvements in the prevention, reporting, and prosecution of corruption, as well as the seizure and confiscation of assets linked to such corruption in Morocco.<\/p>\n<p>The key sub-objective of this project is to improve mechanisms and modalities to strengthen the detection and investigation of cross-border corruption and illicit financial flows resulting from corruption.<\/p>\n<ul>\n<li><strong>Overall Objective<\/strong><\/li>\n<\/ul>\n<p>This project aims to facilitate improvements in the prevention, reporting, and repression of corruption and to contribute to greater democratic accountability of public institutions.<\/p>\n<ul>\n<li><strong>Specific Objectives<\/strong><\/li>\n<li>Strengthen mechanisms and modalities for preventing corruption and encouraging its reporting;<\/li>\n<li>Induce systemic change to address gaps in accountability and anti-corruption efforts in Morocco;<\/li>\n<li>Empower civil society actors, investigative journalists, and other stakeholders to demand greater accountability and integrity through increased visibility and strategic advocacy;<\/li>\n<li>Identify legal, institutional, and enforcement gaps that hinder the achievement of expected objectives in combating corruption and recovering corruption-related assets.<\/li>\n<li><strong>4. Target Groups<\/strong><\/li>\n<li>Civil society organizations<\/li>\n<li>Investigative journalists<\/li>\n<li>Researchers and academics<\/li>\n<\/ul>\n<p>[\/vc_column_text][\/vc_column][\/vc_row]<\/p>\n<\/div>","protected":false},"excerpt":{"rendered":"<p>[vc_row][vc_column][vc_column_text css=&#8221;&#8221;]Project Coordinator: Ali Sadki Donor: European Union Budget: 160,000 EUR Period: July 1, 2024 \u2013 [&hellip;]<\/p>\n","protected":false},"author":11,"featured_media":0,"parent":0,"menu_order":0,"comment_status":"closed","ping_status":"closed","template":"","meta":{"_acf_changed":false,"footnotes":""},"class_list":["post-9976","page","type-page","status-publish","hentry"],"acf":[],"yoast_head":"<!-- This site is optimized with the Yoast SEO plugin v27.4 - https:\/\/yoast.com\/product\/yoast-seo-wordpress\/ -->\n<title>Transparency Now: Strengthening efforts to prevent and combat acts of corruption - Transparency Maroc<\/title>\n<meta name=\"description\" content=\"Ce projet s&#039;inscrit dans les objectifs strat\u00e9giques de l&#039;Agenda 2030 des Nations Unies. Il contribue \u00e0 la r\u00e9alisation de l&#039;Objectif de D\u00e9veloppement Durable (ODD) 16, \u00e0 savoir \u00ab\u00a0Promouvoir des soci\u00e9t\u00e9s pacifiques et inclusives pour le d\u00e9veloppement durable, assurer l&#039;acc\u00e8s \u00e0 la justice pour tous et construire des soci\u00e9t\u00e9s efficaces et responsables et des institutions inclusives \u00e0 tous les niveaux&quot;.\u00a0\" \/>\n<meta name=\"robots\" content=\"index, follow, max-snippet:-1, max-image-preview:large, max-video-preview:-1\" \/>\n<link rel=\"canonical\" href=\"https:\/\/transparencymaroc.ma\/en\/transparency-now-prevention-et-repression-de-la-corruption\/\" \/>\n<meta property=\"og:locale\" content=\"en_US\" \/>\n<meta property=\"og:type\" content=\"article\" \/>\n<meta property=\"og:title\" content=\"Transparency Now: Strengthening efforts to prevent and combat acts of corruption - Transparency Maroc\" \/>\n<meta property=\"og:description\" content=\"Ce projet s&#039;inscrit dans les objectifs strat\u00e9giques de l&#039;Agenda 2030 des Nations Unies. Il contribue \u00e0 la r\u00e9alisation de l&#039;Objectif de D\u00e9veloppement Durable (ODD) 16, \u00e0 savoir \u00ab\u00a0Promouvoir des soci\u00e9t\u00e9s pacifiques et inclusives pour le d\u00e9veloppement durable, assurer l&#039;acc\u00e8s \u00e0 la justice pour tous et construire des soci\u00e9t\u00e9s efficaces et responsables et des institutions inclusives \u00e0 tous les niveaux&quot;.\u00a0\" \/>\n<meta property=\"og:url\" content=\"https:\/\/transparencymaroc.ma\/en\/transparency-now-prevention-et-repression-de-la-corruption\/\" \/>\n<meta property=\"og:site_name\" content=\"Transparency Maroc\" \/>\n<meta property=\"article:publisher\" content=\"https:\/\/www.facebook.com\/TransparencyMarocOfficiel\/\" \/>\n<meta property=\"article:modified_time\" content=\"2026-04-01T13:45:48+00:00\" \/>\n<meta name=\"twitter:card\" content=\"summary_large_image\" \/>\n<meta name=\"twitter:site\" content=\"@TMarocOfficiel\" \/>\n<meta name=\"twitter:label1\" content=\"Est. reading time\" \/>\n\t<meta name=\"twitter:data1\" content=\"2 minutes\" \/>\n<script type=\"application\/ld+json\" class=\"yoast-schema-graph\">{\"@context\":\"https:\\\/\\\/schema.org\",\"@graph\":[{\"@type\":\"WebPage\",\"@id\":\"https:\\\/\\\/transparencymaroc.ma\\\/en\\\/transparency-now-prevention-et-repression-de-la-corruption\\\/\",\"url\":\"https:\\\/\\\/transparencymaroc.ma\\\/en\\\/transparency-now-prevention-et-repression-de-la-corruption\\\/\",\"name\":\"Transparency Now: Strengthening efforts to prevent and combat acts of corruption - Transparency Maroc\",\"isPartOf\":{\"@id\":\"https:\\\/\\\/transparencymaroc.ma\\\/#website\"},\"datePublished\":\"2025-03-11T22:25:15+00:00\",\"dateModified\":\"2026-04-01T13:45:48+00:00\",\"description\":\"Ce projet s'inscrit dans les objectifs strat\u00e9giques de l'Agenda 2030 des Nations Unies. Il contribue \u00e0 la r\u00e9alisation de l'Objectif de D\u00e9veloppement Durable (ODD) 16, \u00e0 savoir \u00ab\u00a0Promouvoir des soci\u00e9t\u00e9s pacifiques et inclusives pour le d\u00e9veloppement durable, assurer l'acc\u00e8s \u00e0 la justice pour tous et construire des soci\u00e9t\u00e9s efficaces et responsables et des institutions inclusives \u00e0 tous les niveaux\\\".\u00a0\",\"breadcrumb\":{\"@id\":\"https:\\\/\\\/transparencymaroc.ma\\\/en\\\/transparency-now-prevention-et-repression-de-la-corruption\\\/#breadcrumb\"},\"inLanguage\":\"en-US\",\"potentialAction\":[{\"@type\":\"ReadAction\",\"target\":[\"https:\\\/\\\/transparencymaroc.ma\\\/en\\\/transparency-now-prevention-et-repression-de-la-corruption\\\/\"]}]},{\"@type\":\"BreadcrumbList\",\"@id\":\"https:\\\/\\\/transparencymaroc.ma\\\/en\\\/transparency-now-prevention-et-repression-de-la-corruption\\\/#breadcrumb\",\"itemListElement\":[{\"@type\":\"ListItem\",\"position\":1,\"name\":\"Accueil\",\"item\":\"https:\\\/\\\/transparencymaroc.ma\\\/en\\\/\"},{\"@type\":\"ListItem\",\"position\":2,\"name\":\"Transparency Now: Strengthening efforts to prevent and combat acts of corruption\"}]},{\"@type\":\"WebSite\",\"@id\":\"https:\\\/\\\/transparencymaroc.ma\\\/#website\",\"url\":\"https:\\\/\\\/transparencymaroc.ma\\\/\",\"name\":\"Transparency Maroc\",\"description\":\"Association de lutte contre la corruption au Maroc\",\"publisher\":{\"@id\":\"https:\\\/\\\/transparencymaroc.ma\\\/#organization\"},\"potentialAction\":[{\"@type\":\"SearchAction\",\"target\":{\"@type\":\"EntryPoint\",\"urlTemplate\":\"https:\\\/\\\/transparencymaroc.ma\\\/?s={search_term_string}\"},\"query-input\":{\"@type\":\"PropertyValueSpecification\",\"valueRequired\":true,\"valueName\":\"search_term_string\"}}],\"inLanguage\":\"en-US\"},{\"@type\":\"Organization\",\"@id\":\"https:\\\/\\\/transparencymaroc.ma\\\/#organization\",\"name\":\"Transparency Maroc\",\"url\":\"https:\\\/\\\/transparencymaroc.ma\\\/\",\"logo\":{\"@type\":\"ImageObject\",\"inLanguage\":\"en-US\",\"@id\":\"https:\\\/\\\/transparencymaroc.ma\\\/#\\\/schema\\\/logo\\\/image\\\/\",\"url\":\"https:\\\/\\\/transparencymaroc.ma\\\/wp-content\\\/uploads\\\/2020\\\/01\\\/LogoTMar.svg\",\"contentUrl\":\"https:\\\/\\\/transparencymaroc.ma\\\/wp-content\\\/uploads\\\/2020\\\/01\\\/LogoTMar.svg\",\"width\":491,\"height\":130,\"caption\":\"Transparency Maroc\"},\"image\":{\"@id\":\"https:\\\/\\\/transparencymaroc.ma\\\/#\\\/schema\\\/logo\\\/image\\\/\"},\"sameAs\":[\"https:\\\/\\\/www.facebook.com\\\/TransparencyMarocOfficiel\\\/\",\"https:\\\/\\\/x.com\\\/TMarocOfficiel\"]}]}<\/script>\n<!-- \/ Yoast SEO plugin. -->","yoast_head_json":{"title":"Transparency Now: Strengthening efforts to prevent and combat acts of corruption - Transparency Maroc","description":"Ce projet s'inscrit dans les objectifs strat\u00e9giques de l'Agenda 2030 des Nations Unies. Il contribue \u00e0 la r\u00e9alisation de l'Objectif de D\u00e9veloppement Durable (ODD) 16, \u00e0 savoir \u00ab\u00a0Promouvoir des soci\u00e9t\u00e9s pacifiques et inclusives pour le d\u00e9veloppement durable, assurer l'acc\u00e8s \u00e0 la justice pour tous et construire des soci\u00e9t\u00e9s efficaces et responsables et des institutions inclusives \u00e0 tous les niveaux\".\u00a0","robots":{"index":"index","follow":"follow","max-snippet":"max-snippet:-1","max-image-preview":"max-image-preview:large","max-video-preview":"max-video-preview:-1"},"canonical":"https:\/\/transparencymaroc.ma\/en\/transparency-now-prevention-et-repression-de-la-corruption\/","og_locale":"en_US","og_type":"article","og_title":"Transparency Now: Strengthening efforts to prevent and combat acts of corruption - Transparency Maroc","og_description":"Ce projet s'inscrit dans les objectifs strat\u00e9giques de l'Agenda 2030 des Nations Unies. Il contribue \u00e0 la r\u00e9alisation de l'Objectif de D\u00e9veloppement Durable (ODD) 16, \u00e0 savoir \u00ab\u00a0Promouvoir des soci\u00e9t\u00e9s pacifiques et inclusives pour le d\u00e9veloppement durable, assurer l'acc\u00e8s \u00e0 la justice pour tous et construire des soci\u00e9t\u00e9s efficaces et responsables et des institutions inclusives \u00e0 tous les niveaux\".\u00a0","og_url":"https:\/\/transparencymaroc.ma\/en\/transparency-now-prevention-et-repression-de-la-corruption\/","og_site_name":"Transparency Maroc","article_publisher":"https:\/\/www.facebook.com\/TransparencyMarocOfficiel\/","article_modified_time":"2026-04-01T13:45:48+00:00","twitter_card":"summary_large_image","twitter_site":"@TMarocOfficiel","twitter_misc":{"Est. reading time":"2 minutes"},"schema":{"@context":"https:\/\/schema.org","@graph":[{"@type":"WebPage","@id":"https:\/\/transparencymaroc.ma\/en\/transparency-now-prevention-et-repression-de-la-corruption\/","url":"https:\/\/transparencymaroc.ma\/en\/transparency-now-prevention-et-repression-de-la-corruption\/","name":"Transparency Now: Strengthening efforts to prevent and combat acts of corruption - Transparency Maroc","isPartOf":{"@id":"https:\/\/transparencymaroc.ma\/#website"},"datePublished":"2025-03-11T22:25:15+00:00","dateModified":"2026-04-01T13:45:48+00:00","description":"Ce projet s'inscrit dans les objectifs strat\u00e9giques de l'Agenda 2030 des Nations Unies. Il contribue \u00e0 la r\u00e9alisation de l'Objectif de D\u00e9veloppement Durable (ODD) 16, \u00e0 savoir \u00ab\u00a0Promouvoir des soci\u00e9t\u00e9s pacifiques et inclusives pour le d\u00e9veloppement durable, assurer l'acc\u00e8s \u00e0 la justice pour tous et construire des soci\u00e9t\u00e9s efficaces et responsables et des institutions inclusives \u00e0 tous les niveaux\".\u00a0","breadcrumb":{"@id":"https:\/\/transparencymaroc.ma\/en\/transparency-now-prevention-et-repression-de-la-corruption\/#breadcrumb"},"inLanguage":"en-US","potentialAction":[{"@type":"ReadAction","target":["https:\/\/transparencymaroc.ma\/en\/transparency-now-prevention-et-repression-de-la-corruption\/"]}]},{"@type":"BreadcrumbList","@id":"https:\/\/transparencymaroc.ma\/en\/transparency-now-prevention-et-repression-de-la-corruption\/#breadcrumb","itemListElement":[{"@type":"ListItem","position":1,"name":"Accueil","item":"https:\/\/transparencymaroc.ma\/en\/"},{"@type":"ListItem","position":2,"name":"Transparency Now: Strengthening efforts to prevent and combat acts of corruption"}]},{"@type":"WebSite","@id":"https:\/\/transparencymaroc.ma\/#website","url":"https:\/\/transparencymaroc.ma\/","name":"Transparency Maroc","description":"Association de lutte contre la corruption au Maroc","publisher":{"@id":"https:\/\/transparencymaroc.ma\/#organization"},"potentialAction":[{"@type":"SearchAction","target":{"@type":"EntryPoint","urlTemplate":"https:\/\/transparencymaroc.ma\/?s={search_term_string}"},"query-input":{"@type":"PropertyValueSpecification","valueRequired":true,"valueName":"search_term_string"}}],"inLanguage":"en-US"},{"@type":"Organization","@id":"https:\/\/transparencymaroc.ma\/#organization","name":"Transparency Maroc","url":"https:\/\/transparencymaroc.ma\/","logo":{"@type":"ImageObject","inLanguage":"en-US","@id":"https:\/\/transparencymaroc.ma\/#\/schema\/logo\/image\/","url":"https:\/\/transparencymaroc.ma\/wp-content\/uploads\/2020\/01\/LogoTMar.svg","contentUrl":"https:\/\/transparencymaroc.ma\/wp-content\/uploads\/2020\/01\/LogoTMar.svg","width":491,"height":130,"caption":"Transparency Maroc"},"image":{"@id":"https:\/\/transparencymaroc.ma\/#\/schema\/logo\/image\/"},"sameAs":["https:\/\/www.facebook.com\/TransparencyMarocOfficiel\/","https:\/\/x.com\/TMarocOfficiel"]}]}},"_links":{"self":[{"href":"https:\/\/transparencymaroc.ma\/en\/wp-json\/wp\/v2\/pages\/9976","targetHints":{"allow":["GET"]}}],"collection":[{"href":"https:\/\/transparencymaroc.ma\/en\/wp-json\/wp\/v2\/pages"}],"about":[{"href":"https:\/\/transparencymaroc.ma\/en\/wp-json\/wp\/v2\/types\/page"}],"author":[{"embeddable":true,"href":"https:\/\/transparencymaroc.ma\/en\/wp-json\/wp\/v2\/users\/11"}],"replies":[{"embeddable":true,"href":"https:\/\/transparencymaroc.ma\/en\/wp-json\/wp\/v2\/comments?post=9976"}],"version-history":[{"count":2,"href":"https:\/\/transparencymaroc.ma\/en\/wp-json\/wp\/v2\/pages\/9976\/revisions"}],"predecessor-version":[{"id":9978,"href":"https:\/\/transparencymaroc.ma\/en\/wp-json\/wp\/v2\/pages\/9976\/revisions\/9978"}],"wp:attachment":[{"href":"https:\/\/transparencymaroc.ma\/en\/wp-json\/wp\/v2\/media?parent=9976"}],"curies":[{"name":"wp","href":"https:\/\/api.w.org\/{rel}","templated":true}]}}