{"id":9864,"date":"2026-03-31T12:52:49","date_gmt":"2026-03-31T11:52:49","guid":{"rendered":"https:\/\/transparencymaroc.ma\/?page_id=9864"},"modified":"2026-03-31T12:53:04","modified_gmt":"2026-03-31T11:53:04","slug":"press2026","status":"publish","type":"page","link":"https:\/\/transparencymaroc.ma\/en\/press2026\/","title":{"rendered":"2026"},"content":{"rendered":"<div class=\"wpb-content-wrapper\"><p>[vc_row][vc_column][vc_column_text css=&#8221;&#8221;]<\/p>\n<table style=\"border-collapse: collapse; width: 95%; margin: auto; height: 1008px;\" class=\"aligncenter\">\n<tbody>\n<tr style=\"height: 48px;\">\n<td style=\"padding: 10px; height: 48px;\">Morocco World News<\/td>\n<td style=\"padding: 10px; height: 48px;\"><a href=\"https:\/\/www.moroccoworldnews.com\/2026\/02\/281094\/transparency-maroc-flags-implementation-gaps-in-post-earthquake-reconstruction\/\" target=\"_blank\" rel=\"noopener\">Transparency Maroc Flags Implementation Gaps in Post-Earthquake Reconstruction<\/a><\/td>\n<\/tr>\n<tr style=\"height: 48px;\">\n<td style=\"padding: 10px; height: 48px;\">LE NEW<\/td>\n<td style=\"padding: 10px; height: 48px;\"><a href=\"https:\/\/lenew.ma\/seisme-al-haouz-reconstruction-2026\/\" target=\"_blank\" rel=\"noopener\">S\u00e9isme d\u2019Al Haouz : Transparency Maroc d\u00e9nonce une reconstruction inachev\u00e9e<\/a><\/td>\n<\/tr>\n<tr style=\"height: 24px;\">\n<td style=\"padding: 10px; height: 24px;\">21madar<\/td>\n<td style=\"padding: 10px; height: 24px;\"><a href=\"https:\/\/madar21.com\/409495\" target=\"_blank\" rel=\"noopener\">\u062a\u0631\u0627\u0646\u0633\u0628\u0631\u0627\u0646\u0633\u064a \u0627\u0644\u0645\u063a\u0631\u0628: \u0625\u0639\u0627\u062f\u0629 \u0625\u0639\u0645\u0627\u0631 \u0645\u0646\u0627\u0637\u0642 \u0632\u0644\u0632\u0627\u0644 \u0627\u0644\u062d\u0648\u0632 \u201d\u0628\u0637\u06cc\u0626\u0629 \u0648\u063a\u06cc\u0631 \u0639\u0627\u062f\u0644\u0629\u201c<\/a><\/td>\n<\/tr>\n<tr style=\"height: 48px;\">\n<td style=\"padding: 10px; height: 48px;\">PanoraPost<\/td>\n<td style=\"padding: 10px; height: 48px;\"><a href=\"https:\/\/panorapost.ma\/post.php?id=54405\" target=\"_blank\" rel=\"noopener\">Grand Atlas : deux ans et demi apr\u00e8s le s\u00e9isme, un bilan contrast\u00e9 de la reconstruction<\/a><\/td>\n<\/tr>\n<tr style=\"height: 48px;\">\n<td style=\"padding: 10px; height: 48px;\">Yabiladi<\/td>\n<td style=\"padding: 10px; height: 48px;\"><a href=\"https:\/\/www.yabiladi.com\/articles\/details\/189315\/seisme-d-al-haouz-bilant-detape.html\" target=\"_blank\" rel=\"noopener\">S\u00e9isme d\u2019Al Haouz : Un bilant d\u2019\u00e9tape mitig\u00e9, selon Transparency Maroc<\/a><\/td>\n<\/tr>\n<tr style=\"height: 48px;\">\n<td style=\"padding: 10px; height: 48px;\">Hespress English<\/td>\n<td style=\"padding: 10px; height: 48px;\"><a href=\"https:\/\/en.hespress.com\/132677-transparency-42-lost-jobs-50-live-on-under-mad-1000-after-al-haouz-earthquake.html\" target=\"_blank\" rel=\"noopener\">Transparency: 42% lost jobs, 50% live on under MAD 1000 after Al Haouz earthquake<\/a><\/td>\n<\/tr>\n<tr style=\"height: 24px;\">\n<td style=\"padding: 10px; height: 24px;\">saa24<\/td>\n<td style=\"padding: 10px; height: 24px;\"><a href=\"https:\/\/24saa.com\/%D8%AA%D9%82%D8%B1%D9%8A%D8%B1-%D8%AA%D8%B1%D8%A7%D9%86%D8%B3%D8%A8%D8%B1%D8%A7%D9%86%D8%B3%D9%8A-%D8%A7%D9%84%D9%85%D8%BA%D8%B1%D8%A8-209-%D8%A3%D8%B4%D8%AE%D8%A7%D8%B5-%D9%85%D8%A7-%D8%B2%D8%A7\/\" target=\"_blank\" rel=\"noopener\">\u062a\u0642\u0631\u06cc\u0631 \u062a\u0631\u0627\u0646\u0633\u0628\u0631\u0627\u0646\u0633\u064a \u0627\u0644\u0645\u063a\u0631\u0628: 209 \u0623\u0634\u062e\u0627\u0635 \u0645\u0627 \u0632\u0627\u0644\u0648\u0627 \u06cc\u0639\u06cc\u0634\u0648\u0646 \u0641\u064a \u062e\u06cc\u0627\u0645<\/a><\/td>\n<\/tr>\n<tr style=\"height: 24px;\">\n<td style=\"padding: 10px; height: 24px;\">Al Jarida 24<\/td>\n<td style=\"padding: 10px; height: 24px;\"><a href=\"https:\/\/aljarida24.ma\/p\/actualites\/339040\/\" target=\"_blank\" rel=\"noopener\">\u062a\u0631\u0627\u0646\u0633\u0628\u0631\u0627\u0646\u0633\u064a \u062a\u0637\u0627\u0644\u0628 \u0628\u0627\u0644\u062a\u062d\u0642\u06cc\u0642 \u0641\u064a \u0625\u0639\u0627\u062f\u0629 \u0625\u0639\u0645\u0627\u0631 \u0645\u0646\u0627\u0637\u0642 \u0627\u0644\u0632\u0644\u0632\u0627\u0644<\/a><\/td>\n<\/tr>\n<tr style=\"height: 48px;\">\n<td style=\"padding: 10px; height: 48px;\">Hespress (FR)<\/td>\n<td style=\"padding: 10px; height: 48px;\"><a href=\"https:\/\/fr.hespress.com\/463915-al-haouz-transparency-maroc-denonce-une-reconstruction-inachevee.html\" target=\"_blank\" rel=\"noopener\">Al Haouz: Transparency Maroc d\u00e9nonce une reconstruction inachev\u00e9e<\/a><\/td>\n<\/tr>\n<tr style=\"height: 48px;\">\n<td style=\"padding: 10px; height: 48px;\">YouTube (Hespress)<\/td>\n<td style=\"padding: 10px; height: 48px;\"><a href=\"https:\/\/www.youtube.com\/watch?v=zVPiwpfiymc\" target=\"_blank\" rel=\"noopener\">&#8220;\u062a\u0631\u0627\u0646\u0633\u0628\u0631\u0627\u0646\u0633\u064a&#8221; \u062a\u062e\u062a\u0628\u0631 &#8220;\u062a\u0646\u0627\u0642\u0636\u0627\u062a \u0643\u0628\u0631\u0649&#8221; \u062a\u0631\u0627\u0641\u0642 \u0639\u0645\u0644\u06cc\u0629 \u0625\u0639\u0627\u062f\u0629 \u0627\u0644\u0625\u0639\u0645\u0627\u0631<\/a><\/td>\n<\/tr>\n<tr style=\"height: 24px;\">\n<td style=\"padding: 10px; height: 24px;\">The Voice<\/td>\n<td style=\"padding: 10px; height: 24px;\"><a href=\"https:\/\/thevoice.ma\/%d8%a8%d8%b9%d8%af-%d8%a7%d9%84%d8%b2%d9%84%d8%b2%d8%a7%d9%84-%d8%aa%d8%b1%d8%a7%d9%86%d8%b3%d8%a8%d8%b1%d8%a7%d9%86%d8%b3%d9%8a-%d8%aa%d9%86%d8%aa%d9%82%d8%af-%d9%85%d9%86%d9%87%d8%ac%d9%8a\/\" target=\"_blank\" rel=\"noopener\">\u0628\u0639\u062f \u0627\u0644\u0632\u0644\u0632\u0627\u0644.. \u201d\u062a\u0631\u0627\u0646\u0633\u0628\u0631\u0627\u0646\u0633\u064a\u201c \u062a\u0646\u062a\u0642\u062f \u0645\u0646\u0647\u062c\u064a\u0629 \u0627\u0644\u062f\u0648\u0644\u0629 \u0641\u064a \u0625\u0639\u0627\u062f\u0629 \u0625\u0639\u0645\u0627\u0631 \u0627\u0644\u0623\u0637\u0644\u0633 \u0627\u0644\u0643\u0628\u064a\u0631<\/a><\/td>\n<\/tr>\n<tr style=\"height: 48px;\">\n<td style=\"padding: 10px; height: 48px;\">Maghreb Times<\/td>\n<td style=\"padding: 10px; height: 48px;\"><a href=\"https:\/\/maghrebtimes.ma\/2026\/02\/26\/__trashed-2\/\" target=\"_blank\" rel=\"noopener\">\u0645\u0644\u06cc\u0627\u0631\u0627\u062a \u0628\u0644\u0627 \u0623\u062b\u0631.. \u062a\u0642\u0631\u06cc\u0631 \u062a\u0631\u0627\u0646\u0633\u0628\u0631\u0627\u0646\u0633\u064a \u0639\u0646 \u0641\u0634\u0644 \u0627\u0644\u062d\u0643\u0648\u0645\u0629 \u0641\u064a \u0625\u0639\u0627\u062f\u0629 \u0625\u0639\u0645\u0627\u0631 \u0627\u0644\u062d\u0648\u0632<\/a><\/td>\n<\/tr>\n<tr style=\"height: 24px;\">\n<td style=\"padding: 10px; height: 24px;\">Lakome2<\/td>\n<td style=\"padding: 10px; height: 24px;\"><a href=\"https:\/\/lakome2.com\/decryptage\/409990\/\" target=\"_blank\" rel=\"noopener\">\u062a\u0642\u0631\u06cc\u0631 \u06cc\u0631\u0635\u062f \u0627\u0633\u062a\u0645\u0631\u0627\u0631 \u0645\u0639\u0627\u0646\u0627\u0629 \u0636\u062d\u0627\u06cc\u0627 \u0627\u0644\u0632\u0644\u0632\u0627\u0644 \u0648\u062a\u0639\u062b\u0631 \u0625\u0639\u0627\u062f\u0629 \u0627\u0644\u0625\u0639\u0645\u0627\u0631<\/a><\/td>\n<\/tr>\n<tr style=\"height: 24px;\">\n<td style=\"padding: 10px; height: 24px;\">Al3omk<\/td>\n<td style=\"padding: 10px; height: 24px;\"><a href=\"http:\/\/al3omk.com\/1141044.html\" target=\"_blank\" rel=\"noopener\">\u062a\u0631\u0627\u0646\u0633\u0628\u0631\u0627\u0646\u0633\u064a \u062a\u0643\u0634\u0641 \u0627\u062e\u062a\u0644\u0627\u0644\u0627\u062a \u0625\u064a\u0648\u0627\u0621 \u0645\u062a\u0636\u0631\u0631\u064a \u0627\u0644\u0632\u0644\u0632\u0627\u0644<\/a><\/td>\n<\/tr>\n<tr style=\"height: 24px;\">\n<td style=\"padding: 10px; height: 24px;\">Hespress<\/td>\n<td style=\"padding: 10px; height: 24px;\"><a href=\"https:\/\/www.hespress.com\/%d8%aa%d9%82%d8%b1%d9%8a%d8%b1-%d9%8a%d8%b1%d8%b5%d8%af-%d8%a7%d9%84%d8%a8%d9%8a%d8%b1%d9%88%d9%82%d8%b1%d8%a7%d8%b7%d9%8a%d8%a9-%d9%88%d8%a7%d9%84%d9%81%d9%82%d8%b1-%d9%81%d9%8a-%d9%85%d9%86%d8%a7-1707385.html\" target=\"_blank\" rel=\"noopener\">\u062a\u0642\u0631\u06cc\u0631 \u06cc\u0631\u0635\u062f \u0627\u0644\u0628\u06cc\u0631\u0648\u0642\u0631\u0627\u0637\u06cc\u0629 \u0648\u0627\u0644\u0641\u0642\u0631 \u0641\u064a \u0645\u0646\u0627\u0637\u0642 \u0645\u062a\u0636\u0631\u0631\u0629 \u0645\u0646 \u0632\u0644\u0632\u0627\u0644 \u0627\u0644\u062d\u0648\u0632<\/a><\/td>\n<\/tr>\n<tr style=\"height: 24px;\">\n<td style=\"padding: 10px; height: 24px;\">\u0627\u0644\u0639\u0627\u0644\u0645 \u0627\u0644\u0623\u0645\u0627\u0632\u064a\u063a\u064a<\/td>\n<td style=\"padding: 10px; height: 24px;\"><a href=\"https:\/\/amadalamazigh.press.ma\/%D8%AA%D8%B1%D8%A7%D9%86%D8%B3%D8%A8%D8%B1%D8%A7%D9%86%D8%B3%D9%8A-%D8%AA%D8%B1%D8%B5%D8%AF-%D8%A7%D8%AE%D8%AA%D9%84%D8%A7%D9%84%D8%A7%D8%AA-%D8%B9%D9%85%D9%8A%D9%82%D8%A9-%D9%81\/\" target=\"_blank\" rel=\"noopener\">\u062a\u0631\u0627\u0646\u0633\u0628\u0631\u0627\u0646\u0633\u064a \u062a\u0631\u0635\u062f \u0627\u062e\u062a\u0644\u0627\u0644\u0627\u062a \u0639\u0645\u064a\u0642\u0629 \u0641\u064a \u0625\u0639\u0627\u062f\u0629 \u0627\u0644\u0625\u0639\u0645\u0627\u0631<\/a><\/td>\n<\/tr>\n<tr style=\"height: 48px;\">\n<td style=\"padding: 10px; height: 48px;\">Le Brief<\/td>\n<td style=\"padding: 10px; height: 48px;\"><a href=\"https:\/\/www.lebrief.ma\/seisme-dal-haouz-deux-ans-et-demi-apres-la-reconstruction-peine-a-decoller-100143829\/\" target=\"_blank\" rel=\"noopener\">S\u00e9isme d\u2019Al Haouz : deux ans et demi apr\u00e8s, la reconstruction peine \u00e0 d\u00e9coller<\/a><\/td>\n<\/tr>\n<tr style=\"height: 24px;\">\n<td style=\"padding: 10px; height: 24px;\">fluxpress<\/td>\n<td style=\"padding: 10px; height: 24px;\"><a href=\"https:\/\/fluxpress.net\/societe\/%d8%b5%d9%88%d8%aa-%d9%85%d8%ba%d8%b1%d8%a8%d9%8a-%d8%b5%d8%a7%d8%af%d9%82-%d8%ad%d9%82%d9%88%d9%82%d9%8a%d9%88%d9%86-%d9%8a%d8%b3%d8%aa%d8%ad%d8%b6%d8%b1%d9%88%d9%86-%d8%a7%d9%84%d9%85%d8%b3\/\" target=\"_blank\" rel=\"noopener\">\u201d\u0635\u0648\u062a \u0645\u063a\u0631\u0628\u064a \u0635\u0627\u062f\u0642\u201c .. \u062d\u0642\u0648\u0642\u06cc\u0648\u0646 \u06cc\u0633\u062a\u062d\u0636\u0631\u0648\u0646 \u0627\u0644\u0645\u0633\u0627\u0631 \u0627\u0644\u0646\u0636\u0627\u0644\u064a \u0644\u0623\u0633\u06cc\u062f\u0648\u0646<\/a><\/td>\n<\/tr>\n<tr style=\"height: 24px;\">\n<td style=\"padding: 10px; height: 24px;\">\u0622\u062e\u0631 \u062e\u0628\u0631<\/td>\n<td style=\"padding: 10px; height: 24px;\"><a href=\"https:\/\/a5r5br.net\/morocco\/local-news\/7128331-%D8%B5%D9%88%D8%AA-%D9%85%D8%BA%D8%B1%D8%A8%D9%8A-%D8%B5%D8%A7%D8%AF%D9%82-%D8%AD%D9%82%D9%88%D9%82%D9%8A%D9%88%D9%86-%D9%8A%D8%B3%D8%AA%D8%AD%D8%B6%D8%B1%D9%88%D9%86-%D8%A7%D9%84%D9%85%D8%B3%D8%A7%D8%B1-%D8%A7%D9%84%D9%86%D8%B6%D8%A7%D9%84%D9%8A-%D9%84%D8%A3%D8%B3%D9%8A%D8%AF%D9%88%D9%86\" target=\"_blank\" rel=\"noopener\">&#8220;\u0635\u0648\u062a \u0645\u063a\u0631\u0628\u064a \u0635\u0627\u062f\u0642&#8221; .. \u062d\u0642\u0648\u0642\u06cc\u0648\u0646 \u06cc\u0633\u062a\u062d\u0636\u0631\u0648\u0646 \u0627\u0644\u0645\u0633\u0627\u0631 \u0627\u0644\u0646\u0636\u0627\u0644\u064a \u0644\u0623\u0633\u06cc\u062f\u0648\u0646<\/a><\/td>\n<\/tr>\n<tr style=\"height: 24px;\">\n<td style=\"padding: 10px; height: 24px;\">Hespress<\/td>\n<td style=\"padding: 10px; height: 24px;\"><a href=\"https:\/\/www.hespress.com\/%d8%b5%d9%88%d8%aa-%d9%85%d8%ba%d8%b1%d8%a8%d9%8a-%d8%b5%d8%a7%d8%af%d9%82-%d8%ad%d9%82%d9%88%d9%82%d9%8a%d9%88%d9%86-%d9%8a%d8%b3%d8%aa%d8%ad%d8%b6%d8%b1%d9%88%d9%86-%d8%a7%d9%84%d9%85%d8%b3-1685348.html\" target=\"_blank\" rel=\"noopener\">&#8220;\u0635\u0648\u062a \u0645\u063a\u0631\u0628\u064a \u0635\u0627\u062f\u0642&#8221; .. \u062d\u0642\u0648\u0642\u06cc\u0648\u0646 \u06cc\u0633\u062a\u062d\u0636\u0631\u0648\u0646 \u0627\u0644\u0645\u0633\u0627\u0631 \u0627\u0644\u0646\u0636\u0627\u0644\u064a \u0644\u0623\u0633\u06cc\u062f\u0648\u0646<\/a><\/td>\n<\/tr>\n<tr style=\"height: 24px;\">\n<td style=\"padding: 10px; height: 24px;\">mooja<\/td>\n<td style=\"padding: 10px; height: 24px;\"><a href=\"https:\/\/www.mooja.ma\/%D8%B5%D9%88%D8%AA-%D9%85%D8%BA%D8%B1%D8%A8%D9%8A-%D8%B5%D8%A7%D8%AF%D9%82-%D8%AD%D9%82%D9%88%D9%82%D9%8A%D9%88%D9%86-%D9%8A%D8%B3%D8%AA%D8%AD%D8%B6%D8%B1%D9%88%D9%86-%D8%A7%D9%84%D9%85%D8%B3%D8%A7%D8%B1-%D8%A7%D9%84%D9%86%D8%B6%D8%A7%D9%84%D9%8A-%D9%84%D8%A3%D8%B3%D9%8A%D8%AF%D9%88%D9%86-146367.html\" target=\"_blank\" rel=\"noopener\">&#8220;\u0635\u0648\u062a \u0645\u063a\u0631\u0628\u064a \u0635\u0627\u062f\u0642&#8221; .. \u062d\u0642\u0648\u0642\u06cc\u0648\u0646 \u06cc\u0633\u062a\u062d\u0636\u0631\u0648\u0646 \u0627\u0644\u0645\u0633\u0627\u0631 \u0627\u0644\u0646\u0636\u0627\u0644\u064a \u0644\u0623\u0633\u06cc\u062f\u0648\u0646<\/a><\/td>\n<\/tr>\n<tr style=\"height: 24px;\">\n<td style=\"padding: 10px; height: 24px;\">\u0631\u0623\u064a \u0627\u0644\u064a\u0648\u0645<\/td>\n<td style=\"padding: 10px; height: 24px;\"><a href=\"https:\/\/www.raialyoum.com\/%D8%AA%D8%B1%D8%A7%D9%86%D8%B3%D8%A8%D8%B1%D8%A7%D9%86%D8%B3%D9%8A-%D8%A7%D9%84%D9%85%D8%BA%D8%B1%D8%A8-%D8%AA%D9%83%D8%B1%D9%91%D9%85-%D8%A7%D9%84%D8%B1%D8%A7%D8%AD%D9%84-%D8%B3%D9%8A%D9%88%D9%86\/\" target=\"_blank\" rel=\"noopener\">\u062a\u0631\u0627\u0646\u0633\u0628\u0631\u0627\u0646\u0633\u064a \u0627\u0644\u0645\u063a\u0631\u0628 \u062a\u0643\u0631\u0651\u0645 \u0627\u0644\u0631\u0627\u062d\u0644 \u0633\u06cc\u0648\u0646 \u0623\u0633\u06cc\u062f\u0648\u0646 \u0648\u0641\u0627\u0621\u064b \u0644\u0645\u0633\u0627\u0631\u0647 \u0627\u0644\u062d\u0642\u0648\u0642\u064a<\/a><\/td>\n<\/tr>\n<tr style=\"height: 24px;\">\n<td style=\"padding: 10px; height: 24px;\">mehwarpresse<\/td>\n<td style=\"padding: 10px; height: 24px;\"><a href=\"https:\/\/mehwarpresse.com\/2026\/01\/11\/%D8%AA%D8%B1%D8%A7%D9%86%D8%B3%D8%A8%D8%B1%D8%A7%D9%86%D8%B3%D9%8A-%D8%A7%D9%84%D9%85%D8%BA%D8%B1%D8%A8-%D8%AA%D8%AE%D9%84%D8%AF-%D8%A7%D9%84%D8%B0%D8%A7%D9%83%D8%B1%D8%A9-%D8%A7%D9%84%D8%AD%D9%82\/\" target=\"_blank\" rel=\"noopener\">\u062a\u0631\u0627\u0646\u0633\u0628\u0631\u0627\u0646\u0633\u064a \u0627\u0644\u0645\u063a\u0631\u0628 \u062a\u062e\u0644\u062f \u0627\u0644\u0630\u0627\u0643\u0631\u0629 \u0627\u0644\u062d\u0642\u0648\u0642\u06cc\u0629 \u0648\u062a\u0643\u0631\u0645 \u0627\u0644\u0645\u0633\u0627\u0631 \u0627\u0644\u0646\u0636\u0627\u0644\u064a \u0644\u0633\u06cc\u0648\u0646 \u0623\u0633\u06cc\u062f\u0648\u0646<\/a><\/td>\n<\/tr>\n<tr style=\"height: 48px;\">\n<td style=\"padding: 10px; height: 48px;\">Presse Mehwar<\/td>\n<td style=\"padding: 10px; height: 48px;\"><a href=\"https:\/\/www.youtube.com\/watch?v=-BVzwHTNd1c\" target=\"_blank\" rel=\"noopener\">\u062a\u0631\u0627\u0646\u0633\u0628\u0631\u0627\u0646\u0633\u064a \u0627\u0644\u0645\u063a\u0631\u0628 \u062a\u062e\u0644\u062f \u0627\u0644\u0630\u0627\u0643\u0631\u0629 \u0627\u0644\u062d\u0642\u0648\u0642\u06cc\u0629 (\u0641\u064a\u062f\u064a\u0648)<\/a><\/td>\n<\/tr>\n<tr style=\"height: 48px;\">\n<td style=\"padding: 10px; height: 48px;\">Alhayat Alyaoumia<\/td>\n<td style=\"padding: 10px; height: 48px;\"><a href=\"https:\/\/www.youtube.com\/watch?v=jUshXCKsEYU\" target=\"_blank\" rel=\"noopener\">\u0627\u062d\u062a\u0641\u0627\u0621 \u0628\u0633\u06cc\u0648\u0646 \u0623\u0633\u06cc\u062f\u0648\u0646 (\u0641\u064a\u062f\u064a\u0648)<\/a><\/td>\n<\/tr>\n<tr style=\"height: 24px;\">\n<td style=\"padding: 10px; height: 24px;\">Safircom<\/td>\n<td style=\"padding: 10px; height: 24px;\"><a href=\"https:\/\/www.youtube.com\/watch?v=BIOS2mo2718\" target=\"_blank\" rel=\"noopener\">\u062a\u0631\u0627\u0646\u0633\u0628\u0631\u0627\u0646\u0633\u064a \u062a\u0643\u0631\u0645 \u0627\u0644\u0631\u0627\u062d\u0644 \u0633\u06cc\u0648\u0646 \u0623\u0633\u06cc\u062f\u0648\u0646 \u0648\u0634\u0647\u0627\u062f\u0627\u062a \u0645\u0624\u062b\u0631\u0629 (\u0641\u064a\u062f\u064a\u0648)<\/a><\/td>\n<\/tr>\n<tr style=\"height: 24px;\">\n<td style=\"padding: 10px; height: 24px;\">lebouclage<\/td>\n<td style=\"padding: 10px; height: 24px;\"><a href=\"https:\/\/lebouclage.com\/%D8%AA%D8%B1%D8%A7%D9%86%D8%B3%D8%A8%D8%B1%D8%A7%D9%86%D8%B3%D9%8A-%D8%A7%D9%84%D9%85%D8%BA%D8%B1%D8%A8-%D8%AA%D9%83%D8%B1%D9%91%D9%85-%D8%A7%D9%84%D9%85%D9%86%D8%A7%D8%B6%D9%84-%D8%A7%D9%84%D8%AD\/\" target=\"_blank\" rel=\"noopener\">\u062a\u0631\u0627\u0646\u0633\u0628\u0631\u0627\u0646\u0633\u064a \u0627\u0644\u0645\u063a\u0631\u0628 \u062a\u0643\u0631\u0651\u0645 \u0627\u0644\u0645\u0646\u0627\u0636\u0644 \u0627\u0644\u062d\u0642\u0648\u0642\u064a \u0633\u06cc\u0648\u0646 \u0623\u0633\u06cc\u062f\u0648\u0646<\/a><\/td>\n<\/tr>\n<tr style=\"height: 24px;\">\n<td style=\"padding: 10px; height: 24px;\">2lakome<\/td>\n<td style=\"padding: 10px; height: 24px;\"><a href=\"https:\/\/lakome2.com\/404742\/\" target=\"_blank\" rel=\"noopener\">\u062a\u0631\u0627\u0646\u0633\u0628\u0631\u0627\u0646\u0633\u064a \u0627\u0644\u0645\u063a\u0631\u0628 \u062a\u0637\u0627\u0644\u0628 \u0628\u062a\u062d\u0642\u064a\u0642 \u0623\u0639\u0645\u0642 \u0641\u064a \u0648\u0641\u0627\u0629 \u0633\u06cc\u0648\u0646 \u0623\u0633\u06cc\u062f\u0648\u0646<\/a><\/td>\n<\/tr>\n<tr style=\"height: 24px;\">\n<td style=\"padding: 10px; height: 24px;\">alyaoum24<\/td>\n<td style=\"padding: 10px; height: 24px;\"><a href=\"https:\/\/alyaoum24.com\/2001834.html\" target=\"_blank\" rel=\"noopener\">\u0631\u062d\u06cc\u0644 \u0633\u06cc\u0648\u0646 \u0623\u0633\u06cc\u062f\u0648\u0646 \u0623\u0628\u0631\u0632 \u0648\u062c\u0648\u0647 \u0645\u0643\u0627\u0641\u062d\u0629 \u0627\u0644\u062a\u0637\u0628\u06cc\u0639<\/a><\/td>\n<\/tr>\n<\/tbody>\n<\/table>\n<p>[\/vc_column_text][\/vc_column][\/vc_row]<\/p>\n<\/div>","protected":false},"excerpt":{"rendered":"<p>[vc_row][vc_column][vc_column_text css=&#8221;&#8221;] Morocco World News Transparency Maroc Flags Implementation Gaps in Post-Earthquake Reconstruction LE NEW S\u00e9isme [&hellip;]<\/p>\n","protected":false},"author":12,"featured_media":0,"parent":0,"menu_order":0,"comment_status":"closed","ping_status":"closed","template":"","meta":{"_acf_changed":false,"footnotes":""},"class_list":["post-9864","page","type-page","status-publish","hentry"],"acf":[],"yoast_head":"<!-- This site is optimized with the Yoast SEO plugin v27.4 - https:\/\/yoast.com\/product\/yoast-seo-wordpress\/ -->\n<title>2026 - Transparency Maroc<\/title>\n<meta name=\"robots\" content=\"index, follow, max-snippet:-1, max-image-preview:large, max-video-preview:-1\" \/>\n<link rel=\"canonical\" href=\"https:\/\/transparencymaroc.ma\/en\/press2026\/\" \/>\n<meta property=\"og:locale\" content=\"en_US\" \/>\n<meta property=\"og:type\" content=\"article\" \/>\n<meta property=\"og:title\" content=\"2026 - Transparency Maroc\" \/>\n<meta property=\"og:description\" content=\"[vc_row][vc_column][vc_column_text css=&#8221;&#8221;] Morocco World News Transparency Maroc Flags Implementation Gaps in Post-Earthquake Reconstruction LE NEW S\u00e9isme [&hellip;]\" \/>\n<meta property=\"og:url\" content=\"https:\/\/transparencymaroc.ma\/en\/press2026\/\" \/>\n<meta property=\"og:site_name\" content=\"Transparency Maroc\" \/>\n<meta property=\"article:publisher\" content=\"https:\/\/www.facebook.com\/TransparencyMarocOfficiel\/\" \/>\n<meta property=\"article:modified_time\" content=\"2026-03-31T11:53:04+00:00\" \/>\n<meta name=\"twitter:card\" content=\"summary_large_image\" \/>\n<meta name=\"twitter:site\" content=\"@TMarocOfficiel\" \/>\n<meta name=\"twitter:label1\" content=\"Est. reading time\" \/>\n\t<meta name=\"twitter:data1\" content=\"2 minutes\" \/>\n<script type=\"application\/ld+json\" class=\"yoast-schema-graph\">{\"@context\":\"https:\\\/\\\/schema.org\",\"@graph\":[{\"@type\":\"WebPage\",\"@id\":\"https:\\\/\\\/transparencymaroc.ma\\\/en\\\/press2026\\\/\",\"url\":\"https:\\\/\\\/transparencymaroc.ma\\\/en\\\/press2026\\\/\",\"name\":\"2026 - Transparency Maroc\",\"isPartOf\":{\"@id\":\"https:\\\/\\\/transparencymaroc.ma\\\/#website\"},\"datePublished\":\"2026-03-31T11:52:49+00:00\",\"dateModified\":\"2026-03-31T11:53:04+00:00\",\"breadcrumb\":{\"@id\":\"https:\\\/\\\/transparencymaroc.ma\\\/en\\\/press2026\\\/#breadcrumb\"},\"inLanguage\":\"en-US\",\"potentialAction\":[{\"@type\":\"ReadAction\",\"target\":[\"https:\\\/\\\/transparencymaroc.ma\\\/en\\\/press2026\\\/\"]}]},{\"@type\":\"BreadcrumbList\",\"@id\":\"https:\\\/\\\/transparencymaroc.ma\\\/en\\\/press2026\\\/#breadcrumb\",\"itemListElement\":[{\"@type\":\"ListItem\",\"position\":1,\"name\":\"Accueil\",\"item\":\"https:\\\/\\\/transparencymaroc.ma\\\/en\\\/\"},{\"@type\":\"ListItem\",\"position\":2,\"name\":\"2026\"}]},{\"@type\":\"WebSite\",\"@id\":\"https:\\\/\\\/transparencymaroc.ma\\\/#website\",\"url\":\"https:\\\/\\\/transparencymaroc.ma\\\/\",\"name\":\"Transparency Maroc\",\"description\":\"Association de lutte contre la corruption au Maroc\",\"publisher\":{\"@id\":\"https:\\\/\\\/transparencymaroc.ma\\\/#organization\"},\"potentialAction\":[{\"@type\":\"SearchAction\",\"target\":{\"@type\":\"EntryPoint\",\"urlTemplate\":\"https:\\\/\\\/transparencymaroc.ma\\\/?s={search_term_string}\"},\"query-input\":{\"@type\":\"PropertyValueSpecification\",\"valueRequired\":true,\"valueName\":\"search_term_string\"}}],\"inLanguage\":\"en-US\"},{\"@type\":\"Organization\",\"@id\":\"https:\\\/\\\/transparencymaroc.ma\\\/#organization\",\"name\":\"Transparency Maroc\",\"url\":\"https:\\\/\\\/transparencymaroc.ma\\\/\",\"logo\":{\"@type\":\"ImageObject\",\"inLanguage\":\"en-US\",\"@id\":\"https:\\\/\\\/transparencymaroc.ma\\\/#\\\/schema\\\/logo\\\/image\\\/\",\"url\":\"https:\\\/\\\/transparencymaroc.ma\\\/wp-content\\\/uploads\\\/2020\\\/01\\\/LogoTMar.svg\",\"contentUrl\":\"https:\\\/\\\/transparencymaroc.ma\\\/wp-content\\\/uploads\\\/2020\\\/01\\\/LogoTMar.svg\",\"width\":491,\"height\":130,\"caption\":\"Transparency Maroc\"},\"image\":{\"@id\":\"https:\\\/\\\/transparencymaroc.ma\\\/#\\\/schema\\\/logo\\\/image\\\/\"},\"sameAs\":[\"https:\\\/\\\/www.facebook.com\\\/TransparencyMarocOfficiel\\\/\",\"https:\\\/\\\/x.com\\\/TMarocOfficiel\"]}]}<\/script>\n<!-- \/ Yoast SEO plugin. -->","yoast_head_json":{"title":"2026 - Transparency Maroc","robots":{"index":"index","follow":"follow","max-snippet":"max-snippet:-1","max-image-preview":"max-image-preview:large","max-video-preview":"max-video-preview:-1"},"canonical":"https:\/\/transparencymaroc.ma\/en\/press2026\/","og_locale":"en_US","og_type":"article","og_title":"2026 - Transparency Maroc","og_description":"[vc_row][vc_column][vc_column_text css=&#8221;&#8221;] Morocco World News Transparency Maroc Flags Implementation Gaps in Post-Earthquake Reconstruction LE NEW S\u00e9isme [&hellip;]","og_url":"https:\/\/transparencymaroc.ma\/en\/press2026\/","og_site_name":"Transparency Maroc","article_publisher":"https:\/\/www.facebook.com\/TransparencyMarocOfficiel\/","article_modified_time":"2026-03-31T11:53:04+00:00","twitter_card":"summary_large_image","twitter_site":"@TMarocOfficiel","twitter_misc":{"Est. reading time":"2 minutes"},"schema":{"@context":"https:\/\/schema.org","@graph":[{"@type":"WebPage","@id":"https:\/\/transparencymaroc.ma\/en\/press2026\/","url":"https:\/\/transparencymaroc.ma\/en\/press2026\/","name":"2026 - Transparency Maroc","isPartOf":{"@id":"https:\/\/transparencymaroc.ma\/#website"},"datePublished":"2026-03-31T11:52:49+00:00","dateModified":"2026-03-31T11:53:04+00:00","breadcrumb":{"@id":"https:\/\/transparencymaroc.ma\/en\/press2026\/#breadcrumb"},"inLanguage":"en-US","potentialAction":[{"@type":"ReadAction","target":["https:\/\/transparencymaroc.ma\/en\/press2026\/"]}]},{"@type":"BreadcrumbList","@id":"https:\/\/transparencymaroc.ma\/en\/press2026\/#breadcrumb","itemListElement":[{"@type":"ListItem","position":1,"name":"Accueil","item":"https:\/\/transparencymaroc.ma\/en\/"},{"@type":"ListItem","position":2,"name":"2026"}]},{"@type":"WebSite","@id":"https:\/\/transparencymaroc.ma\/#website","url":"https:\/\/transparencymaroc.ma\/","name":"Transparency Maroc","description":"Association de lutte contre la corruption au Maroc","publisher":{"@id":"https:\/\/transparencymaroc.ma\/#organization"},"potentialAction":[{"@type":"SearchAction","target":{"@type":"EntryPoint","urlTemplate":"https:\/\/transparencymaroc.ma\/?s={search_term_string}"},"query-input":{"@type":"PropertyValueSpecification","valueRequired":true,"valueName":"search_term_string"}}],"inLanguage":"en-US"},{"@type":"Organization","@id":"https:\/\/transparencymaroc.ma\/#organization","name":"Transparency Maroc","url":"https:\/\/transparencymaroc.ma\/","logo":{"@type":"ImageObject","inLanguage":"en-US","@id":"https:\/\/transparencymaroc.ma\/#\/schema\/logo\/image\/","url":"https:\/\/transparencymaroc.ma\/wp-content\/uploads\/2020\/01\/LogoTMar.svg","contentUrl":"https:\/\/transparencymaroc.ma\/wp-content\/uploads\/2020\/01\/LogoTMar.svg","width":491,"height":130,"caption":"Transparency Maroc"},"image":{"@id":"https:\/\/transparencymaroc.ma\/#\/schema\/logo\/image\/"},"sameAs":["https:\/\/www.facebook.com\/TransparencyMarocOfficiel\/","https:\/\/x.com\/TMarocOfficiel"]}]}},"_links":{"self":[{"href":"https:\/\/transparencymaroc.ma\/en\/wp-json\/wp\/v2\/pages\/9864","targetHints":{"allow":["GET"]}}],"collection":[{"href":"https:\/\/transparencymaroc.ma\/en\/wp-json\/wp\/v2\/pages"}],"about":[{"href":"https:\/\/transparencymaroc.ma\/en\/wp-json\/wp\/v2\/types\/page"}],"author":[{"embeddable":true,"href":"https:\/\/transparencymaroc.ma\/en\/wp-json\/wp\/v2\/users\/12"}],"replies":[{"embeddable":true,"href":"https:\/\/transparencymaroc.ma\/en\/wp-json\/wp\/v2\/comments?post=9864"}],"version-history":[{"count":4,"href":"https:\/\/transparencymaroc.ma\/en\/wp-json\/wp\/v2\/pages\/9864\/revisions"}],"predecessor-version":[{"id":9885,"href":"https:\/\/transparencymaroc.ma\/en\/wp-json\/wp\/v2\/pages\/9864\/revisions\/9885"}],"wp:attachment":[{"href":"https:\/\/transparencymaroc.ma\/en\/wp-json\/wp\/v2\/media?parent=9864"}],"curies":[{"name":"wp","href":"https:\/\/api.w.org\/{rel}","templated":true}]}}