{"id":9778,"date":"2019-12-20T18:08:20","date_gmt":"2019-12-20T17:08:20","guid":{"rendered":"https:\/\/transparencymaroc.ma\/charte\/"},"modified":"2026-03-24T10:42:33","modified_gmt":"2026-03-24T09:42:33","slug":"charte","status":"publish","type":"page","link":"https:\/\/transparencymaroc.ma\/en\/charte\/","title":{"rendered":"Charter"},"content":{"rendered":"<div class=\"wpb-content-wrapper\"><p>[vc_row css=&#8221;.vc_custom_1561113054520{padding-top: 30px !important;padding-bottom: 30px !important;}&#8221;][vc_column][vc_column_text]<\/p>\n<p style=\"text-align: justify;\"><strong>Nous, groupement de citoyens r\u00e9unis en assembl\u00e9e ce jour du 6 janvier 1996 \u00e1 Casablanca, avons d\u00e9cid\u00e9 de nous constituer en association marocaine de lutte contre la corruption. Dans ce cadre, nous avons adopt\u00e9 la pr\u00e9sente charte.<\/strong><\/p>\n<p style=\"text-align: justify;\">La corruption est cette pratique intol\u00e9rable qui r\u00e9sulte d&#8217;un abus de pouvoir politique, judiciaire, administratif ou \u00e9conomique, et de son d\u00e9tournement au profit d&#8217;int\u00e9r\u00eats priv\u00e9s. Elle consiste g\u00e9n\u00e9ralement en l&#8217;exigence d&#8217;une r\u00e9mun\u00e9ration illicite en \u00e9change de l&#8217;octroi d&#8217;un avantage, lequel avantage peut-\u00eatre un passe-droit ou un droit l\u00e9gitime mais confisqu\u00e9, rendu inaccessible.<\/p>\n<p style=\"text-align: justify;\">Ce ph\u00e9nom\u00e8ne s&#8217;est \u00e9tendu dans tous les pays, sous toutes les latitudes et a pris dans notre pays des proportions alarmantes. R\u00e9agir rel\u00e8ve de l&#8217;urgence ! Lorsqu&#8217;on en arrive au point o\u00f9 m\u00eame pour nos enfants la chose appara\u00eet comme &#8220;naturelle&#8221;, alors la gravit\u00e9 de la situation ne fait pas de doute. Nous refusons une telle banalisation ! La corruption se manifeste de plusieurs fa\u00e7ons, elle est multiforme. Mais malgr\u00e9 la diversit\u00e9 de ses manifestations, elle peut n\u00e9anmoins \u00eatre appr\u00e9hend\u00e9e suivant deux formes principales. La premi\u00e8re forme de corruption, la plus r\u00e9pandue, s&#8217;\u00e9tale presque au grand jour. C&#8217;est celle contre laquelle bute quotidiennement le citoyen dans ses rapports avec l&#8217;administration. Les plus d\u00e9munis en souffrent tout particuli\u00e8rement. Ceux qui m\u00e9connaissent leurs droits sont plus vuln\u00e9rables. Cette forme courante de la corruption est une atteinte \u00e1 la dignit\u00e9 et une violation des droits humains, en particulier les droits \u00e9conomiques et sociaux. Difficult\u00e9 de recours, laxisme de l&#8217;autorit\u00e9 publique, absence de garanties de droit ont permis \u00e1 cette forme pernicieuse de se banaliser. La seconde forme de la corruption est celle qui touche des pans entiers de l&#8217;\u00e9conomie. Elle gangr\u00e8ne, elle pollue les transactions commerciales et financi\u00e8res, nationales et internationales, publiques et priv\u00e9es. C&#8217;est celle engendr\u00e9e par la d\u00e9loyaut\u00e9 de certains d\u00e9tenteurs de pouvoir \u00e9conomique. Elle \u00e9volue \u00e1 l&#8217;abri de proc\u00e9dures bureaucratiques complexes et se n\u00e9gocie clandestinement, pots-de-vin contre avantages octroy\u00e9s.<\/p>\n<p style=\"text-align: justify;\">Violation manifeste des r\u00e8gles proclam\u00e9es du jeu \u00e9conomique, elle est un moyen ill\u00e9gitime d&#8217;enrichissement et d&#8217;accaparement des leviers \u00e9conomiques. Par ses m\u00e9faits, augmentation des co\u00fbts, m\u00e9sallocation des ressources et alt\u00e9ration de la visibilit\u00e9 \u00e9conomique, la corruption entrave le d\u00e9veloppement. L&#8217;absence ou l&#8217;inapplication de r\u00e9glementations, la v\u00e9nalit\u00e9 de certains repr\u00e9sentants du pou-voir judiciaire, des complicit\u00e9s politiques encouragent ces pratiques qui ont tendance \u00e1 devenir la r\u00e8gle. Multiforme, la corruption est un mal qui s&#8217;oppose directe-ment \u00e1 une aspiration l\u00e9gitime, la d\u00e9mocratie au quotidien, la d\u00e9mocratie v\u00e9cue dans le respect des droits de l&#8217;individu et de sa dignit\u00e9, qui s&#8217;appuie sur un d\u00e9veloppement \u00e9conomique et social harmonieux, \u00e9quitable dans la r\u00e9partition de ses fruits.<\/p>\n<p style=\"text-align: justify;\">Pour les raisons qui pr\u00e9c\u00e8dent et, dans l&#8217;objectif de participer \u00e1 la protection du citoyen, \u00e1 la promotion d&#8217;une \u00e9thique de d\u00e9mocratie et de d\u00e9veloppement dans notre pays, \u00e1 l&#8217;\u00e9tablissement d&#8217;une plus grande \u00e9quit\u00e9 tant au plan national qu&#8217;international, nous d\u00e9cidons de joindre nos volont\u00e9s et nos efforts pour agir contre la corruption qui ne cesse de se d\u00e9velopper dans notre pays.<\/p>\n<p style=\"text-align: justify;\">Et ainsi d\u00e9cidons :<\/p>\n<ul style=\"text-align: justify;\">\n<li>d&#8217;adh\u00e9rer aux principes contenus dans la charte de Transparency International, organisation inter-nationale s&#8217;est donn\u00e9e comme objectif de lutter contre la corruption \u00e1 travers le monde<\/li>\n<li>de fonder, dans le cadre du Dahir de 1958, une association marocaine d\u00e9nomm\u00e9e Transparency Maroc &#8211; Association marocaine de lutte contre la corruption dont l&#8217;objet est de lutter contre la corruption sous toutes ses formes<\/li>\n<li>de faire appel \u00e1 toutes les bonnes volont\u00e9s qui souhaitent entreprendre des actions contre la corruption et de les inviter \u00e1 nous rejoindre ou \u00e1 trouver avec nous les formes ad\u00e9quates d&#8217;actions concert\u00e9es.<\/li>\n<\/ul>\n<p style=\"text-align: justify;\">Afin d&#8217;agir efficacement, sans pour autant se substituer aux instances publiques charg\u00e9es de poursuivre les parties impliqu\u00e9es dans des actes de corruption, nous ins\u00e9rons notre action dans le cadre d&#8217;une strat\u00e9gie bas\u00e9e sur les axes suivants :<\/p>\n<ul style=\"text-align: justify;\">\n<li>informer l&#8217;opinion publique sur les diverses manifestations de la corruption et la sensibiliser quant \u00e1 ses cons\u00e9quences d\u00e9sastreuses et ce \u00e1 travers l&#8217;organisation de rencontres, de r\u00e9unions publiques, de d\u00e9bats, de s\u00e9minaires, d&#8217;\u00e9tudes, etc. ainsi que par la collecte et la diffusion d&#8217;informations, de rapports et de statistiques \u00e1 ce sujet, I&#8217;objectif \u00e9tant de combattre la passivit\u00e9 face \u00e1 cette calamit\u00e9. Des actions particuli\u00e8res seront men\u00e9es au-pr\u00e8s des \u00e9ducateurs &#8211; parents, enseignants, etc&#8230;<\/li>\n<\/ul>\n<p style=\"text-align: justify;\">pour :<\/p>\n<ul>\n<li style=\"text-align: justify;\">Participer \u00e1 la sensibilisation des jeunes g\u00e9n\u00e9rations au refus de la banalisation de ce ph\u00e9nom\u00e8ne<\/li>\n<li style=\"text-align: justify;\">Analyser les m\u00e9canismes qui favorisent les pratiques de corruption et \u00e9tudier les moyens l\u00e9gaux de les enrayer.<\/li>\n<li style=\"text-align: justify;\">Examiner les moyens l\u00e9gaux et r\u00e9glementaires existants et travailler \u00e1 leur mise en \u0153uvre effective et efficace.<\/li>\n<li style=\"text-align: justify;\">D\u00e9celer les faiblesses \u00e9ventuelles des dispositions l\u00e9gales et proposer aux instances comp\u00e9tentes les am\u00e9liorations qui s&#8217;imposent.<\/li>\n<li style=\"text-align: justify;\">Aider les entreprises ainsi que les organismes impliqu\u00e9s dans le d\u00e9veloppement \u00e9conomique et social qui souhaitent s&#8217;engager dans l&#8217;\u00e9radication de la corruption en les faisant profiter de l&#8217;exp\u00e9rience accumul\u00e9e ailleurs.<\/li>\n<li style=\"text-align: justify;\">Apporter \u00e1 ceux-ci expertise et assistance dans l&#8217;application de R\u00e8gles de Conduite conformes \u00e1 la transparence.<\/li>\n<li style=\"text-align: justify;\">Encourager ainsi l&#8217;\u00e9mergence d&#8217;espaces lib\u00e9r\u00e9s du fl\u00e9au de la corruption, des \u00eelots de transparence.<\/li>\n<\/ul>\n<p>[\/vc_column_text][\/vc_column][\/vc_row]<\/p>\n<\/div>","protected":false},"excerpt":{"rendered":"<p>[vc_row css=&#8221;.vc_custom_1561113054520{padding-top: 30px !important;padding-bottom: 30px !important;}&#8221;][vc_column][vc_column_text] Nous, groupement de citoyens r\u00e9unis en assembl\u00e9e ce jour du [&hellip;]<\/p>\n","protected":false},"author":8,"featured_media":0,"parent":0,"menu_order":0,"comment_status":"closed","ping_status":"closed","template":"","meta":{"_acf_changed":false,"footnotes":""},"class_list":["post-9778","page","type-page","status-publish","hentry"],"acf":[],"yoast_head":"<!-- This site is optimized with the Yoast SEO plugin v27.3 - https:\/\/yoast.com\/product\/yoast-seo-wordpress\/ -->\n<title>Charter - Transparency Maroc<\/title>\n<meta name=\"robots\" content=\"index, follow, max-snippet:-1, max-image-preview:large, max-video-preview:-1\" \/>\n<link rel=\"canonical\" href=\"https:\/\/transparencymaroc.ma\/en\/charte\/\" \/>\n<meta property=\"og:locale\" content=\"en_US\" \/>\n<meta property=\"og:type\" content=\"article\" \/>\n<meta property=\"og:title\" content=\"Charter - Transparency Maroc\" \/>\n<meta property=\"og:description\" content=\"[vc_row css=&#8221;.vc_custom_1561113054520{padding-top: 30px !important;padding-bottom: 30px !important;}&#8221;][vc_column][vc_column_text] Nous, groupement de citoyens r\u00e9unis en assembl\u00e9e ce jour du [&hellip;]\" \/>\n<meta property=\"og:url\" content=\"https:\/\/transparencymaroc.ma\/en\/charte\/\" \/>\n<meta property=\"og:site_name\" content=\"Transparency Maroc\" \/>\n<meta property=\"article:publisher\" content=\"https:\/\/www.facebook.com\/TransparencyMarocOfficiel\/\" \/>\n<meta property=\"article:modified_time\" content=\"2026-03-24T09:42:33+00:00\" \/>\n<meta name=\"twitter:card\" content=\"summary_large_image\" \/>\n<meta name=\"twitter:site\" content=\"@TMarocOfficiel\" \/>\n<meta name=\"twitter:label1\" content=\"Est. reading time\" \/>\n\t<meta name=\"twitter:data1\" content=\"5 minutes\" \/>\n<script type=\"application\/ld+json\" class=\"yoast-schema-graph\">{\"@context\":\"https:\\\/\\\/schema.org\",\"@graph\":[{\"@type\":\"WebPage\",\"@id\":\"https:\\\/\\\/transparencymaroc.ma\\\/en\\\/charte\\\/\",\"url\":\"https:\\\/\\\/transparencymaroc.ma\\\/en\\\/charte\\\/\",\"name\":\"Charter - Transparency Maroc\",\"isPartOf\":{\"@id\":\"https:\\\/\\\/transparencymaroc.ma\\\/#website\"},\"datePublished\":\"2019-12-20T17:08:20+00:00\",\"dateModified\":\"2026-03-24T09:42:33+00:00\",\"breadcrumb\":{\"@id\":\"https:\\\/\\\/transparencymaroc.ma\\\/en\\\/charte\\\/#breadcrumb\"},\"inLanguage\":\"en-US\",\"potentialAction\":[{\"@type\":\"ReadAction\",\"target\":[\"https:\\\/\\\/transparencymaroc.ma\\\/en\\\/charte\\\/\"]}]},{\"@type\":\"BreadcrumbList\",\"@id\":\"https:\\\/\\\/transparencymaroc.ma\\\/en\\\/charte\\\/#breadcrumb\",\"itemListElement\":[{\"@type\":\"ListItem\",\"position\":1,\"name\":\"Accueil\",\"item\":\"https:\\\/\\\/transparencymaroc.ma\\\/en\\\/\"},{\"@type\":\"ListItem\",\"position\":2,\"name\":\"Charter\"}]},{\"@type\":\"WebSite\",\"@id\":\"https:\\\/\\\/transparencymaroc.ma\\\/#website\",\"url\":\"https:\\\/\\\/transparencymaroc.ma\\\/\",\"name\":\"Transparency Maroc\",\"description\":\"Association de lutte contre la corruption au Maroc\",\"publisher\":{\"@id\":\"https:\\\/\\\/transparencymaroc.ma\\\/#organization\"},\"potentialAction\":[{\"@type\":\"SearchAction\",\"target\":{\"@type\":\"EntryPoint\",\"urlTemplate\":\"https:\\\/\\\/transparencymaroc.ma\\\/?s={search_term_string}\"},\"query-input\":{\"@type\":\"PropertyValueSpecification\",\"valueRequired\":true,\"valueName\":\"search_term_string\"}}],\"inLanguage\":\"en-US\"},{\"@type\":\"Organization\",\"@id\":\"https:\\\/\\\/transparencymaroc.ma\\\/#organization\",\"name\":\"Transparency Maroc\",\"url\":\"https:\\\/\\\/transparencymaroc.ma\\\/\",\"logo\":{\"@type\":\"ImageObject\",\"inLanguage\":\"en-US\",\"@id\":\"https:\\\/\\\/transparencymaroc.ma\\\/#\\\/schema\\\/logo\\\/image\\\/\",\"url\":\"https:\\\/\\\/transparencymaroc.ma\\\/wp-content\\\/uploads\\\/2020\\\/01\\\/LogoTMar.svg\",\"contentUrl\":\"https:\\\/\\\/transparencymaroc.ma\\\/wp-content\\\/uploads\\\/2020\\\/01\\\/LogoTMar.svg\",\"width\":491,\"height\":130,\"caption\":\"Transparency Maroc\"},\"image\":{\"@id\":\"https:\\\/\\\/transparencymaroc.ma\\\/#\\\/schema\\\/logo\\\/image\\\/\"},\"sameAs\":[\"https:\\\/\\\/www.facebook.com\\\/TransparencyMarocOfficiel\\\/\",\"https:\\\/\\\/x.com\\\/TMarocOfficiel\"]}]}<\/script>\n<!-- \/ Yoast SEO plugin. -->","yoast_head_json":{"title":"Charter - Transparency Maroc","robots":{"index":"index","follow":"follow","max-snippet":"max-snippet:-1","max-image-preview":"max-image-preview:large","max-video-preview":"max-video-preview:-1"},"canonical":"https:\/\/transparencymaroc.ma\/en\/charte\/","og_locale":"en_US","og_type":"article","og_title":"Charter - Transparency Maroc","og_description":"[vc_row css=&#8221;.vc_custom_1561113054520{padding-top: 30px !important;padding-bottom: 30px !important;}&#8221;][vc_column][vc_column_text] Nous, groupement de citoyens r\u00e9unis en assembl\u00e9e ce jour du [&hellip;]","og_url":"https:\/\/transparencymaroc.ma\/en\/charte\/","og_site_name":"Transparency Maroc","article_publisher":"https:\/\/www.facebook.com\/TransparencyMarocOfficiel\/","article_modified_time":"2026-03-24T09:42:33+00:00","twitter_card":"summary_large_image","twitter_site":"@TMarocOfficiel","twitter_misc":{"Est. reading time":"5 minutes"},"schema":{"@context":"https:\/\/schema.org","@graph":[{"@type":"WebPage","@id":"https:\/\/transparencymaroc.ma\/en\/charte\/","url":"https:\/\/transparencymaroc.ma\/en\/charte\/","name":"Charter - Transparency Maroc","isPartOf":{"@id":"https:\/\/transparencymaroc.ma\/#website"},"datePublished":"2019-12-20T17:08:20+00:00","dateModified":"2026-03-24T09:42:33+00:00","breadcrumb":{"@id":"https:\/\/transparencymaroc.ma\/en\/charte\/#breadcrumb"},"inLanguage":"en-US","potentialAction":[{"@type":"ReadAction","target":["https:\/\/transparencymaroc.ma\/en\/charte\/"]}]},{"@type":"BreadcrumbList","@id":"https:\/\/transparencymaroc.ma\/en\/charte\/#breadcrumb","itemListElement":[{"@type":"ListItem","position":1,"name":"Accueil","item":"https:\/\/transparencymaroc.ma\/en\/"},{"@type":"ListItem","position":2,"name":"Charter"}]},{"@type":"WebSite","@id":"https:\/\/transparencymaroc.ma\/#website","url":"https:\/\/transparencymaroc.ma\/","name":"Transparency Maroc","description":"Association de lutte contre la corruption au Maroc","publisher":{"@id":"https:\/\/transparencymaroc.ma\/#organization"},"potentialAction":[{"@type":"SearchAction","target":{"@type":"EntryPoint","urlTemplate":"https:\/\/transparencymaroc.ma\/?s={search_term_string}"},"query-input":{"@type":"PropertyValueSpecification","valueRequired":true,"valueName":"search_term_string"}}],"inLanguage":"en-US"},{"@type":"Organization","@id":"https:\/\/transparencymaroc.ma\/#organization","name":"Transparency Maroc","url":"https:\/\/transparencymaroc.ma\/","logo":{"@type":"ImageObject","inLanguage":"en-US","@id":"https:\/\/transparencymaroc.ma\/#\/schema\/logo\/image\/","url":"https:\/\/transparencymaroc.ma\/wp-content\/uploads\/2020\/01\/LogoTMar.svg","contentUrl":"https:\/\/transparencymaroc.ma\/wp-content\/uploads\/2020\/01\/LogoTMar.svg","width":491,"height":130,"caption":"Transparency Maroc"},"image":{"@id":"https:\/\/transparencymaroc.ma\/#\/schema\/logo\/image\/"},"sameAs":["https:\/\/www.facebook.com\/TransparencyMarocOfficiel\/","https:\/\/x.com\/TMarocOfficiel"]}]}},"_links":{"self":[{"href":"https:\/\/transparencymaroc.ma\/en\/wp-json\/wp\/v2\/pages\/9778","targetHints":{"allow":["GET"]}}],"collection":[{"href":"https:\/\/transparencymaroc.ma\/en\/wp-json\/wp\/v2\/pages"}],"about":[{"href":"https:\/\/transparencymaroc.ma\/en\/wp-json\/wp\/v2\/types\/page"}],"author":[{"embeddable":true,"href":"https:\/\/transparencymaroc.ma\/en\/wp-json\/wp\/v2\/users\/8"}],"replies":[{"embeddable":true,"href":"https:\/\/transparencymaroc.ma\/en\/wp-json\/wp\/v2\/comments?post=9778"}],"version-history":[{"count":1,"href":"https:\/\/transparencymaroc.ma\/en\/wp-json\/wp\/v2\/pages\/9778\/revisions"}],"predecessor-version":[{"id":9780,"href":"https:\/\/transparencymaroc.ma\/en\/wp-json\/wp\/v2\/pages\/9778\/revisions\/9780"}],"wp:attachment":[{"href":"https:\/\/transparencymaroc.ma\/en\/wp-json\/wp\/v2\/media?parent=9778"}],"curies":[{"name":"wp","href":"https:\/\/api.w.org\/{rel}","templated":true}]}}