{"id":9754,"date":"2019-12-20T18:44:00","date_gmt":"2019-12-20T17:44:00","guid":{"rendered":"https:\/\/transparencymaroc.ma\/code-de-conduite\/"},"modified":"2026-03-24T10:20:01","modified_gmt":"2026-03-24T09:20:01","slug":"code-de-conduite","status":"publish","type":"page","link":"https:\/\/transparencymaroc.ma\/en\/code-de-conduite\/","title":{"rendered":"Code of Conduct"},"content":{"rendered":"<div class=\"wpb-content-wrapper\"><p>[vc_row css=&#8221;.vc_custom_1561113054520{padding-top: 30px !important;padding-bottom: 30px !important;}&#8221;][vc_column][vc_custom_heading text=&#8221;Introduction&#8221; font_container=&#8221;tag:h2|font_size:17|text_align:left|color:%233f88c5|line_height:17&#8243; use_theme_fonts=&#8221;yes&#8221; el_class=&#8221;mytitle2&#8243;][vc_column_text]&nbsp;<\/p>\n<p><span style=\"color: black;\">La corruption est cette pratique intol\u00e9rable qui r\u00e9sulte d&#8217;un abus de pouvoir politique, judiciaire, administratif ou \u00e9conomique, et de son d\u00e9tournement au profit d&#8217;int\u00e9r\u00eats priv\u00e9s. Elle consiste g\u00e9n\u00e9ralement en l&#8217;exigence d&#8217;une r\u00e9mun\u00e9ration illicite en \u00e9change de l&#8217;octroi d&#8217;un avantage, lequel avantage peut-\u00eatre un passe-droit ou un droit l\u00e9gitime mais confisqu\u00e9, rendu inaccessible. <o:p><\/o:p><\/span><\/p>\n<p style=\"margin: 0cm; margin-bottom: .0001pt;\"><span class=\"arial11noir\"><span style=\"color: black;\">TM a pour objet principal de pr\u00e9venir et de combattre la corruption dans les relations publiques et priv\u00e9es tant au niveau international que national<o:p><\/o:p><\/span><\/span><\/p>\n<p style=\"margin: 0cm; margin-bottom: .0001pt;\"><span class=\"arial11noir\"><span style=\"color: black;\">A ce titre, comme il est indiqu\u00e9 dans ses statuts, elle fait siens les principes \u00e9nonc\u00e9s dans <st1:personname productid=\"la Charte\" w:st=\"on\">la Charte<\/st1:personname> de Transparency International et se donne pour mission de la mettre en \u0153uvre \u00e0 travers l\u2019ensemble de ses activit\u00e9s.<o:p><\/o:p><\/span><\/span><\/p>\n<p>[\/vc_column_text][vc_custom_heading text=&#8221;Transparency Maroc \u0153uvre en particulier pour&#8221; font_container=&#8221;tag:h2|font_size:17|text_align:left|color:%233f88c5|line_height:17&#8243; use_theme_fonts=&#8221;yes&#8221; el_class=&#8221;mytitle2&#8243;]<div class=\"ult-spacer spacer-69de9411956db\" data-id=\"69de9411956db\" data-height=\"20\" data-height-mobile=\"20\" data-height-tab=\"20\" data-height-tab-portrait=\"\" data-height-mobile-landscape=\"\" style=\"clear:both;display:block;\"><\/div>[vc_column_text]<\/p>\n<ul>\n<li><span> <\/span><span>Approfondir la connaissance du ph\u00e9nom\u00e8ne de la corruption en \u00e9tudiant notamment ses causes, ses proc\u00e9d\u00e9s, ses manifestations et ses multiples r\u00e9percussions <\/span><\/li>\n<li><span> <\/span><span>Constituer une documentation sur la question qui soit largement ouverte sur l\u2019information et sur les \u00e9tudes accumul\u00e9es dans d\u2019autres pays ;<\/span><\/li>\n<li><span> <\/span><span>Impliquer les milieux professionnel, politique et d\u2019autres groupements cibles dans une mobilisation constante contre la corruption ;<\/span><\/li>\n<li><span> <\/span><span>Proposer des mesures institutionnelles et juridiques susceptibles d\u2019am\u00e9liorer la transparence dans les transactions et les relations publiques et de renforcer la pr\u00e9vention et le traitement des actes de corruption ;<\/span><\/li>\n<li><span> <\/span><span>D\u00e9ployer un travail de communication efficace destin\u00e9 \u00e0 sensibiliser l\u2019opinion publique sur les r\u00e9percussions de la corruption et sur les entraves qu\u2019elle constitue pour le d\u00e9veloppement ;<\/span><\/li>\n<li><span> <\/span><span>D\u00e9velopper tant au sein de ses instances qu\u2019\u00e0 travers d\u2019autres r\u00e9seaux les initiatives destin\u00e9es \u00e0 r\u00e9duire la passivit\u00e9 des citoyens \u00e0 l\u2019\u00e9gard de ce ph\u00e9nom\u00e8ne et \u00e0 renforcer les moyens de le combattre.<\/span><\/li>\n<\/ul>\n<p>[\/vc_column_text]<div class=\"ult-spacer spacer-69de94119570c\" data-id=\"69de94119570c\" data-height=\"20\" data-height-mobile=\"20\" data-height-tab=\"20\" data-height-tab-portrait=\"\" data-height-mobile-landscape=\"\" style=\"clear:both;display:block;\"><\/div>[vc_custom_heading text=&#8221;R\u00e8gles d\u2019adh\u00e9sion et d\u2019appartenance&#8221; font_container=&#8221;tag:h2|font_size:17|text_align:left|color:%233f88c5|line_height:17&#8243; use_theme_fonts=&#8221;yes&#8221; css=&#8221;.vc_custom_1576863623465{margin-top: 20px !important;}&#8221; el_class=&#8221;mytitle2&#8243;]<div class=\"ult-spacer spacer-69de941195726\" data-id=\"69de941195726\" data-height=\"20\" data-height-mobile=\"20\" data-height-tab=\"20\" data-height-tab-portrait=\"\" data-height-mobile-landscape=\"\" style=\"clear:both;display:block;\"><\/div>[vc_column_text]<\/p>\n<ol>\n<li>Les membres de l\u2019association doivent se conduire dans le respect des r\u00e8gles d\u2019\u00e9thique, d\u2019int\u00e9grit\u00e9, de sens moral et, en ce qui concerne leur activit\u00e9 \u00e0 Transparency Maroc, d\u2019ind\u00e9pendance \u00e0 l\u2019\u00e9gard du gouvernement et des partis politiques.<\/li>\n<li>Sont consid\u00e9r\u00e9es comme membres les personnes admises dans l\u2019association conform\u00e9ment \u00e0 l\u2019article 7 du statut de Transparency Maroc et \u00e0 jour de leurs cotisations.<\/li>\n<li>Sont consid\u00e9r\u00e9s comme responsables les membres du bureau ex\u00e9cutif et ceux du conseil national pendant la dur\u00e9e de leur mandat<\/li>\n<li>Tous les responsables de l\u2019association doivent, d\u00e8s leur d\u00e9signation, d\u00e9clarer la consistance de leur patrimoine. Cette d\u00e9claration doit \u00eatre publique et publi\u00e9e sur le site internet de Transparency Maroc.<\/li>\n<li>Tous les responsables de l\u2019association doivent d\u00e9clarer les positions de d\u00e9cideurs qu\u2019ils occupent.<\/li>\n<li>En vue de consolider l\u2019ind\u00e9pendance de l\u2019association, les membres de son bureau ex\u00e9cutif ne peuvent pas cumuler cette fonction avec leur pr\u00e9sence au sein de l\u2019Instance centrale de pr\u00e9vention de la corruption.<\/li>\n<li>Tout membre invit\u00e9 \u00e0 participer \u00e0 une activit\u00e9 en rapport avec les missions de TM doit pr\u00e9venir le bureau ex\u00e9cutif. A d\u00e9faut de cet accord il est tenu de pr\u00e9ciser express\u00e9ment qu\u2019il intervient en son nom personnel.<\/li>\n<\/ol>\n<p>[\/vc_column_text]<div class=\"ult-spacer spacer-69de94119573d\" data-id=\"69de94119573d\" data-height=\"20\" data-height-mobile=\"20\" data-height-tab=\"20\" data-height-tab-portrait=\"\" data-height-mobile-landscape=\"\" style=\"clear:both;display:block;\"><\/div>[vc_custom_heading text=&#8221;R\u00e8gles de gestion&#8221; font_container=&#8221;tag:h2|font_size:17|text_align:left|color:%233f88c5|line_height:17&#8243; use_theme_fonts=&#8221;yes&#8221; css=&#8221;.vc_custom_1576863646992{padding-top: 20px !important;}&#8221; el_class=&#8221;mytitle2&#8243;]<div class=\"ult-spacer spacer-69de941195751\" data-id=\"69de941195751\" data-height=\"20\" data-height-mobile=\"20\" data-height-tab=\"20\" data-height-tab-portrait=\"\" data-height-mobile-landscape=\"\" style=\"clear:both;display:block;\"><\/div>[vc_column_text]<\/p>\n<ol>\n<li>L\u2019association n\u2019accepte pas de financement qui pourrait porter atteinte \u00e0 son ind\u00e9pendance ou \u00e0 la poursuite de ses objectifs.<\/li>\n<li>La gestion de l\u2019association fait l\u2019objet annuellement d\u2019un rapport moral et d\u2019un rapport financier qui sont pr\u00e9sent\u00e9es lors de l\u2019assembl\u00e9e g\u00e9n\u00e9rale annuelle conform\u00e9ment aux statuts de l\u2019association.<\/li>\n<li>Les recrutements s\u2019effectuent et les march\u00e9s sont pass\u00e9s par appel \u00e0 candidature et \u00e0 la concurrence. Les personnes qui doivent intervenir dans la d\u00e9cision ne peuvent en aucun cas \u00eatre candidates.<\/li>\n<li>Tous les paiements des membres de TM qui travaillent pour l\u2019association doivent \u00eatre r\u00e9pertori\u00e9s dans un registre et mentionn\u00e9s dans les comptes de l\u2019association.<\/li>\n<li>Tous les documents de l\u2019association doivent \u00eatre archiv\u00e9s et conserv\u00e9s. Ceux qui ne peuvent \u00eatre consult\u00e9s par tous doivent \u00eatre archiv\u00e9s s\u00e9par\u00e9ment avec mention des personnes autoris\u00e9s \u00e0 les consulter.<\/li>\n<\/ol>\n<p>[\/vc_column_text]<div class=\"ult-spacer spacer-69de941195765\" data-id=\"69de941195765\" data-height=\"20\" data-height-mobile=\"20\" data-height-tab=\"20\" data-height-tab-portrait=\"\" data-height-mobile-landscape=\"\" style=\"clear:both;display:block;\"><\/div>[vc_custom_heading text=&#8221;Comit\u00e9 d\u2019\u00e9thique&#8221; font_container=&#8221;tag:h2|font_size:17|text_align:left|color:%233f88c5|line_height:17&#8243; use_theme_fonts=&#8221;yes&#8221; css=&#8221;.vc_custom_1576863684146{padding-top: 20px !important;}&#8221; el_class=&#8221;mytitle2&#8243;]<div class=\"ult-spacer spacer-69de941195779\" data-id=\"69de941195779\" data-height=\"20\" data-height-mobile=\"20\" data-height-tab=\"20\" data-height-tab-portrait=\"\" data-height-mobile-landscape=\"\" style=\"clear:both;display:block;\"><\/div>[vc_column_text]<\/p>\n<ol>\n<li>Un comit\u00e9 d\u2019\u00e9thique est mis en place. Il est compos\u00e9 de trois personnes, deux membres de l\u2019association et une personne n\u2019appartenant pas \u00e0 l\u2019association, connue pour sa comp\u00e9tence et son int\u00e9grit\u00e9<\/li>\n<li>Le comit\u00e9 d\u2019\u00e9thique est d\u00e9sign\u00e9 par un vote des membres du conseil national pour une p\u00e9riode de 2 ann\u00e9es<\/li>\n<li>Le comit\u00e9 d\u2019\u00e9thique sera charg\u00e9 de se prononcer sur toute violation du code de conduite. Il devra \u00eatre consult\u00e9 notamment\u00a0:<\/li>\n<\/ol>\n<ul>\n<li>sur l\u2019exercice par un membre de Transparency Maroc d\u2019une activit\u00e9 r\u00e9mun\u00e9r\u00e9e au nom de l\u2019association ou en relation avec les activit\u00e9s de l\u2019association.<\/li>\n<li>sur l\u2019implication d\u2019un membre de l\u2019association dans un scandale public m\u00e9diatis\u00e9.<\/li>\n<\/ul>\n<ol start=\"4\">\n<li>L\u2019avis du comit\u00e9 d\u2019\u00e9thique sera \u00e9galement sollicit\u00e9 dans le cas o\u00f9 une mission r\u00e9mun\u00e9r\u00e9 serait confi\u00e9e \u00e0 un responsable de l\u2019association<\/li>\n<\/ol>\n<p>[\/vc_column_text]<div class=\"ult-spacer spacer-69de94119578b\" data-id=\"69de94119578b\" data-height=\"20\" data-height-mobile=\"20\" data-height-tab=\"20\" data-height-tab-portrait=\"\" data-height-mobile-landscape=\"\" style=\"clear:both;display:block;\"><\/div>[vc_custom_heading text=&#8221;Conflit d\u2019int\u00e9r\u00eats&#8221; font_container=&#8221;tag:h2|font_size:17|text_align:left|color:%233f88c5|line_height:17&#8243; use_theme_fonts=&#8221;yes&#8221; css=&#8221;.vc_custom_1576863737904{padding-top: 20px !important;}&#8221; el_class=&#8221;mytitle2&#8243;]<div class=\"ult-spacer spacer-69de94119579f\" data-id=\"69de94119579f\" data-height=\"20\" data-height-mobile=\"20\" data-height-tab=\"20\" data-height-tab-portrait=\"\" data-height-mobile-landscape=\"\" style=\"clear:both;display:block;\"><\/div>[vc_column_text]<\/p>\n<ol>\n<li>Les responsables qui ont une qualit\u00e9 de repr\u00e9sentation de l\u2019association doivent s\u2019abstenir de toute mission r\u00e9mun\u00e9r\u00e9es par ou pour le compte de l\u2019association.<\/li>\n<li>Dans le cadre de la gestion des conflits d\u2019int\u00e9r\u00eats sont consid\u00e9r\u00e9s comme responsables\u00a0:<\/li>\n<\/ol>\n<ul>\n<li>Le secr\u00e9taire g\u00e9n\u00e9ral de TM\u00a0;<\/li>\n<li>Les membres du bureau ex\u00e9cutif\u00a0;<\/li>\n<li>Les chefs de projets en charge de la coordination directe avec les institutions tierces (par exemple projet \u00e9ducation, sant\u00e9, etc.)\u00a0;<\/li>\n<li>Les anciens secr\u00e9taires g\u00e9n\u00e9raux de Transparency Maroc (m\u00eame dans le cas o\u00f9 ils ne seraient plus membres du conseil national)\u00a0;<\/li>\n<li>Les membres du conseil national.<\/li>\n<\/ul>\n<ol start=\"3\">\n<li>Toutefois, dans des cas particuliers, des exceptions peuvent \u00eatre autoris\u00e9es par le Comit\u00e9 d\u2019\u00e9thique, sur demande du bureau ex\u00e9cutif, accompagn\u00e9e d\u2019une d\u00e9claration conjointe de l\u2019association et de la personne concern\u00e9e pr\u00e9cisant le montant des honoraires et les motifs de l\u2019attribution.<\/li>\n<\/ol>\n<p>[\/vc_column_text]<div class=\"ult-spacer spacer-69de9411957b1\" data-id=\"69de9411957b1\" data-height=\"20\" data-height-mobile=\"20\" data-height-tab=\"20\" data-height-tab-portrait=\"\" data-height-mobile-landscape=\"\" style=\"clear:both;display:block;\"><\/div>[vc_custom_heading text=&#8221;Harc\u00e8lement&#8221; font_container=&#8221;tag:h2|font_size:17|text_align:left|color:%233f88c5|line_height:17&#8243; use_theme_fonts=&#8221;yes&#8221; css=&#8221;.vc_custom_1697144270158{padding-top: 20px !important;}&#8221; el_class=&#8221;mytitle2&#8243;]<div class=\"ult-spacer spacer-69de9411957c3\" data-id=\"69de9411957c3\" data-height=\"20\" data-height-mobile=\"20\" data-height-tab=\"20\" data-height-tab-portrait=\"\" data-height-mobile-landscape=\"\" style=\"clear:both;display:block;\"><\/div>[vc_column_text]<\/p>\n<ol>\n<li>Le comit\u00e9 d\u2019\u00e9thique est comp\u00e9tent pour examiner et \u00e9tudier toute situation concernant un membre de l\u2019association ou un salari\u00e9, qui s\u2019estime harcel\u00e9 moralement ou sexuellement dans le cadre de ses activit\u00e9s au sein de Transparency Maroc.<\/li>\n<li>Le comit\u00e9 d\u2019\u00e9thique peut \u00eatre saisi par un membre de l\u2019Association un membre de l\u2019\u00e9quipe permanente, pour des faits relevant de harc\u00e8lement moral ou sexuel dans le cadre des activit\u00e9s et des actions men\u00e9es par l\u2019association<\/li>\n<li>Une fois saisi, le comit\u00e9 se r\u00e9unit pour examiner la demande. il peut proc\u00e9der par la suite \u00e0 des auditions afin d\u2019\u00e9clairer sa compr\u00e9hension du sujet.<\/li>\n<\/ol>\n<p>[\/vc_column_text][vc_column_text]<b><a href=\"https:\/\/transparencymaroc.ma\/wp-content\/uploads\/2023\/10\/Code-de-conduite-ET-anti-harcelement.pdf\" target=\"_blank\" rel=\"noopener\">T\u00e9l\u00e9charger\u00a0<\/a><\/b>[\/vc_column_text][\/vc_column][\/vc_row]<\/p>\n<\/div>","protected":false},"excerpt":{"rendered":"<p>[vc_row css=&#8221;.vc_custom_1561113054520{padding-top: 30px !important;padding-bottom: 30px !important;}&#8221;][vc_column][vc_custom_heading text=&#8221;Introduction&#8221; font_container=&#8221;tag:h2|font_size:17|text_align:left|color:%233f88c5|line_height:17&#8243; use_theme_fonts=&#8221;yes&#8221; el_class=&#8221;mytitle2&#8243;][vc_column_text]&nbsp; La corruption est cette pratique intol\u00e9rable [&hellip;]<\/p>\n","protected":false},"author":8,"featured_media":0,"parent":0,"menu_order":0,"comment_status":"closed","ping_status":"closed","template":"","meta":{"_acf_changed":false,"footnotes":""},"class_list":["post-9754","page","type-page","status-publish","hentry"],"acf":[],"yoast_head":"<!-- This site is optimized with the Yoast SEO plugin v27.3 - https:\/\/yoast.com\/product\/yoast-seo-wordpress\/ -->\n<title>Code of Conduct - Transparency Maroc<\/title>\n<meta name=\"robots\" content=\"index, follow, max-snippet:-1, max-image-preview:large, max-video-preview:-1\" \/>\n<link rel=\"canonical\" href=\"https:\/\/transparencymaroc.ma\/en\/code-de-conduite\/\" \/>\n<meta property=\"og:locale\" content=\"en_US\" \/>\n<meta property=\"og:type\" content=\"article\" \/>\n<meta property=\"og:title\" content=\"Code of Conduct - Transparency Maroc\" \/>\n<meta property=\"og:description\" content=\"[vc_row css=&#8221;.vc_custom_1561113054520{padding-top: 30px !important;padding-bottom: 30px !important;}&#8221;][vc_column][vc_custom_heading text=&#8221;Introduction&#8221; font_container=&#8221;tag:h2|font_size:17|text_align:left|color:%233f88c5|line_height:17&#8243; use_theme_fonts=&#8221;yes&#8221; el_class=&#8221;mytitle2&#8243;][vc_column_text]&nbsp; La corruption est cette pratique intol\u00e9rable [&hellip;]\" \/>\n<meta property=\"og:url\" content=\"https:\/\/transparencymaroc.ma\/en\/code-de-conduite\/\" \/>\n<meta property=\"og:site_name\" content=\"Transparency Maroc\" \/>\n<meta property=\"article:publisher\" content=\"https:\/\/www.facebook.com\/TransparencyMarocOfficiel\/\" \/>\n<meta property=\"article:modified_time\" content=\"2026-03-24T09:20:01+00:00\" \/>\n<meta name=\"twitter:card\" content=\"summary_large_image\" \/>\n<meta name=\"twitter:site\" content=\"@TMarocOfficiel\" \/>\n<meta name=\"twitter:label1\" content=\"Est. reading time\" \/>\n\t<meta name=\"twitter:data1\" content=\"6 minutes\" \/>\n<script type=\"application\/ld+json\" class=\"yoast-schema-graph\">{\"@context\":\"https:\\\/\\\/schema.org\",\"@graph\":[{\"@type\":\"WebPage\",\"@id\":\"https:\\\/\\\/transparencymaroc.ma\\\/en\\\/code-de-conduite\\\/\",\"url\":\"https:\\\/\\\/transparencymaroc.ma\\\/en\\\/code-de-conduite\\\/\",\"name\":\"Code of Conduct - Transparency Maroc\",\"isPartOf\":{\"@id\":\"https:\\\/\\\/transparencymaroc.ma\\\/#website\"},\"datePublished\":\"2019-12-20T17:44:00+00:00\",\"dateModified\":\"2026-03-24T09:20:01+00:00\",\"breadcrumb\":{\"@id\":\"https:\\\/\\\/transparencymaroc.ma\\\/en\\\/code-de-conduite\\\/#breadcrumb\"},\"inLanguage\":\"en-US\",\"potentialAction\":[{\"@type\":\"ReadAction\",\"target\":[\"https:\\\/\\\/transparencymaroc.ma\\\/en\\\/code-de-conduite\\\/\"]}]},{\"@type\":\"BreadcrumbList\",\"@id\":\"https:\\\/\\\/transparencymaroc.ma\\\/en\\\/code-de-conduite\\\/#breadcrumb\",\"itemListElement\":[{\"@type\":\"ListItem\",\"position\":1,\"name\":\"Accueil\",\"item\":\"https:\\\/\\\/transparencymaroc.ma\\\/en\\\/\"},{\"@type\":\"ListItem\",\"position\":2,\"name\":\"Code of Conduct\"}]},{\"@type\":\"WebSite\",\"@id\":\"https:\\\/\\\/transparencymaroc.ma\\\/#website\",\"url\":\"https:\\\/\\\/transparencymaroc.ma\\\/\",\"name\":\"Transparency Maroc\",\"description\":\"Association de lutte contre la corruption au Maroc\",\"publisher\":{\"@id\":\"https:\\\/\\\/transparencymaroc.ma\\\/#organization\"},\"potentialAction\":[{\"@type\":\"SearchAction\",\"target\":{\"@type\":\"EntryPoint\",\"urlTemplate\":\"https:\\\/\\\/transparencymaroc.ma\\\/?s={search_term_string}\"},\"query-input\":{\"@type\":\"PropertyValueSpecification\",\"valueRequired\":true,\"valueName\":\"search_term_string\"}}],\"inLanguage\":\"en-US\"},{\"@type\":\"Organization\",\"@id\":\"https:\\\/\\\/transparencymaroc.ma\\\/#organization\",\"name\":\"Transparency Maroc\",\"url\":\"https:\\\/\\\/transparencymaroc.ma\\\/\",\"logo\":{\"@type\":\"ImageObject\",\"inLanguage\":\"en-US\",\"@id\":\"https:\\\/\\\/transparencymaroc.ma\\\/#\\\/schema\\\/logo\\\/image\\\/\",\"url\":\"https:\\\/\\\/transparencymaroc.ma\\\/wp-content\\\/uploads\\\/2020\\\/01\\\/LogoTMar.svg\",\"contentUrl\":\"https:\\\/\\\/transparencymaroc.ma\\\/wp-content\\\/uploads\\\/2020\\\/01\\\/LogoTMar.svg\",\"width\":491,\"height\":130,\"caption\":\"Transparency Maroc\"},\"image\":{\"@id\":\"https:\\\/\\\/transparencymaroc.ma\\\/#\\\/schema\\\/logo\\\/image\\\/\"},\"sameAs\":[\"https:\\\/\\\/www.facebook.com\\\/TransparencyMarocOfficiel\\\/\",\"https:\\\/\\\/x.com\\\/TMarocOfficiel\"]}]}<\/script>\n<!-- \/ Yoast SEO plugin. -->","yoast_head_json":{"title":"Code of Conduct - Transparency Maroc","robots":{"index":"index","follow":"follow","max-snippet":"max-snippet:-1","max-image-preview":"max-image-preview:large","max-video-preview":"max-video-preview:-1"},"canonical":"https:\/\/transparencymaroc.ma\/en\/code-de-conduite\/","og_locale":"en_US","og_type":"article","og_title":"Code of Conduct - Transparency Maroc","og_description":"[vc_row css=&#8221;.vc_custom_1561113054520{padding-top: 30px !important;padding-bottom: 30px !important;}&#8221;][vc_column][vc_custom_heading text=&#8221;Introduction&#8221; font_container=&#8221;tag:h2|font_size:17|text_align:left|color:%233f88c5|line_height:17&#8243; use_theme_fonts=&#8221;yes&#8221; el_class=&#8221;mytitle2&#8243;][vc_column_text]&nbsp; La corruption est cette pratique intol\u00e9rable [&hellip;]","og_url":"https:\/\/transparencymaroc.ma\/en\/code-de-conduite\/","og_site_name":"Transparency Maroc","article_publisher":"https:\/\/www.facebook.com\/TransparencyMarocOfficiel\/","article_modified_time":"2026-03-24T09:20:01+00:00","twitter_card":"summary_large_image","twitter_site":"@TMarocOfficiel","twitter_misc":{"Est. reading time":"6 minutes"},"schema":{"@context":"https:\/\/schema.org","@graph":[{"@type":"WebPage","@id":"https:\/\/transparencymaroc.ma\/en\/code-de-conduite\/","url":"https:\/\/transparencymaroc.ma\/en\/code-de-conduite\/","name":"Code of Conduct - Transparency Maroc","isPartOf":{"@id":"https:\/\/transparencymaroc.ma\/#website"},"datePublished":"2019-12-20T17:44:00+00:00","dateModified":"2026-03-24T09:20:01+00:00","breadcrumb":{"@id":"https:\/\/transparencymaroc.ma\/en\/code-de-conduite\/#breadcrumb"},"inLanguage":"en-US","potentialAction":[{"@type":"ReadAction","target":["https:\/\/transparencymaroc.ma\/en\/code-de-conduite\/"]}]},{"@type":"BreadcrumbList","@id":"https:\/\/transparencymaroc.ma\/en\/code-de-conduite\/#breadcrumb","itemListElement":[{"@type":"ListItem","position":1,"name":"Accueil","item":"https:\/\/transparencymaroc.ma\/en\/"},{"@type":"ListItem","position":2,"name":"Code of Conduct"}]},{"@type":"WebSite","@id":"https:\/\/transparencymaroc.ma\/#website","url":"https:\/\/transparencymaroc.ma\/","name":"Transparency Maroc","description":"Association de lutte contre la corruption au Maroc","publisher":{"@id":"https:\/\/transparencymaroc.ma\/#organization"},"potentialAction":[{"@type":"SearchAction","target":{"@type":"EntryPoint","urlTemplate":"https:\/\/transparencymaroc.ma\/?s={search_term_string}"},"query-input":{"@type":"PropertyValueSpecification","valueRequired":true,"valueName":"search_term_string"}}],"inLanguage":"en-US"},{"@type":"Organization","@id":"https:\/\/transparencymaroc.ma\/#organization","name":"Transparency Maroc","url":"https:\/\/transparencymaroc.ma\/","logo":{"@type":"ImageObject","inLanguage":"en-US","@id":"https:\/\/transparencymaroc.ma\/#\/schema\/logo\/image\/","url":"https:\/\/transparencymaroc.ma\/wp-content\/uploads\/2020\/01\/LogoTMar.svg","contentUrl":"https:\/\/transparencymaroc.ma\/wp-content\/uploads\/2020\/01\/LogoTMar.svg","width":491,"height":130,"caption":"Transparency Maroc"},"image":{"@id":"https:\/\/transparencymaroc.ma\/#\/schema\/logo\/image\/"},"sameAs":["https:\/\/www.facebook.com\/TransparencyMarocOfficiel\/","https:\/\/x.com\/TMarocOfficiel"]}]}},"_links":{"self":[{"href":"https:\/\/transparencymaroc.ma\/en\/wp-json\/wp\/v2\/pages\/9754","targetHints":{"allow":["GET"]}}],"collection":[{"href":"https:\/\/transparencymaroc.ma\/en\/wp-json\/wp\/v2\/pages"}],"about":[{"href":"https:\/\/transparencymaroc.ma\/en\/wp-json\/wp\/v2\/types\/page"}],"author":[{"embeddable":true,"href":"https:\/\/transparencymaroc.ma\/en\/wp-json\/wp\/v2\/users\/8"}],"replies":[{"embeddable":true,"href":"https:\/\/transparencymaroc.ma\/en\/wp-json\/wp\/v2\/comments?post=9754"}],"version-history":[{"count":2,"href":"https:\/\/transparencymaroc.ma\/en\/wp-json\/wp\/v2\/pages\/9754\/revisions"}],"predecessor-version":[{"id":9757,"href":"https:\/\/transparencymaroc.ma\/en\/wp-json\/wp\/v2\/pages\/9754\/revisions\/9757"}],"wp:attachment":[{"href":"https:\/\/transparencymaroc.ma\/en\/wp-json\/wp\/v2\/media?parent=9754"}],"curies":[{"name":"wp","href":"https:\/\/api.w.org\/{rel}","templated":true}]}}