{"id":9702,"date":"2019-12-20T11:22:40","date_gmt":"2019-12-20T10:22:40","guid":{"rendered":"https:\/\/transparencymaroc.ma\/acces-a-linformation\/"},"modified":"2026-03-22T12:34:20","modified_gmt":"2026-03-22T11:34:20","slug":"acces-a-linformation","status":"publish","type":"page","link":"https:\/\/transparencymaroc.ma\/en\/acces-a-linformation\/","title":{"rendered":"Access to Information"},"content":{"rendered":"<div class=\"wpb-content-wrapper\"><p>[vc_row css=&#8221;.vc_custom_1561113054520{padding-top: 30px !important;padding-bottom: 30px !important;}&#8221;][vc_column]<div class=\"ult-spacer spacer-69de5d6985de7\" data-id=\"69de5d6985de7\" data-height=\"10\" data-height-mobile=\"10\" data-height-tab=\"10\" data-height-tab-portrait=\"\" data-height-mobile-landscape=\"\" style=\"clear:both;display:block;\"><\/div>[vc_row_inner gap=&#8221;3&#8243;][vc_column_inner width=&#8221;1\/3&#8243; css=&#8221;.vc_custom_1576060969499{border-top-width: 1px !important;border-right-width: 1px !important;border-bottom-width: 1px !important;border-left-width: 1px !important;padding-top: 5px !important;padding-right: 5px !important;padding-bottom: 5px !important;padding-left: 5px !important;border-left-color: #d1d1d1 !important;border-left-style: solid !important;border-right-color: #d1d1d1 !important;border-right-style: solid !important;border-top-color: #d1d1d1 !important;border-top-style: solid !important;border-bottom-color: #d1d1d1 !important;border-bottom-style: solid !important;}&#8221;][vc_single_image img_size=&#8221;209 X 209&#8243; alignment=&#8221;center&#8221;][vc_custom_heading text=&#8221;Le droit d&#8217;acc\u00e8s \u00e0 l&#8217;information \u00e9tat des lieux et perspectives \u00e0 la lumi\u00e8re de la nouvelle constitution&#8221; font_container=&#8221;tag:h4|text_align:left|color:%23000000&#8243; use_theme_fonts=&#8221;yes&#8221; el_class=&#8221;publication_title&#8221;][vc_btn title=&#8221;T\u00e9l\u00e9charger&#8221; el_class=&#8221;publication-download&#8221; link=&#8221;url:https%3A%2F%2Ftransparencymaroc.ma%2Fwp-content%2Fuploads%2F2019%2F12%2FLe-droit-dai.pdf|||&#8221;][\/vc_column_inner][vc_column_inner width=&#8221;1\/3&#8243; css=&#8221;.vc_custom_1576063788030{border-top-width: 1px !important;border-right-width: 1px !important;border-bottom-width: 1px !important;border-left-width: 1px !important;padding-top: 5px !important;padding-right: 5px !important;padding-bottom: 5px !important;padding-left: 5px !important;border-left-color: #d1d1d1 !important;border-left-style: solid !important;border-right-color: #d1d1d1 !important;border-right-style: solid !important;border-top-color: #d1d1d1 !important;border-top-style: solid !important;border-bottom-color: #d1d1d1 !important;border-bottom-style: solid !important;}&#8221;][vc_single_image img_size=&#8221;209 X 209&#8243; alignment=&#8221;center&#8221;][vc_custom_heading text=&#8221;Remarques de Transparency Maroc concernant le projet de loi n\u00b0 31.13 relatif au Droit \u00e0 l\u2019Acc\u00e8s \u00e0 l\u2019Information&#8221; font_container=&#8221;tag:h4|text_align:left|color:%23000000&#8243; use_theme_fonts=&#8221;yes&#8221; el_class=&#8221;publication_title&#8221;][vc_btn title=&#8221;T\u00e9l\u00e9charger&#8221; el_class=&#8221;publication-download&#8221; link=&#8221;url:https%3A%2F%2Ftransparencymaroc.ma%2Fwp-content%2Fuploads%2F2019%2F12%2FRemarques-de-Transparency-Maroc-concernant-le-projet-dai.pdf|||&#8221;][\/vc_column_inner][vc_column_inner width=&#8221;1\/3&#8243; css=&#8221;.vc_custom_1576063794885{border-top-width: 1px !important;border-right-width: 1px !important;border-bottom-width: 1px !important;border-left-width: 1px !important;padding-top: 5px !important;padding-right: 5px !important;padding-bottom: 5px !important;padding-left: 5px !important;border-left-color: #d1d1d1 !important;border-left-style: solid !important;border-right-color: #d1d1d1 !important;border-right-style: solid !important;border-top-color: #d1d1d1 !important;border-top-style: solid !important;border-bottom-color: #d1d1d1 !important;border-bottom-style: solid !important;}&#8221;][vc_single_image img_size=&#8221;209 X 209&#8243; alignment=&#8221;center&#8221;][vc_custom_heading text=&#8221;\u00c7a vous appartient: L&#8217;information du public au maroc&#8221; font_container=&#8221;tag:h4|text_align:left|color:%23000000&#8243; use_theme_fonts=&#8221;yes&#8221; el_class=&#8221;publication_title&#8221;][vc_btn title=&#8221;T\u00e9l\u00e9charger&#8221; el_class=&#8221;publication-download&#8221; link=&#8221;url:https%3A%2F%2Ftransparencymaroc.ma%2Fwp-content%2Fuploads%2F2019%2F12%2Fa-vous-appartient-Linformation-du-public-au-maroc.pdf|||&#8221;][\/vc_column_inner][\/vc_row_inner][vc_row_inner gap=&#8221;3&#8243;][vc_column_inner width=&#8221;1\/3&#8243; css=&#8221;.vc_custom_1576060969499{border-top-width: 1px !important;border-right-width: 1px !important;border-bottom-width: 1px !important;border-left-width: 1px !important;padding-top: 5px !important;padding-right: 5px !important;padding-bottom: 5px !important;padding-left: 5px !important;border-left-color: #d1d1d1 !important;border-left-style: solid !important;border-right-color: #d1d1d1 !important;border-right-style: solid !important;border-top-color: #d1d1d1 !important;border-top-style: solid !important;border-bottom-color: #d1d1d1 !important;border-bottom-style: solid !important;}&#8221;][vc_single_image img_size=&#8221;209 X 209&#8243; alignment=&#8221;center&#8221;][vc_custom_heading text=&#8221;Projet de loi relatif au droit d&#8217;acc\u00e8s \u00e0 l&#8217;information&#8221; font_container=&#8221;tag:h4|text_align:left|color:%23000000&#8243; use_theme_fonts=&#8221;yes&#8221; el_class=&#8221;publication_title&#8221;][vc_btn title=&#8221;T\u00e9l\u00e9charger&#8221; el_class=&#8221;publication-download&#8221; link=&#8221;url:https%3A%2F%2Ftransparencymaroc.ma%2Fwp-content%2Fuploads%2F2019%2F12%2FProjet-de-loi-relatif-au-droit-dacc%C3%A8s-%C3%A0-linformation_0.pdf|||&#8221;][\/vc_column_inner][vc_column_inner width=&#8221;1\/3&#8243; css=&#8221;.vc_custom_1576063788030{border-top-width: 1px !important;border-right-width: 1px !important;border-bottom-width: 1px !important;border-left-width: 1px !important;padding-top: 5px !important;padding-right: 5px !important;padding-bottom: 5px !important;padding-left: 5px !important;border-left-color: #d1d1d1 !important;border-left-style: solid !important;border-right-color: #d1d1d1 !important;border-right-style: solid !important;border-top-color: #d1d1d1 !important;border-top-style: solid !important;border-bottom-color: #d1d1d1 !important;border-bottom-style: solid !important;}&#8221;][vc_single_image img_size=&#8221;209 X 209&#8243; alignment=&#8221;center&#8221;][vc_custom_heading text=&#8221;Transparency News droit d&#8217;acc\u00e8s \u00e0 l&#8217;informationn au Maroc&#8221; font_container=&#8221;tag:h4|text_align:left|color:%23000000&#8243; use_theme_fonts=&#8221;yes&#8221; el_class=&#8221;publication_title&#8221;][vc_btn title=&#8221;T\u00e9l\u00e9charger&#8221; el_class=&#8221;publication-download&#8221; link=&#8221;url:https%3A%2F%2Ftransparencymaroc.ma%2Fwp-content%2Fuploads%2F2019%2F12%2FTransparency-News-droit-dacc%C3%A8s-%C3%A0-linformationn-au-Maroc.pdf|||&#8221;][\/vc_column_inner][vc_column_inner width=&#8221;1\/3&#8243; css=&#8221;.vc_custom_1576063794885{border-top-width: 1px !important;border-right-width: 1px !important;border-bottom-width: 1px !important;border-left-width: 1px !important;padding-top: 5px !important;padding-right: 5px !important;padding-bottom: 5px !important;padding-left: 5px !important;border-left-color: #d1d1d1 !important;border-left-style: solid !important;border-right-color: #d1d1d1 !important;border-right-style: solid !important;border-top-color: #d1d1d1 !important;border-top-style: solid !important;border-bottom-color: #d1d1d1 !important;border-bottom-style: solid !important;}&#8221;][vc_single_image img_size=&#8221;209 X 209&#8243; alignment=&#8221;center&#8221;][vc_custom_heading text=&#8221;Priorit\u00e9s et id\u00e9es directrices pour une loi sur l\u2019acc\u00e8s \u00e0 l\u2019information au Maroc&#8221; font_container=&#8221;tag:h4|text_align:left|color:%23000000&#8243; use_theme_fonts=&#8221;yes&#8221; el_class=&#8221;publication_title&#8221;][vc_btn title=&#8221;T\u00e9l\u00e9charger&#8221; el_class=&#8221;publication-download&#8221; link=&#8221;url:https%3A%2F%2Ftransparencymaroc.ma%2Fwp-content%2Fuploads%2F2019%2F12%2FTransparency-Maroc-Priorit%C3%A9s-et-Id%C3%A9es-directrices-pour-le-DAI-2011_0.pdf|||&#8221;][\/vc_column_inner][\/vc_row_inner][vc_row_inner gap=&#8221;3&#8243;][vc_column_inner width=&#8221;1\/3&#8243; css=&#8221;.vc_custom_1576060969499{border-top-width: 1px !important;border-right-width: 1px !important;border-bottom-width: 1px !important;border-left-width: 1px !important;padding-top: 5px !important;padding-right: 5px !important;padding-bottom: 5px !important;padding-left: 5px !important;border-left-color: #d1d1d1 !important;border-left-style: solid !important;border-right-color: #d1d1d1 !important;border-right-style: solid !important;border-top-color: #d1d1d1 !important;border-top-style: solid !important;border-bottom-color: #d1d1d1 !important;border-bottom-style: solid !important;}&#8221;][vc_single_image img_size=&#8221;209 X 209&#8243; alignment=&#8221;center&#8221;][vc_custom_heading text=&#8221;Vers un Droit d\u2019Acc\u00e8s \u00e0 l&#8217;Information publique au Maroc: \u00c9tude comparative&#8221; font_container=&#8221;tag:h4|text_align:left|color:%23000000&#8243; use_theme_fonts=&#8221;yes&#8221; el_class=&#8221;publication_title&#8221;][vc_btn title=&#8221;T\u00e9l\u00e9charger&#8221; el_class=&#8221;publication-download&#8221; link=&#8221;url:https%3A%2F%2Ftransparencymaroc.ma%2Fwp-content%2Fuploads%2F2019%2F12%2FVers-un-Droit-dAcc%C3%A9s-%C3%A0-lInformation-publique_au_Maroc.pdf|||&#8221;][\/vc_column_inner][vc_column_inner width=&#8221;1\/3&#8243; css=&#8221;.vc_custom_1576063788030{border-top-width: 1px !important;border-right-width: 1px !important;border-bottom-width: 1px !important;border-left-width: 1px !important;padding-top: 5px !important;padding-right: 5px !important;padding-bottom: 5px !important;padding-left: 5px !important;border-left-color: #d1d1d1 !important;border-left-style: solid !important;border-right-color: #d1d1d1 !important;border-right-style: solid !important;border-top-color: #d1d1d1 !important;border-top-style: solid !important;border-bottom-color: #d1d1d1 !important;border-bottom-style: solid !important;}&#8221;][vc_single_image img_size=&#8221;209 X 209&#8243; alignment=&#8221;center&#8221;][vc_custom_heading text=&#8221;Rapport sectoriel sur le droit d&#8217;acc\u00e8s \u00e0 l&#8217;information au Maroc&#8221; font_container=&#8221;tag:h4|text_align:left|color:%23000000&#8243; use_theme_fonts=&#8221;yes&#8221; el_class=&#8221;publication_title&#8221;][vc_btn title=&#8221;T\u00e9l\u00e9charger&#8221; el_class=&#8221;publication-download&#8221; link=&#8221;url:https%3A%2F%2Ftransparencymaroc.ma%2Fwp-content%2Fuploads%2F2019%2F12%2FRapport-sectoriel-sur-le-droit-dacc%C3%A8s-%C3%A0-linformationau-Maroc_1.pdf|||&#8221;][\/vc_column_inner][vc_column_inner width=&#8221;1\/3&#8243; css=&#8221;.vc_custom_1576063794885{border-top-width: 1px !important;border-right-width: 1px !important;border-bottom-width: 1px !important;border-left-width: 1px !important;padding-top: 5px !important;padding-right: 5px !important;padding-bottom: 5px !important;padding-left: 5px !important;border-left-color: #d1d1d1 !important;border-left-style: solid !important;border-right-color: #d1d1d1 !important;border-right-style: solid !important;border-top-color: #d1d1d1 !important;border-top-style: solid !important;border-bottom-color: #d1d1d1 !important;border-bottom-style: solid !important;}&#8221;][vc_single_image img_size=&#8221;209 X 209&#8243; alignment=&#8221;center&#8221;][vc_custom_heading text=&#8221;Plateforme de plaidoyer TM droit d\u2019acc\u00e8s \u00e0 l\u2019information 2010&#8243; font_container=&#8221;tag:h4|text_align:left|color:%23000000&#8243; use_theme_fonts=&#8221;yes&#8221; el_class=&#8221;publication_title&#8221;][vc_btn title=&#8221;T\u00e9l\u00e9charger&#8221; el_class=&#8221;publication-download&#8221; link=&#8221;url:https%3A%2F%2Ftransparencymaroc.ma%2Fwp-content%2Fuploads%2F2019%2F12%2FPlateforme-de-plaidoyer-TM-droit-d%E2%80%99acc%C3%A8s-%C3%A0-l%E2%80%99information-2010_1.pdf|||&#8221;][\/vc_column_inner][\/vc_row_inner][vc_row_inner gap=&#8221;3&#8243;][vc_column_inner width=&#8221;1\/3&#8243; css=&#8221;.vc_custom_1576060969499{border-top-width: 1px !important;border-right-width: 1px !important;border-bottom-width: 1px !important;border-left-width: 1px !important;padding-top: 5px !important;padding-right: 5px !important;padding-bottom: 5px !important;padding-left: 5px !important;border-left-color: #d1d1d1 !important;border-left-style: solid !important;border-right-color: #d1d1d1 !important;border-right-style: solid !important;border-top-color: #d1d1d1 !important;border-top-style: solid !important;border-bottom-color: #d1d1d1 !important;border-bottom-style: solid !important;}&#8221;][vc_single_image img_size=&#8221;209 X 209&#8243; alignment=&#8221;center&#8221;][vc_custom_heading text=&#8221;Le droit d\u2019acc\u00e8s \u00e0 l\u2019information un pilier pour une meilleure gouvernance&#8221; font_container=&#8221;tag:h4|text_align:left|color:%23000000&#8243; use_theme_fonts=&#8221;yes&#8221; el_class=&#8221;publication_title&#8221;][vc_btn title=&#8221;T\u00e9l\u00e9charger&#8221; el_class=&#8221;publication-download&#8221; link=&#8221;url:https%3A%2F%2Ftransparencymaroc.ma%2Fwp-content%2Fuploads%2F2019%2F12%2FLe-droit-d%E2%80%99acc%C3%A8s-%C3%A0-l%E2%80%99information-un-pilier-pour-une-meilleure-gouvernance.pdf|||&#8221;][\/vc_column_inner][vc_column_inner width=&#8221;1\/3&#8243; css=&#8221;.vc_custom_1576839011101{border-top-width: 1px !important;border-right-width: 1px !important;border-bottom-width: 1px !important;border-left-width: 1px !important;padding-top: 5px !important;padding-right: 5px !important;padding-bottom: 5px !important;padding-left: 5px !important;border-left-color: #d1d1d1 !important;border-right-color: #d1d1d1 !important;border-top-color: #d1d1d1 !important;border-bottom-color: #d1d1d1 !important;}&#8221;][\/vc_column_inner][vc_column_inner width=&#8221;1\/3&#8243; css=&#8221;.vc_custom_1576839015647{border-top-width: 1px !important;border-right-width: 1px !important;border-bottom-width: 1px !important;border-left-width: 1px !important;padding-top: 5px !important;padding-right: 5px !important;padding-bottom: 5px !important;padding-left: 5px !important;border-left-color: #d1d1d1 !important;border-right-color: #d1d1d1 !important;border-top-color: #d1d1d1 !important;border-bottom-color: #d1d1d1 !important;}&#8221;][\/vc_column_inner][\/vc_row_inner][\/vc_column][\/vc_row]<\/p>\n<\/div>","protected":false},"excerpt":{"rendered":"<p>[vc_row css=&#8221;.vc_custom_1561113054520{padding-top: 30px !important;padding-bottom: 30px !important;}&#8221;][vc_column][vc_row_inner gap=&#8221;3&#8243;][vc_column_inner width=&#8221;1\/3&#8243; css=&#8221;.vc_custom_1576060969499{border-top-width: 1px !important;border-right-width: 1px !important;border-bottom-width: 1px !important;border-left-width: 1px [&hellip;]<\/p>\n","protected":false},"author":8,"featured_media":0,"parent":0,"menu_order":0,"comment_status":"closed","ping_status":"closed","template":"","meta":{"_acf_changed":false,"footnotes":""},"class_list":["post-9702","page","type-page","status-publish","hentry"],"acf":[],"yoast_head":"<!-- This site is optimized with the Yoast SEO plugin v27.3 - https:\/\/yoast.com\/product\/yoast-seo-wordpress\/ -->\n<title>Access to Information - Transparency Maroc<\/title>\n<meta name=\"robots\" content=\"index, follow, max-snippet:-1, max-image-preview:large, max-video-preview:-1\" \/>\n<link rel=\"canonical\" href=\"https:\/\/transparencymaroc.ma\/en\/acces-a-linformation\/\" \/>\n<meta property=\"og:locale\" content=\"en_US\" \/>\n<meta property=\"og:type\" content=\"article\" \/>\n<meta property=\"og:title\" content=\"Access to Information - Transparency Maroc\" \/>\n<meta property=\"og:description\" content=\"[vc_row css=&#8221;.vc_custom_1561113054520{padding-top: 30px !important;padding-bottom: 30px !important;}&#8221;][vc_column][vc_row_inner gap=&#8221;3&#8243;][vc_column_inner width=&#8221;1\/3&#8243; css=&#8221;.vc_custom_1576060969499{border-top-width: 1px !important;border-right-width: 1px !important;border-bottom-width: 1px !important;border-left-width: 1px [&hellip;]\" \/>\n<meta property=\"og:url\" content=\"https:\/\/transparencymaroc.ma\/en\/acces-a-linformation\/\" \/>\n<meta property=\"og:site_name\" content=\"Transparency Maroc\" \/>\n<meta property=\"article:publisher\" content=\"https:\/\/www.facebook.com\/TransparencyMarocOfficiel\/\" \/>\n<meta property=\"article:modified_time\" content=\"2026-03-22T11:34:20+00:00\" \/>\n<meta name=\"twitter:card\" content=\"summary_large_image\" \/>\n<meta name=\"twitter:site\" content=\"@TMarocOfficiel\" \/>\n<meta name=\"twitter:label1\" content=\"Est. reading time\" \/>\n\t<meta name=\"twitter:data1\" content=\"4 minutes\" \/>\n<script type=\"application\/ld+json\" class=\"yoast-schema-graph\">{\"@context\":\"https:\\\/\\\/schema.org\",\"@graph\":[{\"@type\":\"WebPage\",\"@id\":\"https:\\\/\\\/transparencymaroc.ma\\\/en\\\/acces-a-linformation\\\/\",\"url\":\"https:\\\/\\\/transparencymaroc.ma\\\/en\\\/acces-a-linformation\\\/\",\"name\":\"Access to Information - Transparency Maroc\",\"isPartOf\":{\"@id\":\"https:\\\/\\\/transparencymaroc.ma\\\/#website\"},\"datePublished\":\"2019-12-20T10:22:40+00:00\",\"dateModified\":\"2026-03-22T11:34:20+00:00\",\"breadcrumb\":{\"@id\":\"https:\\\/\\\/transparencymaroc.ma\\\/en\\\/acces-a-linformation\\\/#breadcrumb\"},\"inLanguage\":\"en-US\",\"potentialAction\":[{\"@type\":\"ReadAction\",\"target\":[\"https:\\\/\\\/transparencymaroc.ma\\\/en\\\/acces-a-linformation\\\/\"]}]},{\"@type\":\"BreadcrumbList\",\"@id\":\"https:\\\/\\\/transparencymaroc.ma\\\/en\\\/acces-a-linformation\\\/#breadcrumb\",\"itemListElement\":[{\"@type\":\"ListItem\",\"position\":1,\"name\":\"Accueil\",\"item\":\"https:\\\/\\\/transparencymaroc.ma\\\/en\\\/\"},{\"@type\":\"ListItem\",\"position\":2,\"name\":\"Access to Information\"}]},{\"@type\":\"WebSite\",\"@id\":\"https:\\\/\\\/transparencymaroc.ma\\\/#website\",\"url\":\"https:\\\/\\\/transparencymaroc.ma\\\/\",\"name\":\"Transparency Maroc\",\"description\":\"Association de lutte contre la corruption au Maroc\",\"publisher\":{\"@id\":\"https:\\\/\\\/transparencymaroc.ma\\\/#organization\"},\"potentialAction\":[{\"@type\":\"SearchAction\",\"target\":{\"@type\":\"EntryPoint\",\"urlTemplate\":\"https:\\\/\\\/transparencymaroc.ma\\\/?s={search_term_string}\"},\"query-input\":{\"@type\":\"PropertyValueSpecification\",\"valueRequired\":true,\"valueName\":\"search_term_string\"}}],\"inLanguage\":\"en-US\"},{\"@type\":\"Organization\",\"@id\":\"https:\\\/\\\/transparencymaroc.ma\\\/#organization\",\"name\":\"Transparency Maroc\",\"url\":\"https:\\\/\\\/transparencymaroc.ma\\\/\",\"logo\":{\"@type\":\"ImageObject\",\"inLanguage\":\"en-US\",\"@id\":\"https:\\\/\\\/transparencymaroc.ma\\\/#\\\/schema\\\/logo\\\/image\\\/\",\"url\":\"https:\\\/\\\/transparencymaroc.ma\\\/wp-content\\\/uploads\\\/2020\\\/01\\\/LogoTMar.svg\",\"contentUrl\":\"https:\\\/\\\/transparencymaroc.ma\\\/wp-content\\\/uploads\\\/2020\\\/01\\\/LogoTMar.svg\",\"width\":491,\"height\":130,\"caption\":\"Transparency Maroc\"},\"image\":{\"@id\":\"https:\\\/\\\/transparencymaroc.ma\\\/#\\\/schema\\\/logo\\\/image\\\/\"},\"sameAs\":[\"https:\\\/\\\/www.facebook.com\\\/TransparencyMarocOfficiel\\\/\",\"https:\\\/\\\/x.com\\\/TMarocOfficiel\"]}]}<\/script>\n<!-- \/ Yoast SEO plugin. -->","yoast_head_json":{"title":"Access to Information - Transparency Maroc","robots":{"index":"index","follow":"follow","max-snippet":"max-snippet:-1","max-image-preview":"max-image-preview:large","max-video-preview":"max-video-preview:-1"},"canonical":"https:\/\/transparencymaroc.ma\/en\/acces-a-linformation\/","og_locale":"en_US","og_type":"article","og_title":"Access to Information - Transparency Maroc","og_description":"[vc_row css=&#8221;.vc_custom_1561113054520{padding-top: 30px !important;padding-bottom: 30px !important;}&#8221;][vc_column][vc_row_inner gap=&#8221;3&#8243;][vc_column_inner width=&#8221;1\/3&#8243; css=&#8221;.vc_custom_1576060969499{border-top-width: 1px !important;border-right-width: 1px !important;border-bottom-width: 1px !important;border-left-width: 1px [&hellip;]","og_url":"https:\/\/transparencymaroc.ma\/en\/acces-a-linformation\/","og_site_name":"Transparency Maroc","article_publisher":"https:\/\/www.facebook.com\/TransparencyMarocOfficiel\/","article_modified_time":"2026-03-22T11:34:20+00:00","twitter_card":"summary_large_image","twitter_site":"@TMarocOfficiel","twitter_misc":{"Est. reading time":"4 minutes"},"schema":{"@context":"https:\/\/schema.org","@graph":[{"@type":"WebPage","@id":"https:\/\/transparencymaroc.ma\/en\/acces-a-linformation\/","url":"https:\/\/transparencymaroc.ma\/en\/acces-a-linformation\/","name":"Access to Information - Transparency Maroc","isPartOf":{"@id":"https:\/\/transparencymaroc.ma\/#website"},"datePublished":"2019-12-20T10:22:40+00:00","dateModified":"2026-03-22T11:34:20+00:00","breadcrumb":{"@id":"https:\/\/transparencymaroc.ma\/en\/acces-a-linformation\/#breadcrumb"},"inLanguage":"en-US","potentialAction":[{"@type":"ReadAction","target":["https:\/\/transparencymaroc.ma\/en\/acces-a-linformation\/"]}]},{"@type":"BreadcrumbList","@id":"https:\/\/transparencymaroc.ma\/en\/acces-a-linformation\/#breadcrumb","itemListElement":[{"@type":"ListItem","position":1,"name":"Accueil","item":"https:\/\/transparencymaroc.ma\/en\/"},{"@type":"ListItem","position":2,"name":"Access to Information"}]},{"@type":"WebSite","@id":"https:\/\/transparencymaroc.ma\/#website","url":"https:\/\/transparencymaroc.ma\/","name":"Transparency Maroc","description":"Association de lutte contre la corruption au Maroc","publisher":{"@id":"https:\/\/transparencymaroc.ma\/#organization"},"potentialAction":[{"@type":"SearchAction","target":{"@type":"EntryPoint","urlTemplate":"https:\/\/transparencymaroc.ma\/?s={search_term_string}"},"query-input":{"@type":"PropertyValueSpecification","valueRequired":true,"valueName":"search_term_string"}}],"inLanguage":"en-US"},{"@type":"Organization","@id":"https:\/\/transparencymaroc.ma\/#organization","name":"Transparency Maroc","url":"https:\/\/transparencymaroc.ma\/","logo":{"@type":"ImageObject","inLanguage":"en-US","@id":"https:\/\/transparencymaroc.ma\/#\/schema\/logo\/image\/","url":"https:\/\/transparencymaroc.ma\/wp-content\/uploads\/2020\/01\/LogoTMar.svg","contentUrl":"https:\/\/transparencymaroc.ma\/wp-content\/uploads\/2020\/01\/LogoTMar.svg","width":491,"height":130,"caption":"Transparency Maroc"},"image":{"@id":"https:\/\/transparencymaroc.ma\/#\/schema\/logo\/image\/"},"sameAs":["https:\/\/www.facebook.com\/TransparencyMarocOfficiel\/","https:\/\/x.com\/TMarocOfficiel"]}]}},"_links":{"self":[{"href":"https:\/\/transparencymaroc.ma\/en\/wp-json\/wp\/v2\/pages\/9702","targetHints":{"allow":["GET"]}}],"collection":[{"href":"https:\/\/transparencymaroc.ma\/en\/wp-json\/wp\/v2\/pages"}],"about":[{"href":"https:\/\/transparencymaroc.ma\/en\/wp-json\/wp\/v2\/types\/page"}],"author":[{"embeddable":true,"href":"https:\/\/transparencymaroc.ma\/en\/wp-json\/wp\/v2\/users\/8"}],"replies":[{"embeddable":true,"href":"https:\/\/transparencymaroc.ma\/en\/wp-json\/wp\/v2\/comments?post=9702"}],"version-history":[{"count":2,"href":"https:\/\/transparencymaroc.ma\/en\/wp-json\/wp\/v2\/pages\/9702\/revisions"}],"predecessor-version":[{"id":9705,"href":"https:\/\/transparencymaroc.ma\/en\/wp-json\/wp\/v2\/pages\/9702\/revisions\/9705"}],"wp:attachment":[{"href":"https:\/\/transparencymaroc.ma\/en\/wp-json\/wp\/v2\/media?parent=9702"}],"curies":[{"name":"wp","href":"https:\/\/api.w.org\/{rel}","templated":true}]}}