{"id":9639,"date":"2020-06-15T20:04:57","date_gmt":"2020-06-15T18:04:57","guid":{"rendered":"https:\/\/transparencymaroc.ma\/projets-clotures\/"},"modified":"2026-03-19T00:30:31","modified_gmt":"2026-03-19T00:30:31","slug":"projets-clotures","status":"publish","type":"page","link":"https:\/\/transparencymaroc.ma\/en\/projets-clotures\/","title":{"rendered":"Closed Projects"},"content":{"rendered":"<div class=\"wpb-content-wrapper\"><p>[vc_row][vc_column][vc_column_text css=&#8221;&#8221;]<\/p>\n<p data-start=\"0\" data-end=\"164\">Several projects have previously been implemented by Transparency Maroc for the prevention of and awareness-raising around corruption. These include, in particular:<\/p>\n<ul>\n<li data-start=\"168\" data-end=\"221\">Monitoring of the national anti-corruption strategy<\/li>\n<li data-start=\"224\" data-end=\"295\">Organizational and structural strengthening of the association (TIMP)<\/li>\n<li data-start=\"298\" data-end=\"331\">National Integrity System (NIS)<\/li>\n<li data-start=\"334\" data-end=\"365\">Reforms for public governance<\/li>\n<li data-start=\"368\" data-end=\"396\">Urgent Voices, 2nd edition<\/li>\n<li data-start=\"399\" data-end=\"473\">Observatory of corruption and the development of transparency in Morocco<\/li>\n<li data-start=\"476\" data-end=\"526\">Regional citizen mobilization against corruption<\/li>\n<li data-start=\"529\" data-end=\"564\">Transparency in sports governance<\/li>\n<li data-start=\"567\" data-end=\"617\">Regional citizen mobilization against corruption<\/li>\n<\/ul>\n<p data-start=\"619\" data-end=\"690\" data-is-last-node=\"\" data-is-only-node=\"\">Download the file below for more information on our completed projects.<\/p>\n<p>[\/vc_column_text][\/vc_column][\/vc_row][vc_row][vc_column][vc_btn title=&#8221;T\u00e9l\u00e9charger&#8221; link=&#8221;url:https%3A%2F%2Ftransparencymaroc.ma%2Fwp-content%2Fuploads%2F2020%2F06%2FProjets-de-TM-cl%C3%B4tur%C3%A9s.pdf|title:Projets%20de%20TM%20Cl%C3%B4tur%C3%A9s||&#8221; el_class=&#8221;publication-download&#8221;][\/vc_column][\/vc_row]<\/p>\n<\/div>","protected":false},"excerpt":{"rendered":"<p>[vc_row][vc_column][vc_column_text css=&#8221;&#8221;] Several projects have previously been implemented by Transparency Maroc for the prevention of and [&hellip;]<\/p>\n","protected":false},"author":8,"featured_media":0,"parent":0,"menu_order":0,"comment_status":"closed","ping_status":"closed","template":"","meta":{"_acf_changed":false,"footnotes":""},"class_list":["post-9639","page","type-page","status-publish","hentry"],"acf":[],"yoast_head":"<!-- This site is optimized with the Yoast SEO plugin v27.3 - https:\/\/yoast.com\/product\/yoast-seo-wordpress\/ -->\n<title>Transparency Maroc - Projets cl\u00f4tur\u00e9s et finalis\u00e9s par l&#039;association<\/title>\n<meta name=\"description\" content=\"Plusieurs projets ont \u00e9t\u00e9 mis en place\u00a0auparavant\u00a0par Transparency Maroc pour la pr\u00e9vention et l\u2019information autour du ph\u00e9nom\u00e8ne de la corruption\u00a0Il s\u2019agit\" \/>\n<meta name=\"robots\" content=\"index, follow, max-snippet:-1, max-image-preview:large, max-video-preview:-1\" \/>\n<link rel=\"canonical\" href=\"https:\/\/transparencymaroc.ma\/en\/projets-clotures\/\" \/>\n<meta property=\"og:locale\" content=\"en_US\" \/>\n<meta property=\"og:type\" content=\"article\" \/>\n<meta property=\"og:title\" content=\"Transparency Maroc - Projets cl\u00f4tur\u00e9s et finalis\u00e9s par l&#039;association\" \/>\n<meta property=\"og:description\" content=\"Plusieurs projets ont \u00e9t\u00e9 mis en place\u00a0auparavant\u00a0par Transparency Maroc pour la pr\u00e9vention et l\u2019information autour du ph\u00e9nom\u00e8ne de la corruption\u00a0Il s\u2019agit\" \/>\n<meta property=\"og:url\" content=\"https:\/\/transparencymaroc.ma\/en\/projets-clotures\/\" \/>\n<meta property=\"og:site_name\" content=\"Transparency Maroc\" \/>\n<meta property=\"article:publisher\" content=\"https:\/\/www.facebook.com\/TransparencyMarocOfficiel\/\" \/>\n<meta property=\"article:modified_time\" content=\"2026-03-19T00:30:31+00:00\" \/>\n<meta name=\"twitter:card\" content=\"summary_large_image\" \/>\n<meta name=\"twitter:site\" content=\"@TMarocOfficiel\" \/>\n<meta name=\"twitter:label1\" content=\"Est. reading time\" \/>\n\t<meta name=\"twitter:data1\" content=\"1 minute\" \/>\n<script type=\"application\/ld+json\" class=\"yoast-schema-graph\">{\"@context\":\"https:\\\/\\\/schema.org\",\"@graph\":[{\"@type\":\"WebPage\",\"@id\":\"https:\\\/\\\/transparencymaroc.ma\\\/en\\\/projets-clotures\\\/\",\"url\":\"https:\\\/\\\/transparencymaroc.ma\\\/en\\\/projets-clotures\\\/\",\"name\":\"Transparency Maroc - Projets cl\u00f4tur\u00e9s et finalis\u00e9s par l'association\",\"isPartOf\":{\"@id\":\"https:\\\/\\\/transparencymaroc.ma\\\/#website\"},\"datePublished\":\"2020-06-15T18:04:57+00:00\",\"dateModified\":\"2026-03-19T00:30:31+00:00\",\"description\":\"Plusieurs projets ont \u00e9t\u00e9 mis en place\u00a0auparavant\u00a0par Transparency Maroc pour la pr\u00e9vention et l\u2019information autour du ph\u00e9nom\u00e8ne de la corruption\u00a0Il s\u2019agit\",\"breadcrumb\":{\"@id\":\"https:\\\/\\\/transparencymaroc.ma\\\/en\\\/projets-clotures\\\/#breadcrumb\"},\"inLanguage\":\"en-US\",\"potentialAction\":[{\"@type\":\"ReadAction\",\"target\":[\"https:\\\/\\\/transparencymaroc.ma\\\/en\\\/projets-clotures\\\/\"]}]},{\"@type\":\"BreadcrumbList\",\"@id\":\"https:\\\/\\\/transparencymaroc.ma\\\/en\\\/projets-clotures\\\/#breadcrumb\",\"itemListElement\":[{\"@type\":\"ListItem\",\"position\":1,\"name\":\"Accueil\",\"item\":\"https:\\\/\\\/transparencymaroc.ma\\\/en\\\/\"},{\"@type\":\"ListItem\",\"position\":2,\"name\":\"Closed Projects\"}]},{\"@type\":\"WebSite\",\"@id\":\"https:\\\/\\\/transparencymaroc.ma\\\/#website\",\"url\":\"https:\\\/\\\/transparencymaroc.ma\\\/\",\"name\":\"Transparency Maroc\",\"description\":\"Association de lutte contre la corruption au Maroc\",\"publisher\":{\"@id\":\"https:\\\/\\\/transparencymaroc.ma\\\/#organization\"},\"potentialAction\":[{\"@type\":\"SearchAction\",\"target\":{\"@type\":\"EntryPoint\",\"urlTemplate\":\"https:\\\/\\\/transparencymaroc.ma\\\/?s={search_term_string}\"},\"query-input\":{\"@type\":\"PropertyValueSpecification\",\"valueRequired\":true,\"valueName\":\"search_term_string\"}}],\"inLanguage\":\"en-US\"},{\"@type\":\"Organization\",\"@id\":\"https:\\\/\\\/transparencymaroc.ma\\\/#organization\",\"name\":\"Transparency Maroc\",\"url\":\"https:\\\/\\\/transparencymaroc.ma\\\/\",\"logo\":{\"@type\":\"ImageObject\",\"inLanguage\":\"en-US\",\"@id\":\"https:\\\/\\\/transparencymaroc.ma\\\/#\\\/schema\\\/logo\\\/image\\\/\",\"url\":\"https:\\\/\\\/transparencymaroc.ma\\\/wp-content\\\/uploads\\\/2020\\\/01\\\/LogoTMar.svg\",\"contentUrl\":\"https:\\\/\\\/transparencymaroc.ma\\\/wp-content\\\/uploads\\\/2020\\\/01\\\/LogoTMar.svg\",\"width\":491,\"height\":130,\"caption\":\"Transparency Maroc\"},\"image\":{\"@id\":\"https:\\\/\\\/transparencymaroc.ma\\\/#\\\/schema\\\/logo\\\/image\\\/\"},\"sameAs\":[\"https:\\\/\\\/www.facebook.com\\\/TransparencyMarocOfficiel\\\/\",\"https:\\\/\\\/x.com\\\/TMarocOfficiel\"]}]}<\/script>\n<!-- \/ Yoast SEO plugin. -->","yoast_head_json":{"title":"Transparency Maroc - Projets cl\u00f4tur\u00e9s et finalis\u00e9s par l'association","description":"Plusieurs projets ont \u00e9t\u00e9 mis en place\u00a0auparavant\u00a0par Transparency Maroc pour la pr\u00e9vention et l\u2019information autour du ph\u00e9nom\u00e8ne de la corruption\u00a0Il s\u2019agit","robots":{"index":"index","follow":"follow","max-snippet":"max-snippet:-1","max-image-preview":"max-image-preview:large","max-video-preview":"max-video-preview:-1"},"canonical":"https:\/\/transparencymaroc.ma\/en\/projets-clotures\/","og_locale":"en_US","og_type":"article","og_title":"Transparency Maroc - Projets cl\u00f4tur\u00e9s et finalis\u00e9s par l'association","og_description":"Plusieurs projets ont \u00e9t\u00e9 mis en place\u00a0auparavant\u00a0par Transparency Maroc pour la pr\u00e9vention et l\u2019information autour du ph\u00e9nom\u00e8ne de la corruption\u00a0Il s\u2019agit","og_url":"https:\/\/transparencymaroc.ma\/en\/projets-clotures\/","og_site_name":"Transparency Maroc","article_publisher":"https:\/\/www.facebook.com\/TransparencyMarocOfficiel\/","article_modified_time":"2026-03-19T00:30:31+00:00","twitter_card":"summary_large_image","twitter_site":"@TMarocOfficiel","twitter_misc":{"Est. reading time":"1 minute"},"schema":{"@context":"https:\/\/schema.org","@graph":[{"@type":"WebPage","@id":"https:\/\/transparencymaroc.ma\/en\/projets-clotures\/","url":"https:\/\/transparencymaroc.ma\/en\/projets-clotures\/","name":"Transparency Maroc - Projets cl\u00f4tur\u00e9s et finalis\u00e9s par l'association","isPartOf":{"@id":"https:\/\/transparencymaroc.ma\/#website"},"datePublished":"2020-06-15T18:04:57+00:00","dateModified":"2026-03-19T00:30:31+00:00","description":"Plusieurs projets ont \u00e9t\u00e9 mis en place\u00a0auparavant\u00a0par Transparency Maroc pour la pr\u00e9vention et l\u2019information autour du ph\u00e9nom\u00e8ne de la corruption\u00a0Il s\u2019agit","breadcrumb":{"@id":"https:\/\/transparencymaroc.ma\/en\/projets-clotures\/#breadcrumb"},"inLanguage":"en-US","potentialAction":[{"@type":"ReadAction","target":["https:\/\/transparencymaroc.ma\/en\/projets-clotures\/"]}]},{"@type":"BreadcrumbList","@id":"https:\/\/transparencymaroc.ma\/en\/projets-clotures\/#breadcrumb","itemListElement":[{"@type":"ListItem","position":1,"name":"Accueil","item":"https:\/\/transparencymaroc.ma\/en\/"},{"@type":"ListItem","position":2,"name":"Closed Projects"}]},{"@type":"WebSite","@id":"https:\/\/transparencymaroc.ma\/#website","url":"https:\/\/transparencymaroc.ma\/","name":"Transparency Maroc","description":"Association de lutte contre la corruption au Maroc","publisher":{"@id":"https:\/\/transparencymaroc.ma\/#organization"},"potentialAction":[{"@type":"SearchAction","target":{"@type":"EntryPoint","urlTemplate":"https:\/\/transparencymaroc.ma\/?s={search_term_string}"},"query-input":{"@type":"PropertyValueSpecification","valueRequired":true,"valueName":"search_term_string"}}],"inLanguage":"en-US"},{"@type":"Organization","@id":"https:\/\/transparencymaroc.ma\/#organization","name":"Transparency Maroc","url":"https:\/\/transparencymaroc.ma\/","logo":{"@type":"ImageObject","inLanguage":"en-US","@id":"https:\/\/transparencymaroc.ma\/#\/schema\/logo\/image\/","url":"https:\/\/transparencymaroc.ma\/wp-content\/uploads\/2020\/01\/LogoTMar.svg","contentUrl":"https:\/\/transparencymaroc.ma\/wp-content\/uploads\/2020\/01\/LogoTMar.svg","width":491,"height":130,"caption":"Transparency Maroc"},"image":{"@id":"https:\/\/transparencymaroc.ma\/#\/schema\/logo\/image\/"},"sameAs":["https:\/\/www.facebook.com\/TransparencyMarocOfficiel\/","https:\/\/x.com\/TMarocOfficiel"]}]}},"_links":{"self":[{"href":"https:\/\/transparencymaroc.ma\/en\/wp-json\/wp\/v2\/pages\/9639","targetHints":{"allow":["GET"]}}],"collection":[{"href":"https:\/\/transparencymaroc.ma\/en\/wp-json\/wp\/v2\/pages"}],"about":[{"href":"https:\/\/transparencymaroc.ma\/en\/wp-json\/wp\/v2\/types\/page"}],"author":[{"embeddable":true,"href":"https:\/\/transparencymaroc.ma\/en\/wp-json\/wp\/v2\/users\/8"}],"replies":[{"embeddable":true,"href":"https:\/\/transparencymaroc.ma\/en\/wp-json\/wp\/v2\/comments?post=9639"}],"version-history":[{"count":2,"href":"https:\/\/transparencymaroc.ma\/en\/wp-json\/wp\/v2\/pages\/9639\/revisions"}],"predecessor-version":[{"id":9641,"href":"https:\/\/transparencymaroc.ma\/en\/wp-json\/wp\/v2\/pages\/9639\/revisions\/9641"}],"wp:attachment":[{"href":"https:\/\/transparencymaroc.ma\/en\/wp-json\/wp\/v2\/media?parent=9639"}],"curies":[{"name":"wp","href":"https:\/\/api.w.org\/{rel}","templated":true}]}}