{"id":9607,"date":"2019-10-15T18:49:05","date_gmt":"2019-10-15T16:49:05","guid":{"rendered":"https:\/\/transparencymaroc.ma\/presentation-du-projet-mobilisation-contre-la-corruption-cajac-nador\/"},"modified":"2026-04-01T15:24:46","modified_gmt":"2026-04-01T14:24:46","slug":"presentation-du-projet-mobilisation-contre-la-corruption-cajac-nador","status":"publish","type":"page","link":"https:\/\/transparencymaroc.ma\/en\/presentation-du-projet-mobilisation-contre-la-corruption-cajac-nador\/","title":{"rendered":"Mobilization Against Corruption \u2013 CAJAC Nador"},"content":{"rendered":"<div class=\"wpb-content-wrapper\"><p>[vc_row css=&#8221;.vc_custom_1561113054520{padding-top: 30px !important;padding-bottom: 30px !important;}&#8221;][vc_column]<div class=\"ult-spacer spacer-69d69d23b24ed\" data-id=\"69d69d23b24ed\" data-height=\"20\" data-height-mobile=\"20\" data-height-tab=\"20\" data-height-tab-portrait=\"\" data-height-mobile-landscape=\"\" style=\"clear:both;display:block;\"><\/div>[vc_column_text css=&#8221;&#8221;]<\/p>\n<p style=\"text-align: left;\"><strong>Corruption is a violation of fundamental rights and human dignity. With its significant impacts on development and equal opportunities, corruption is one of the major issues faced by Moroccan public services. As demonstrated by the Corruption Perceptions Index of Transparency International (TI), Morocco is among the countries most affected by corruption, and its situation continues to deteriorate over time. In 2016, Morocco ranked 90th globally with a score of 37 out of 100.<\/strong><\/p>\n<p style=\"text-align: left;\"><strong>The Oriental region, due to its remoteness and the isolation of its rural and urban areas, is highly affected by the phenomenon of corruption, which is further exacerbated by:<\/strong><\/p>\n<ul style=\"text-align: left;\">\n<li><strong>The precarious income levels of residents;<\/strong><\/li>\n<li><strong>The lack of basic infrastructure;<\/strong><\/li>\n<li><strong>The inability of citizens to resist corruption;<\/strong><\/li>\n<\/ul>\n<p style=\"text-align: left;\"><strong>The lack of training and capacity-building within the associative sector.<\/strong><\/p>\n<p>[\/vc_column_text][vc_custom_heading text=&#8221;Overall Objective (Outcome): In general, the project aims to:<br \/>\n&#8221; font_container=&#8221;tag:h2|font_size:17|text_align:left|color:%233f88c5|line_height:17&#8243; use_theme_fonts=&#8221;yes&#8221; css=&#8221;&#8221; el_class=&#8221;mytitle2&#8243;]<div class=\"ult-spacer spacer-69d69d23b251e\" data-id=\"69d69d23b251e\" data-height=\"20\" data-height-mobile=\"20\" data-height-tab=\"20\" data-height-tab-portrait=\"\" data-height-mobile-landscape=\"\" style=\"clear:both;display:block;\"><\/div>[vc_column_text css=&#8221;&#8221;]<\/p>\n<p style=\"text-align: justify;\">At the collective level, this project aims to promote civic behavior through adherence to the values of transparency and accountability. Its operation also serves as a primary source of information, enabling Transparency Maroc to better target its priorities and provide stakeholders with reliable data on corruption, in order to deepen understanding of the phenomenon and advocate for institutional reforms to be initiated in the short and medium term. The legal assistance promoted by the project also makes it possible to communicate observed dysfunctions to the relevant administrations and to encourage them both to deliver justice to complainants and to correct the procedures and practices in question, thereby promoting transparency and accountability.<\/p>\n<p>[\/vc_column_text]<div class=\"ult-spacer spacer-69d69d23b253a\" data-id=\"69d69d23b253a\" data-height=\"10\" data-height-mobile=\"10\" data-height-tab=\"10\" data-height-tab-portrait=\"\" data-height-mobile-landscape=\"\" style=\"clear:both;display:block;\"><\/div>[vc_custom_heading text=&#8221;SPECIFIC OBJECTIVES:&#8221; font_container=&#8221;tag:h2|font_size:17|text_align:left|color:%233f88c5|line_height:17&#8243; use_theme_fonts=&#8221;yes&#8221; css=&#8221;&#8221; el_class=&#8221;mytitle2&#8243;]<div class=\"ult-spacer spacer-69d69d23b2550\" data-id=\"69d69d23b2550\" data-height=\"20\" data-height-mobile=\"20\" data-height-tab=\"20\" data-height-tab-portrait=\"\" data-height-mobile-landscape=\"\" style=\"clear:both;display:block;\"><\/div>[vc_column_text css=&#8221;&#8221;]<strong>The project will ensure close engagement with beneficiaries and will primarily aim to:<\/strong><\/p>\n<ul>\n<li>Raise citizens\u2019 awareness that corruption is unacceptable, that refusing it is a civic duty, and that Transparency Maroc is ready to support them in this fight;<\/li>\n<li>Inform citizens about the consequences of corruption and train officials and employees from both the public and private sectors on the various forms of corruption and ways to combat it;<\/li>\n<li>Work in synergy with local associative networks, local administrative authorities, and the media, notably by organizing roundtables and training sessions;<\/li>\n<li>Assist and advise citizens in their efforts to obtain their rights (through justice or by filing a complaint with a public administration);<\/li>\n<li>Identify the sectors most affected by corruption at the regional level that require intervention from the center;<\/li>\n<\/ul>\n<p>Conduct advocacy actions for systemic change in the institutional framework and procedures.[\/vc_column_text]<div class=\"ult-spacer spacer-69d69d23b2565\" data-id=\"69d69d23b2565\" data-height=\"10\" data-height-mobile=\"10\" data-height-tab=\"10\" data-height-tab-portrait=\"\" data-height-mobile-landscape=\"\" style=\"clear:both;display:block;\"><\/div>[vc_custom_heading text=&#8221;OBJECTIVES \/ RESULTS \/ ACTIVITIES \/ SUSTAINABILITY&#8221; font_container=&#8221;tag:h2|font_size:17|text_align:left|color:%233f88c5|line_height:17&#8243; use_theme_fonts=&#8221;yes&#8221; css=&#8221;&#8221; el_class=&#8221;mytitle2&#8243;]<div class=\"ult-spacer spacer-69d69d23b257a\" data-id=\"69d69d23b257a\" data-height=\"20\" data-height-mobile=\"20\" data-height-tab=\"20\" data-height-tab-portrait=\"\" data-height-mobile-landscape=\"\" style=\"clear:both;display:block;\"><\/div>[vc_column_text css=&#8221;&#8221;]<\/p>\n<div class=\"table-responsive\">\n<table class=\"table table-bordered\">\n<tbody>\n<tr>\n<td><strong>OBJECTIVES<\/strong><\/td>\n<td><strong>RESULTS<\/strong><\/td>\n<td><strong>ACTIVITIES<\/strong><\/td>\n<td><strong>SUSTAINABILITY<\/strong><\/td>\n<\/tr>\n<tr>\n<td>Raise awareness and inform<\/td>\n<td>\n<p>1-<strong>Citizens<\/strong> are aware of their rights and avenues for recourse;<\/p>\n<p>2- Citizens refuse corruption and demand fair public services without illicit exchanges.<\/p>\n<p>3-<strong>Local media<\/strong> are informed about corruption cases and disseminate credible information.<\/td>\n<td>\n<p>1-Mobile caravans in souks and markets;<\/p>\n<p>2-Booths near public institutions;<\/p>\n<p>3-Brochures and flyers for citizens;<\/p>\n<p>4-Meetings with the media<\/td>\n<td>\n<p>1-At least 2,000 citizens are sensitized;<\/p>\n<p>2-The media have a better understanding of corruption and report on it.<\/td>\n<\/tr>\n<tr>\n<td><strong>Strengthen civil society capacities<\/strong><\/td>\n<td>\n<p>1-<strong>Civil society<\/strong> is involved in the fight against corruption;<\/p>\n<p>2- Is equipped to support citizens.<\/td>\n<td>\n<p>1-Production of educational tools;<\/p>\n<p>2-Training sessions for associations;<\/p>\n<p>3-Open days at TM premises to inform and guide.<\/td>\n<td>\n<p>1-At least 120 civil society actors are trained;<\/p>\n<p>2-The number of anti-corruption activists increases;<\/p>\n<p>3-Associations give greater priority to the fight against corruption.<\/td>\n<\/tr>\n<tr>\n<td><strong>Advocacy and awareness-raising among administrative officials<\/strong><\/td>\n<td>\n<p>1-<strong>Public officials<\/strong> are receptive to advocacy efforts;<\/p>\n<p>2-They are sensitized and increasingly adopt ethical behavior.<\/td>\n<td>\n<p>1-Production of practical tools (manuals) for target officials: best practices, code of conduct\u2026<\/p>\n<p>2-Awareness and advocacy sessions for administrations most affected by corruption.<\/td>\n<td>\n<p>1-At least 6 different administrations are sensitized and participate in sessions;<\/p>\n<p>2-A culture of integrity and transparency is promoted within administrations;<\/p>\n<p>3-A greater number of officials adopt responsible behavior;<\/p>\n<p>4-The culture of transparency and integrity is gradually established within administrations.<\/td>\n<\/tr>\n<tr>\n<td><strong>Listen to and advise victims and witnesses (Listening and Guidance Center)<\/strong><\/td>\n<td>\n<p>1-<strong>Victims and witnesses<\/strong> receive useful support to resist and report corruption;<\/p>\n<p>2-<strong>Reported administrations<\/strong> are addressed and take necessary measures in the interest of victims.<\/td>\n<td>\n<p>1-Receive and assist victims in their efforts to resist and report corruption;<\/p>\n<p>2-Call on administrations regarding allegations made by whistleblowers.<\/td>\n<td>\n<p>1-At least 250 victims or whistleblowers per year receive effective support;<\/p>\n<p>2-Administrations become more responsive to users and increasingly sanction corrupt behavior.<\/td>\n<\/tr>\n<\/tbody>\n<\/table>\n<\/div>\n<p>[\/vc_column_text]<div class=\"ult-spacer spacer-69d69d23b258e\" data-id=\"69d69d23b258e\" data-height=\"10\" data-height-mobile=\"10\" data-height-tab=\"10\" data-height-tab-portrait=\"\" data-height-mobile-landscape=\"\" style=\"clear:both;display:block;\"><\/div>[\/vc_column][\/vc_row][vc_row][vc_column][vc_column_text][\/vc_column_text][\/vc_column][\/vc_row]<\/p>\n<\/div>","protected":false},"excerpt":{"rendered":"<p>[vc_row css=&#8221;.vc_custom_1561113054520{padding-top: 30px !important;padding-bottom: 30px !important;}&#8221;][vc_column][vc_column_text css=&#8221;&#8221;] Corruption is a violation of fundamental rights and human [&hellip;]<\/p>\n","protected":false},"author":8,"featured_media":0,"parent":0,"menu_order":0,"comment_status":"closed","ping_status":"closed","template":"","meta":{"_acf_changed":false,"footnotes":""},"class_list":["post-9607","page","type-page","status-publish","hentry"],"acf":[],"yoast_head":"<!-- This site is optimized with the Yoast SEO plugin v27.3 - https:\/\/yoast.com\/product\/yoast-seo-wordpress\/ -->\n<title>Mobilization Against Corruption \u2013 CAJAC Nador - Transparency Maroc<\/title>\n<meta name=\"description\" content=\"Le projet vise \u00e0 lutter contre la coruption dans la r\u00e9gion orientale et \u00e0 promouvoir les valeurs de transparence, de redevabilit\u00e9 et de reddition de comptes\" \/>\n<meta name=\"robots\" content=\"index, follow, max-snippet:-1, max-image-preview:large, max-video-preview:-1\" \/>\n<link rel=\"canonical\" href=\"https:\/\/transparencymaroc.ma\/en\/presentation-du-projet-mobilisation-contre-la-corruption-cajac-nador\/\" \/>\n<meta property=\"og:locale\" content=\"en_US\" \/>\n<meta property=\"og:type\" content=\"article\" \/>\n<meta property=\"og:title\" content=\"Mobilization Against Corruption \u2013 CAJAC Nador - Transparency Maroc\" \/>\n<meta property=\"og:description\" content=\"Le projet vise \u00e0 lutter contre la coruption dans la r\u00e9gion orientale et \u00e0 promouvoir les valeurs de transparence, de redevabilit\u00e9 et de reddition de comptes\" \/>\n<meta property=\"og:url\" content=\"https:\/\/transparencymaroc.ma\/en\/presentation-du-projet-mobilisation-contre-la-corruption-cajac-nador\/\" \/>\n<meta property=\"og:site_name\" content=\"Transparency Maroc\" \/>\n<meta property=\"article:publisher\" content=\"https:\/\/www.facebook.com\/TransparencyMarocOfficiel\/\" \/>\n<meta property=\"article:modified_time\" content=\"2026-04-01T14:24:46+00:00\" \/>\n<meta name=\"twitter:card\" content=\"summary_large_image\" \/>\n<meta name=\"twitter:site\" content=\"@TMarocOfficiel\" \/>\n<meta name=\"twitter:label1\" content=\"Est. reading time\" \/>\n\t<meta name=\"twitter:data1\" content=\"4 minutes\" \/>\n<script type=\"application\/ld+json\" class=\"yoast-schema-graph\">{\"@context\":\"https:\\\/\\\/schema.org\",\"@graph\":[{\"@type\":\"WebPage\",\"@id\":\"https:\\\/\\\/transparencymaroc.ma\\\/en\\\/presentation-du-projet-mobilisation-contre-la-corruption-cajac-nador\\\/\",\"url\":\"https:\\\/\\\/transparencymaroc.ma\\\/en\\\/presentation-du-projet-mobilisation-contre-la-corruption-cajac-nador\\\/\",\"name\":\"Mobilization Against Corruption \u2013 CAJAC Nador - Transparency Maroc\",\"isPartOf\":{\"@id\":\"https:\\\/\\\/transparencymaroc.ma\\\/#website\"},\"datePublished\":\"2019-10-15T16:49:05+00:00\",\"dateModified\":\"2026-04-01T14:24:46+00:00\",\"description\":\"Le projet vise \u00e0 lutter contre la coruption dans la r\u00e9gion orientale et \u00e0 promouvoir les valeurs de transparence, de redevabilit\u00e9 et de reddition de comptes\",\"breadcrumb\":{\"@id\":\"https:\\\/\\\/transparencymaroc.ma\\\/en\\\/presentation-du-projet-mobilisation-contre-la-corruption-cajac-nador\\\/#breadcrumb\"},\"inLanguage\":\"en-US\",\"potentialAction\":[{\"@type\":\"ReadAction\",\"target\":[\"https:\\\/\\\/transparencymaroc.ma\\\/en\\\/presentation-du-projet-mobilisation-contre-la-corruption-cajac-nador\\\/\"]}]},{\"@type\":\"BreadcrumbList\",\"@id\":\"https:\\\/\\\/transparencymaroc.ma\\\/en\\\/presentation-du-projet-mobilisation-contre-la-corruption-cajac-nador\\\/#breadcrumb\",\"itemListElement\":[{\"@type\":\"ListItem\",\"position\":1,\"name\":\"Accueil\",\"item\":\"https:\\\/\\\/transparencymaroc.ma\\\/en\\\/\"},{\"@type\":\"ListItem\",\"position\":2,\"name\":\"Mobilization Against Corruption \u2013 CAJAC Nador\"}]},{\"@type\":\"WebSite\",\"@id\":\"https:\\\/\\\/transparencymaroc.ma\\\/#website\",\"url\":\"https:\\\/\\\/transparencymaroc.ma\\\/\",\"name\":\"Transparency Maroc\",\"description\":\"Association de lutte contre la corruption au Maroc\",\"publisher\":{\"@id\":\"https:\\\/\\\/transparencymaroc.ma\\\/#organization\"},\"potentialAction\":[{\"@type\":\"SearchAction\",\"target\":{\"@type\":\"EntryPoint\",\"urlTemplate\":\"https:\\\/\\\/transparencymaroc.ma\\\/?s={search_term_string}\"},\"query-input\":{\"@type\":\"PropertyValueSpecification\",\"valueRequired\":true,\"valueName\":\"search_term_string\"}}],\"inLanguage\":\"en-US\"},{\"@type\":\"Organization\",\"@id\":\"https:\\\/\\\/transparencymaroc.ma\\\/#organization\",\"name\":\"Transparency Maroc\",\"url\":\"https:\\\/\\\/transparencymaroc.ma\\\/\",\"logo\":{\"@type\":\"ImageObject\",\"inLanguage\":\"en-US\",\"@id\":\"https:\\\/\\\/transparencymaroc.ma\\\/#\\\/schema\\\/logo\\\/image\\\/\",\"url\":\"https:\\\/\\\/transparencymaroc.ma\\\/wp-content\\\/uploads\\\/2020\\\/01\\\/LogoTMar.svg\",\"contentUrl\":\"https:\\\/\\\/transparencymaroc.ma\\\/wp-content\\\/uploads\\\/2020\\\/01\\\/LogoTMar.svg\",\"width\":491,\"height\":130,\"caption\":\"Transparency Maroc\"},\"image\":{\"@id\":\"https:\\\/\\\/transparencymaroc.ma\\\/#\\\/schema\\\/logo\\\/image\\\/\"},\"sameAs\":[\"https:\\\/\\\/www.facebook.com\\\/TransparencyMarocOfficiel\\\/\",\"https:\\\/\\\/x.com\\\/TMarocOfficiel\"]}]}<\/script>\n<!-- \/ Yoast SEO plugin. -->","yoast_head_json":{"title":"Mobilization Against Corruption \u2013 CAJAC Nador - Transparency Maroc","description":"Le projet vise \u00e0 lutter contre la coruption dans la r\u00e9gion orientale et \u00e0 promouvoir les valeurs de transparence, de redevabilit\u00e9 et de reddition de comptes","robots":{"index":"index","follow":"follow","max-snippet":"max-snippet:-1","max-image-preview":"max-image-preview:large","max-video-preview":"max-video-preview:-1"},"canonical":"https:\/\/transparencymaroc.ma\/en\/presentation-du-projet-mobilisation-contre-la-corruption-cajac-nador\/","og_locale":"en_US","og_type":"article","og_title":"Mobilization Against Corruption \u2013 CAJAC Nador - Transparency Maroc","og_description":"Le projet vise \u00e0 lutter contre la coruption dans la r\u00e9gion orientale et \u00e0 promouvoir les valeurs de transparence, de redevabilit\u00e9 et de reddition de comptes","og_url":"https:\/\/transparencymaroc.ma\/en\/presentation-du-projet-mobilisation-contre-la-corruption-cajac-nador\/","og_site_name":"Transparency Maroc","article_publisher":"https:\/\/www.facebook.com\/TransparencyMarocOfficiel\/","article_modified_time":"2026-04-01T14:24:46+00:00","twitter_card":"summary_large_image","twitter_site":"@TMarocOfficiel","twitter_misc":{"Est. reading time":"4 minutes"},"schema":{"@context":"https:\/\/schema.org","@graph":[{"@type":"WebPage","@id":"https:\/\/transparencymaroc.ma\/en\/presentation-du-projet-mobilisation-contre-la-corruption-cajac-nador\/","url":"https:\/\/transparencymaroc.ma\/en\/presentation-du-projet-mobilisation-contre-la-corruption-cajac-nador\/","name":"Mobilization Against Corruption \u2013 CAJAC Nador - Transparency Maroc","isPartOf":{"@id":"https:\/\/transparencymaroc.ma\/#website"},"datePublished":"2019-10-15T16:49:05+00:00","dateModified":"2026-04-01T14:24:46+00:00","description":"Le projet vise \u00e0 lutter contre la coruption dans la r\u00e9gion orientale et \u00e0 promouvoir les valeurs de transparence, de redevabilit\u00e9 et de reddition de comptes","breadcrumb":{"@id":"https:\/\/transparencymaroc.ma\/en\/presentation-du-projet-mobilisation-contre-la-corruption-cajac-nador\/#breadcrumb"},"inLanguage":"en-US","potentialAction":[{"@type":"ReadAction","target":["https:\/\/transparencymaroc.ma\/en\/presentation-du-projet-mobilisation-contre-la-corruption-cajac-nador\/"]}]},{"@type":"BreadcrumbList","@id":"https:\/\/transparencymaroc.ma\/en\/presentation-du-projet-mobilisation-contre-la-corruption-cajac-nador\/#breadcrumb","itemListElement":[{"@type":"ListItem","position":1,"name":"Accueil","item":"https:\/\/transparencymaroc.ma\/en\/"},{"@type":"ListItem","position":2,"name":"Mobilization Against Corruption \u2013 CAJAC Nador"}]},{"@type":"WebSite","@id":"https:\/\/transparencymaroc.ma\/#website","url":"https:\/\/transparencymaroc.ma\/","name":"Transparency Maroc","description":"Association de lutte contre la corruption au Maroc","publisher":{"@id":"https:\/\/transparencymaroc.ma\/#organization"},"potentialAction":[{"@type":"SearchAction","target":{"@type":"EntryPoint","urlTemplate":"https:\/\/transparencymaroc.ma\/?s={search_term_string}"},"query-input":{"@type":"PropertyValueSpecification","valueRequired":true,"valueName":"search_term_string"}}],"inLanguage":"en-US"},{"@type":"Organization","@id":"https:\/\/transparencymaroc.ma\/#organization","name":"Transparency Maroc","url":"https:\/\/transparencymaroc.ma\/","logo":{"@type":"ImageObject","inLanguage":"en-US","@id":"https:\/\/transparencymaroc.ma\/#\/schema\/logo\/image\/","url":"https:\/\/transparencymaroc.ma\/wp-content\/uploads\/2020\/01\/LogoTMar.svg","contentUrl":"https:\/\/transparencymaroc.ma\/wp-content\/uploads\/2020\/01\/LogoTMar.svg","width":491,"height":130,"caption":"Transparency Maroc"},"image":{"@id":"https:\/\/transparencymaroc.ma\/#\/schema\/logo\/image\/"},"sameAs":["https:\/\/www.facebook.com\/TransparencyMarocOfficiel\/","https:\/\/x.com\/TMarocOfficiel"]}]}},"_links":{"self":[{"href":"https:\/\/transparencymaroc.ma\/en\/wp-json\/wp\/v2\/pages\/9607","targetHints":{"allow":["GET"]}}],"collection":[{"href":"https:\/\/transparencymaroc.ma\/en\/wp-json\/wp\/v2\/pages"}],"about":[{"href":"https:\/\/transparencymaroc.ma\/en\/wp-json\/wp\/v2\/types\/page"}],"author":[{"embeddable":true,"href":"https:\/\/transparencymaroc.ma\/en\/wp-json\/wp\/v2\/users\/8"}],"replies":[{"embeddable":true,"href":"https:\/\/transparencymaroc.ma\/en\/wp-json\/wp\/v2\/comments?post=9607"}],"version-history":[{"count":7,"href":"https:\/\/transparencymaroc.ma\/en\/wp-json\/wp\/v2\/pages\/9607\/revisions"}],"predecessor-version":[{"id":9998,"href":"https:\/\/transparencymaroc.ma\/en\/wp-json\/wp\/v2\/pages\/9607\/revisions\/9998"}],"wp:attachment":[{"href":"https:\/\/transparencymaroc.ma\/en\/wp-json\/wp\/v2\/media?parent=9607"}],"curies":[{"name":"wp","href":"https:\/\/api.w.org\/{rel}","templated":true}]}}