{"id":9596,"date":"2026-03-25T11:06:41","date_gmt":"2026-03-25T10:06:41","guid":{"rendered":"https:\/\/transparencymaroc.ma\/?page_id=9596"},"modified":"2026-03-25T11:06:41","modified_gmt":"2026-03-25T10:06:41","slug":"paroles-de-jeunes-pour-la-redevabilite","status":"publish","type":"page","link":"https:\/\/transparencymaroc.ma\/en\/paroles-de-jeunes-pour-la-redevabilite\/","title":{"rendered":"Words of Young People for Accountability"},"content":{"rendered":"<div class=\"wpb-content-wrapper\"><p>[vc_row css=&#8221;.vc_custom_1561113054520{padding-top: 30px !important;padding-bottom: 30px !important;}&#8221;][vc_column]<div class=\"ult-spacer spacer-69de8ff04bfa8\" data-id=\"69de8ff04bfa8\" data-height=\"20\" data-height-mobile=\"20\" data-height-tab=\"20\" data-height-tab-portrait=\"\" data-height-mobile-landscape=\"\" style=\"clear:both;display:block;\"><\/div>[vc_column_text css=&#8221;&#8221;]<strong>The <em>&#8220;Words of Young People for Accountability&#8221;<\/em> project was implemented in several regions of Morocco and involved social actors, artists, and politicians. The action aimed to strengthen the capacities of local associations and elected officials regarding good governance practices, raise awareness among young citizens about the harms of corruption, the importance of accountability, and the fight against impunity, and promote transparency and responsibility in Moroccan politics.<\/strong>[\/vc_column_text][vc_custom_heading text=&#8221;Project Presentation&#8221; font_container=&#8221;tag:h2|font_size:17|text_align:left|color:%233f88c5|line_height:17&#8243; use_theme_fonts=&#8221;yes&#8221; css=&#8221;&#8221; el_class=&#8221;mytitle2&#8243;]<div class=\"ult-spacer spacer-69de8ff04bfd3\" data-id=\"69de8ff04bfd3\" data-height=\"20\" data-height-mobile=\"20\" data-height-tab=\"20\" data-height-tab-portrait=\"\" data-height-mobile-landscape=\"\" style=\"clear:both;display:block;\"><\/div>[vc_column_text css=&#8221;&#8221;]<em>&#8220;Paroles de Jeunes pour la Redevabilit\u00e9&#8221;<\/em> was a project led by Transparency Morocco in partnership with the Heinrich B\u00f6ll Rabat Morocco Foundation. The initiative launched in 2018 continued in its third phase, which took place over one year, from January 1 to December 30, 2021. Activities engaged social actors, artists, and politicians nationally, with special attention to young academics.[\/vc_column_text]<div class=\"ult-spacer spacer-69de8ff04bfec\" data-id=\"69de8ff04bfec\" data-height=\"10\" data-height-mobile=\"10\" data-height-tab=\"10\" data-height-tab-portrait=\"\" data-height-mobile-landscape=\"\" style=\"clear:both;display:block;\"><\/div>[vc_custom_heading text=&#8221;Objectives of the Project&#8221; font_container=&#8221;tag:h2|font_size:17|text_align:left|color:%233f88c5|line_height:17&#8243; use_theme_fonts=&#8221;yes&#8221; css=&#8221;&#8221; el_class=&#8221;mytitle2&#8243;]<div class=\"ult-spacer spacer-69de8ff04c001\" data-id=\"69de8ff04c001\" data-height=\"20\" data-height-mobile=\"20\" data-height-tab=\"20\" data-height-tab-portrait=\"\" data-height-mobile-landscape=\"\" style=\"clear:both;display:block;\"><\/div>[vc_column_text css=&#8221;&#8221;]<\/p>\n<ul>\n<li>Simplify and popularize the challenges of fighting corruption and related issues such as the right of access to information, sexual corruption, conflicts of interest, and illicit enrichment in the public procurement sector;<\/li>\n<li>Train young people on existing anti-corruption laws and regulations in the project\u2019s targeted sectors;<\/li>\n<li>Disseminate and promote good practices and anti-corruption tools in a clear and accessible manner;<\/li>\n<li>Promote and generate interest in citizen participation;<\/li>\n<li>Foster a culture of dialogue between decision-makers and citizens;<\/li>\n<li>Strengthen the capacities of local associations and elected officials in terms of good practices;<\/li>\n<li>Encourage young people to stand against harmful practices in the management of public funds;<\/li>\n<li>Promote the use of social media as a tool for mobilization and advocacy;<\/li>\n<li>Involve young artists in transparency advocacy;<\/li>\n<li>Capitalize on the awareness materials and productions generated throughout the project.<\/li>\n<\/ul>\n<p>[\/vc_column_text]<div class=\"ult-spacer spacer-69de8ff04c013\" data-id=\"69de8ff04c013\" data-height=\"10\" data-height-mobile=\"10\" data-height-tab=\"10\" data-height-tab-portrait=\"\" data-height-mobile-landscape=\"\" style=\"clear:both;display:block;\"><\/div>[vc_custom_heading text=&#8221;&#8221; font_container=&#8221;tag:h2|font_size:17|text_align:left|color:%233f88c5|line_height:17&#8243; use_theme_fonts=&#8221;yes&#8221; el_class=&#8221;mytitle2&#8243;]<div class=\"ult-spacer spacer-69de8ff04c026\" data-id=\"69de8ff04c026\" data-height=\"20\" data-height-mobile=\"20\" data-height-tab=\"20\" data-height-tab-portrait=\"\" data-height-mobile-landscape=\"\" style=\"clear:both;display:block;\"><\/div>[vc_column_text][\/vc_column_text]<div class=\"ult-spacer spacer-69de8ff04c037\" data-id=\"69de8ff04c037\" data-height=\"10\" data-height-mobile=\"10\" data-height-tab=\"10\" data-height-tab-portrait=\"\" data-height-mobile-landscape=\"\" style=\"clear:both;display:block;\"><\/div>[vc_custom_heading text=&#8221;Expected Results&#8221; font_container=&#8221;tag:h2|font_size:17|text_align:left|color:%233f88c5|line_height:17&#8243; use_theme_fonts=&#8221;yes&#8221; css=&#8221;&#8221; el_class=&#8221;mytitle2&#8243;]<div class=\"ult-spacer spacer-69de8ff04c048\" data-id=\"69de8ff04c048\" data-height=\"20\" data-height-mobile=\"20\" data-height-tab=\"20\" data-height-tab-portrait=\"\" data-height-mobile-landscape=\"\" style=\"clear:both;display:block;\"><\/div>[vc_column_text css=&#8221;&#8221;]As planned, the project:<\/p>\n<ul>\n<li>Produced and disseminated simplified materials on three core themes: tax transparency, sexual corruption, and the right of access to information;<\/li>\n<li>Raised awareness among a large number of young people about the harms of corruption;<\/li>\n<li>Trained elected officials on the legislative framework of the national budget and gender-sensitive budgeting.<\/li>\n<\/ul>\n<p>[\/vc_column_text]<div class=\"ult-spacer spacer-69de8ff04c059\" data-id=\"69de8ff04c059\" data-height=\"10\" data-height-mobile=\"10\" data-height-tab=\"10\" data-height-tab-portrait=\"\" data-height-mobile-landscape=\"\" style=\"clear:both;display:block;\"><\/div>[\/vc_column][\/vc_row][vc_row][vc_column][vc_column_text][\/vc_column_text][\/vc_column][\/vc_row]<\/p>\n<\/div>","protected":false},"excerpt":{"rendered":"<p>[vc_row css=&#8221;.vc_custom_1561113054520{padding-top: 30px !important;padding-bottom: 30px !important;}&#8221;][vc_column][vc_column_text css=&#8221;&#8221;]The &#8220;Words of Young People for Accountability&#8221; project was implemented [&hellip;]<\/p>\n","protected":false},"author":8,"featured_media":0,"parent":0,"menu_order":0,"comment_status":"closed","ping_status":"closed","template":"","meta":{"_acf_changed":false,"footnotes":""},"class_list":["post-9596","page","type-page","status-publish","hentry"],"acf":[],"yoast_head":"<!-- This site is optimized with the Yoast SEO plugin v27.3 - https:\/\/yoast.com\/product\/yoast-seo-wordpress\/ -->\n<title>Projet Words of Young People for Accountability - Transparency Maroc<\/title>\n<meta name=\"description\" content=\"Le projet vise \u00e0 sensibiliser les jeunes citoyennes et citoyens aux m\u00e9faits de la corruption et \u00e0 promouvoir la transparence et la redevabilit\u00e9 au Maroc\" \/>\n<meta name=\"robots\" content=\"index, follow, max-snippet:-1, max-image-preview:large, max-video-preview:-1\" \/>\n<link rel=\"canonical\" href=\"https:\/\/transparencymaroc.ma\/en\/paroles-de-jeunes-pour-la-redevabilite\/\" \/>\n<meta property=\"og:locale\" content=\"en_US\" \/>\n<meta property=\"og:type\" content=\"article\" \/>\n<meta property=\"og:title\" content=\"Projet Words of Young People for Accountability - Transparency Maroc\" \/>\n<meta property=\"og:description\" content=\"Le projet vise \u00e0 sensibiliser les jeunes citoyennes et citoyens aux m\u00e9faits de la corruption et \u00e0 promouvoir la transparence et la redevabilit\u00e9 au Maroc\" \/>\n<meta property=\"og:url\" content=\"https:\/\/transparencymaroc.ma\/en\/paroles-de-jeunes-pour-la-redevabilite\/\" \/>\n<meta property=\"og:site_name\" content=\"Transparency Maroc\" \/>\n<meta property=\"article:publisher\" content=\"https:\/\/www.facebook.com\/TransparencyMarocOfficiel\/\" \/>\n<meta name=\"twitter:card\" content=\"summary_large_image\" \/>\n<meta name=\"twitter:site\" content=\"@TMarocOfficiel\" \/>\n<meta name=\"twitter:label1\" content=\"Est. reading time\" \/>\n\t<meta name=\"twitter:data1\" content=\"3 minutes\" \/>\n<script type=\"application\/ld+json\" class=\"yoast-schema-graph\">{\"@context\":\"https:\\\/\\\/schema.org\",\"@graph\":[{\"@type\":\"WebPage\",\"@id\":\"https:\\\/\\\/transparencymaroc.ma\\\/en\\\/paroles-de-jeunes-pour-la-redevabilite\\\/\",\"url\":\"https:\\\/\\\/transparencymaroc.ma\\\/en\\\/paroles-de-jeunes-pour-la-redevabilite\\\/\",\"name\":\"Projet Words of Young People for Accountability - Transparency Maroc\",\"isPartOf\":{\"@id\":\"https:\\\/\\\/transparencymaroc.ma\\\/#website\"},\"datePublished\":\"2026-03-25T10:06:41+00:00\",\"description\":\"Le projet vise \u00e0 sensibiliser les jeunes citoyennes et citoyens aux m\u00e9faits de la corruption et \u00e0 promouvoir la transparence et la redevabilit\u00e9 au Maroc\",\"breadcrumb\":{\"@id\":\"https:\\\/\\\/transparencymaroc.ma\\\/en\\\/paroles-de-jeunes-pour-la-redevabilite\\\/#breadcrumb\"},\"inLanguage\":\"en-US\",\"potentialAction\":[{\"@type\":\"ReadAction\",\"target\":[\"https:\\\/\\\/transparencymaroc.ma\\\/en\\\/paroles-de-jeunes-pour-la-redevabilite\\\/\"]}]},{\"@type\":\"BreadcrumbList\",\"@id\":\"https:\\\/\\\/transparencymaroc.ma\\\/en\\\/paroles-de-jeunes-pour-la-redevabilite\\\/#breadcrumb\",\"itemListElement\":[{\"@type\":\"ListItem\",\"position\":1,\"name\":\"Accueil\",\"item\":\"https:\\\/\\\/transparencymaroc.ma\\\/en\\\/\"},{\"@type\":\"ListItem\",\"position\":2,\"name\":\"Words of Young People for Accountability\"}]},{\"@type\":\"WebSite\",\"@id\":\"https:\\\/\\\/transparencymaroc.ma\\\/#website\",\"url\":\"https:\\\/\\\/transparencymaroc.ma\\\/\",\"name\":\"Transparency Maroc\",\"description\":\"Association de lutte contre la corruption au Maroc\",\"publisher\":{\"@id\":\"https:\\\/\\\/transparencymaroc.ma\\\/#organization\"},\"potentialAction\":[{\"@type\":\"SearchAction\",\"target\":{\"@type\":\"EntryPoint\",\"urlTemplate\":\"https:\\\/\\\/transparencymaroc.ma\\\/?s={search_term_string}\"},\"query-input\":{\"@type\":\"PropertyValueSpecification\",\"valueRequired\":true,\"valueName\":\"search_term_string\"}}],\"inLanguage\":\"en-US\"},{\"@type\":\"Organization\",\"@id\":\"https:\\\/\\\/transparencymaroc.ma\\\/#organization\",\"name\":\"Transparency Maroc\",\"url\":\"https:\\\/\\\/transparencymaroc.ma\\\/\",\"logo\":{\"@type\":\"ImageObject\",\"inLanguage\":\"en-US\",\"@id\":\"https:\\\/\\\/transparencymaroc.ma\\\/#\\\/schema\\\/logo\\\/image\\\/\",\"url\":\"https:\\\/\\\/transparencymaroc.ma\\\/wp-content\\\/uploads\\\/2020\\\/01\\\/LogoTMar.svg\",\"contentUrl\":\"https:\\\/\\\/transparencymaroc.ma\\\/wp-content\\\/uploads\\\/2020\\\/01\\\/LogoTMar.svg\",\"width\":491,\"height\":130,\"caption\":\"Transparency Maroc\"},\"image\":{\"@id\":\"https:\\\/\\\/transparencymaroc.ma\\\/#\\\/schema\\\/logo\\\/image\\\/\"},\"sameAs\":[\"https:\\\/\\\/www.facebook.com\\\/TransparencyMarocOfficiel\\\/\",\"https:\\\/\\\/x.com\\\/TMarocOfficiel\"]}]}<\/script>\n<!-- \/ Yoast SEO plugin. -->","yoast_head_json":{"title":"Projet Words of Young People for Accountability - Transparency Maroc","description":"Le projet vise \u00e0 sensibiliser les jeunes citoyennes et citoyens aux m\u00e9faits de la corruption et \u00e0 promouvoir la transparence et la redevabilit\u00e9 au Maroc","robots":{"index":"index","follow":"follow","max-snippet":"max-snippet:-1","max-image-preview":"max-image-preview:large","max-video-preview":"max-video-preview:-1"},"canonical":"https:\/\/transparencymaroc.ma\/en\/paroles-de-jeunes-pour-la-redevabilite\/","og_locale":"en_US","og_type":"article","og_title":"Projet Words of Young People for Accountability - Transparency Maroc","og_description":"Le projet vise \u00e0 sensibiliser les jeunes citoyennes et citoyens aux m\u00e9faits de la corruption et \u00e0 promouvoir la transparence et la redevabilit\u00e9 au Maroc","og_url":"https:\/\/transparencymaroc.ma\/en\/paroles-de-jeunes-pour-la-redevabilite\/","og_site_name":"Transparency Maroc","article_publisher":"https:\/\/www.facebook.com\/TransparencyMarocOfficiel\/","twitter_card":"summary_large_image","twitter_site":"@TMarocOfficiel","twitter_misc":{"Est. reading time":"3 minutes"},"schema":{"@context":"https:\/\/schema.org","@graph":[{"@type":"WebPage","@id":"https:\/\/transparencymaroc.ma\/en\/paroles-de-jeunes-pour-la-redevabilite\/","url":"https:\/\/transparencymaroc.ma\/en\/paroles-de-jeunes-pour-la-redevabilite\/","name":"Projet Words of Young People for Accountability - Transparency Maroc","isPartOf":{"@id":"https:\/\/transparencymaroc.ma\/#website"},"datePublished":"2026-03-25T10:06:41+00:00","description":"Le projet vise \u00e0 sensibiliser les jeunes citoyennes et citoyens aux m\u00e9faits de la corruption et \u00e0 promouvoir la transparence et la redevabilit\u00e9 au Maroc","breadcrumb":{"@id":"https:\/\/transparencymaroc.ma\/en\/paroles-de-jeunes-pour-la-redevabilite\/#breadcrumb"},"inLanguage":"en-US","potentialAction":[{"@type":"ReadAction","target":["https:\/\/transparencymaroc.ma\/en\/paroles-de-jeunes-pour-la-redevabilite\/"]}]},{"@type":"BreadcrumbList","@id":"https:\/\/transparencymaroc.ma\/en\/paroles-de-jeunes-pour-la-redevabilite\/#breadcrumb","itemListElement":[{"@type":"ListItem","position":1,"name":"Accueil","item":"https:\/\/transparencymaroc.ma\/en\/"},{"@type":"ListItem","position":2,"name":"Words of Young People for Accountability"}]},{"@type":"WebSite","@id":"https:\/\/transparencymaroc.ma\/#website","url":"https:\/\/transparencymaroc.ma\/","name":"Transparency Maroc","description":"Association de lutte contre la corruption au Maroc","publisher":{"@id":"https:\/\/transparencymaroc.ma\/#organization"},"potentialAction":[{"@type":"SearchAction","target":{"@type":"EntryPoint","urlTemplate":"https:\/\/transparencymaroc.ma\/?s={search_term_string}"},"query-input":{"@type":"PropertyValueSpecification","valueRequired":true,"valueName":"search_term_string"}}],"inLanguage":"en-US"},{"@type":"Organization","@id":"https:\/\/transparencymaroc.ma\/#organization","name":"Transparency Maroc","url":"https:\/\/transparencymaroc.ma\/","logo":{"@type":"ImageObject","inLanguage":"en-US","@id":"https:\/\/transparencymaroc.ma\/#\/schema\/logo\/image\/","url":"https:\/\/transparencymaroc.ma\/wp-content\/uploads\/2020\/01\/LogoTMar.svg","contentUrl":"https:\/\/transparencymaroc.ma\/wp-content\/uploads\/2020\/01\/LogoTMar.svg","width":491,"height":130,"caption":"Transparency Maroc"},"image":{"@id":"https:\/\/transparencymaroc.ma\/#\/schema\/logo\/image\/"},"sameAs":["https:\/\/www.facebook.com\/TransparencyMarocOfficiel\/","https:\/\/x.com\/TMarocOfficiel"]}]}},"_links":{"self":[{"href":"https:\/\/transparencymaroc.ma\/en\/wp-json\/wp\/v2\/pages\/9596","targetHints":{"allow":["GET"]}}],"collection":[{"href":"https:\/\/transparencymaroc.ma\/en\/wp-json\/wp\/v2\/pages"}],"about":[{"href":"https:\/\/transparencymaroc.ma\/en\/wp-json\/wp\/v2\/types\/page"}],"author":[{"embeddable":true,"href":"https:\/\/transparencymaroc.ma\/en\/wp-json\/wp\/v2\/users\/8"}],"replies":[{"embeddable":true,"href":"https:\/\/transparencymaroc.ma\/en\/wp-json\/wp\/v2\/comments?post=9596"}],"version-history":[{"count":9,"href":"https:\/\/transparencymaroc.ma\/en\/wp-json\/wp\/v2\/pages\/9596\/revisions"}],"predecessor-version":[{"id":9813,"href":"https:\/\/transparencymaroc.ma\/en\/wp-json\/wp\/v2\/pages\/9596\/revisions\/9813"}],"wp:attachment":[{"href":"https:\/\/transparencymaroc.ma\/en\/wp-json\/wp\/v2\/media?parent=9596"}],"curies":[{"name":"wp","href":"https:\/\/api.w.org\/{rel}","templated":true}]}}