{"id":10088,"date":"2026-04-30T13:12:33","date_gmt":"2026-04-30T12:12:33","guid":{"rendered":"https:\/\/transparencymaroc.ma\/2022-2\/"},"modified":"2026-05-06T00:51:42","modified_gmt":"2026-05-05T23:51:42","slug":"2022-2","status":"publish","type":"page","link":"https:\/\/transparencymaroc.ma\/en\/2022-2\/","title":{"rendered":"2022"},"content":{"rendered":"<div class=\"wpb-content-wrapper\"><p>[vc_row][vc_column][vc_column_text css=&#8221;&#8221;]<\/p>\n<div style=\"text-align:center; margin: 40px 0;\">\n<table style=\"margin: 0 auto; border-collapse: collapse; width: 100%; max-width: 1100px;\">\n<tbody>\n<tr>\n<td colspan=\"3\" style=\"padding: 14px 0; font-size: 22px; font-weight: bold; text-align: center; border-bottom: 1px solid #ccc;\">\n          2022\n        <\/td>\n<\/tr>\n<tr>\n<th style=\"padding: 12px 20px; text-align: left;\">Publisher<\/th>\n<th style=\"padding: 12px 20px; text-align: left;\">Title<\/th>\n<th style=\"padding: 12px 20px; text-align: left;\">Link<\/th>\n<\/tr>\n<tr>\n<td style=\"padding: 12px 20px;\">TelQuel<\/td>\n<td style=\"padding: 12px 20px;\">Lutte contre la corruption: les d\u00e9clarations de Ouahbi dans le collimateur de Transparency Maroc<\/td>\n<td style=\"padding: 12px 20px;\">\n          <a href=\"https:\/\/telquel.ma\/instant-t\/2022\/05\/26\/lutte-contre-la-corruption-les-declarations-de-ouahbi-dans-le-collimateur-de-transparency-maroc_1768864\/\" target=\"_blank\" rel=\"noopener\">View<\/a>\n        <\/td>\n<\/tr>\n<tr>\n<td style=\"padding: 12px 20px;\">Le Desk<\/td>\n<td style=\"padding: 12px 20px;\">Abdelaziz Nouaydi \u00e9lu secr\u00e9taire g\u00e9n\u00e9ral de Transparency Maroc<\/td>\n<td style=\"padding: 12px 20px;\">\n          <a href=\"https:\/\/ledesk.ma\/encontinu\/abdelaziz-nouaydi-elu-secretaire-general-de-transparency-maroc\/\" target=\"_blank\" rel=\"noopener\">View<\/a>\n        <\/td>\n<\/tr>\n<tr>\n<td style=\"padding: 12px 20px;\">L&#8217;Opinion<\/td>\n<td style=\"padding: 12px 20px;\">Corruption sexuelle : Transparency Maroc publie un guide pour accompagner les victimes<\/td>\n<td style=\"padding: 12px 20px;\">\n          <a href=\"https:\/\/lopinion.ma\/fr\/actu-maroc\/corruption-sexuelle--transparency-maroc-publie-un-guide-pour-accompagner-les-victimes_a16029?articleId=5009f67b-96e7-44ca-9221-93e8a1c5d8bd\" target=\"_blank\" rel=\"noopener\">View<\/a>\n        <\/td>\n<\/tr>\n<tr>\n<td style=\"padding: 12px 20px;\">SNRT News<\/td>\n<td style=\"padding: 12px 20px;\">Corruption: le Maroc en 87e position dans le classement de Transparency International<\/td>\n<td style=\"padding: 12px 20px;\">\n          <a href=\"https:\/\/snrtnews.com\/fr\/article\/corruption-le-maroc-en-87e-position-dans-le-classement-de-transparency-international-31075\" target=\"_blank\" rel=\"noopener\">View<\/a>\n        <\/td>\n<\/tr>\n<tr>\n<td style=\"padding: 12px 20px;\">Maroc Diplomatique<\/td>\n<td style=\"padding: 12px 20px;\">Indice de perception de la corruption : Le Maroc class\u00e9 87\u00e8me \/180<\/td>\n<td style=\"padding: 12px 20px;\">\n          <a href=\"https:\/\/maroc-diplomatique.net\/indice-de-perception-de-la-corruption-le-maroc-classe-87em-180\/\" target=\"_blank\" rel=\"noopener\">View<\/a>\n        <\/td>\n<\/tr>\n<tr>\n<td style=\"padding: 12px 20px;\">UNESCO<\/td>\n<td style=\"padding: 12px 20px;\">The State of accountability in the education sector of Morocco<\/td>\n<td style=\"padding: 12px 20px;\">\n          <a href=\"https:\/\/unesdoc.unesco.org\/ark:\/48223\/pf0000259552.locale=en\" target=\"_blank\" rel=\"noopener\">View<\/a>\n        <\/td>\n<\/tr>\n<tr>\n<td style=\"padding: 12px 20px;\">Medias24<\/td>\n<td style=\"padding: 12px 20px;\">Le Maroc perd une place dans l&#8217;indice de perception de la corruption<\/td>\n<td style=\"padding: 12px 20px;\">\n          <a href=\"https:\/\/medias24.com\/2022\/01\/25\/le-maroc-perd-une-place-dans-lindice-de-perception-de-la-corruption\/\" target=\"_blank\" rel=\"noopener\">View<\/a>\n        <\/td>\n<\/tr>\n<tr>\n<td style=\"padding: 12px 20px;\">Assabah<\/td>\n<td style=\"padding: 12px 20px;\">\u201c\u0627\u0644\u062c\u0646\u0633 \u0645\u0642\u0627\u0628\u0644 \u0627\u0644\u0646\u0642\u0637\u201d\u2026 \u201c\u062a\u0631\u0627\u0646\u0633\u0628\u0631\u0627\u0646\u0633\u064a\u201d \u062a\u0637\u0627\u0644\u0628 \u0628\u0627\u0633\u062a\u062f\u0645\u0627\u062c \u0627\u0644\u0627\u0628\u062a\u0632\u0627\u0632 \u0627\u0644\u062c\u0646\u0633\u064a \u0643\u0631\u0634\u0648\u0629<\/td>\n<td style=\"padding: 12px 20px;\">\n          <a href=\"https:\/\/assabah.ma\/608491.html\" target=\"_blank\" rel=\"noopener\">View<\/a>\n        <\/td>\n<\/tr>\n<\/tbody>\n<\/table>\n<\/div>\n<p>[\/vc_column_text][\/vc_column][\/vc_row]<\/p>\n<\/div>","protected":false},"excerpt":{"rendered":"<p>[vc_row][vc_column][vc_column_text css=&#8221;&#8221;] 2022 Publisher Title Link TelQuel Lutte contre la corruption: les d\u00e9clarations de Ouahbi dans [&hellip;]<\/p>\n","protected":false},"author":12,"featured_media":0,"parent":0,"menu_order":0,"comment_status":"closed","ping_status":"closed","template":"","meta":{"_acf_changed":false,"footnotes":""},"class_list":["post-10088","page","type-page","status-publish","hentry"],"acf":[],"yoast_head":"<!-- This site is optimized with the Yoast SEO plugin v27.5 - https:\/\/yoast.com\/product\/yoast-seo-wordpress\/ -->\n<title>2022 - Transparency Maroc<\/title>\n<meta name=\"robots\" content=\"index, follow, max-snippet:-1, max-image-preview:large, max-video-preview:-1\" \/>\n<link rel=\"canonical\" href=\"https:\/\/transparencymaroc.ma\/en\/2022-2\/\" \/>\n<meta property=\"og:locale\" content=\"en_US\" \/>\n<meta property=\"og:type\" content=\"article\" \/>\n<meta property=\"og:title\" content=\"2022 - Transparency Maroc\" \/>\n<meta property=\"og:description\" content=\"[vc_row][vc_column][vc_column_text css=&#8221;&#8221;] 2022 Publisher Title Link TelQuel Lutte contre la corruption: les d\u00e9clarations de Ouahbi dans [&hellip;]\" \/>\n<meta property=\"og:url\" content=\"https:\/\/transparencymaroc.ma\/en\/2022-2\/\" \/>\n<meta property=\"og:site_name\" content=\"Transparency Maroc\" \/>\n<meta property=\"article:publisher\" content=\"https:\/\/www.facebook.com\/TransparencyMarocOfficiel\/\" \/>\n<meta property=\"article:modified_time\" content=\"2026-05-05T23:51:42+00:00\" \/>\n<meta name=\"twitter:card\" content=\"summary_large_image\" \/>\n<meta name=\"twitter:site\" content=\"@TMarocOfficiel\" \/>\n<meta name=\"twitter:label1\" content=\"Est. reading time\" \/>\n\t<meta name=\"twitter:data1\" content=\"1 minute\" \/>\n<script type=\"application\/ld+json\" class=\"yoast-schema-graph\">{\"@context\":\"https:\\\/\\\/schema.org\",\"@graph\":[{\"@type\":\"WebPage\",\"@id\":\"https:\\\/\\\/transparencymaroc.ma\\\/en\\\/2022-2\\\/\",\"url\":\"https:\\\/\\\/transparencymaroc.ma\\\/en\\\/2022-2\\\/\",\"name\":\"2022 - Transparency Maroc\",\"isPartOf\":{\"@id\":\"https:\\\/\\\/transparencymaroc.ma\\\/#website\"},\"datePublished\":\"2026-04-30T12:12:33+00:00\",\"dateModified\":\"2026-05-05T23:51:42+00:00\",\"breadcrumb\":{\"@id\":\"https:\\\/\\\/transparencymaroc.ma\\\/en\\\/2022-2\\\/#breadcrumb\"},\"inLanguage\":\"en-US\",\"potentialAction\":[{\"@type\":\"ReadAction\",\"target\":[\"https:\\\/\\\/transparencymaroc.ma\\\/en\\\/2022-2\\\/\"]}]},{\"@type\":\"BreadcrumbList\",\"@id\":\"https:\\\/\\\/transparencymaroc.ma\\\/en\\\/2022-2\\\/#breadcrumb\",\"itemListElement\":[{\"@type\":\"ListItem\",\"position\":1,\"name\":\"Accueil\",\"item\":\"https:\\\/\\\/transparencymaroc.ma\\\/en\\\/\"},{\"@type\":\"ListItem\",\"position\":2,\"name\":\"2022\"}]},{\"@type\":\"WebSite\",\"@id\":\"https:\\\/\\\/transparencymaroc.ma\\\/#website\",\"url\":\"https:\\\/\\\/transparencymaroc.ma\\\/\",\"name\":\"Transparency Maroc\",\"description\":\"Association de lutte contre la corruption au Maroc\",\"publisher\":{\"@id\":\"https:\\\/\\\/transparencymaroc.ma\\\/#organization\"},\"potentialAction\":[{\"@type\":\"SearchAction\",\"target\":{\"@type\":\"EntryPoint\",\"urlTemplate\":\"https:\\\/\\\/transparencymaroc.ma\\\/?s={search_term_string}\"},\"query-input\":{\"@type\":\"PropertyValueSpecification\",\"valueRequired\":true,\"valueName\":\"search_term_string\"}}],\"inLanguage\":\"en-US\"},{\"@type\":\"Organization\",\"@id\":\"https:\\\/\\\/transparencymaroc.ma\\\/#organization\",\"name\":\"Transparency Maroc\",\"url\":\"https:\\\/\\\/transparencymaroc.ma\\\/\",\"logo\":{\"@type\":\"ImageObject\",\"inLanguage\":\"en-US\",\"@id\":\"https:\\\/\\\/transparencymaroc.ma\\\/#\\\/schema\\\/logo\\\/image\\\/\",\"url\":\"https:\\\/\\\/transparencymaroc.ma\\\/wp-content\\\/uploads\\\/2020\\\/01\\\/LogoTMar.svg\",\"contentUrl\":\"https:\\\/\\\/transparencymaroc.ma\\\/wp-content\\\/uploads\\\/2020\\\/01\\\/LogoTMar.svg\",\"width\":491,\"height\":130,\"caption\":\"Transparency Maroc\"},\"image\":{\"@id\":\"https:\\\/\\\/transparencymaroc.ma\\\/#\\\/schema\\\/logo\\\/image\\\/\"},\"sameAs\":[\"https:\\\/\\\/www.facebook.com\\\/TransparencyMarocOfficiel\\\/\",\"https:\\\/\\\/x.com\\\/TMarocOfficiel\"]}]}<\/script>\n<!-- \/ Yoast SEO plugin. -->","yoast_head_json":{"title":"2022 - Transparency Maroc","robots":{"index":"index","follow":"follow","max-snippet":"max-snippet:-1","max-image-preview":"max-image-preview:large","max-video-preview":"max-video-preview:-1"},"canonical":"https:\/\/transparencymaroc.ma\/en\/2022-2\/","og_locale":"en_US","og_type":"article","og_title":"2022 - Transparency Maroc","og_description":"[vc_row][vc_column][vc_column_text css=&#8221;&#8221;] 2022 Publisher Title Link TelQuel Lutte contre la corruption: les d\u00e9clarations de Ouahbi dans [&hellip;]","og_url":"https:\/\/transparencymaroc.ma\/en\/2022-2\/","og_site_name":"Transparency Maroc","article_publisher":"https:\/\/www.facebook.com\/TransparencyMarocOfficiel\/","article_modified_time":"2026-05-05T23:51:42+00:00","twitter_card":"summary_large_image","twitter_site":"@TMarocOfficiel","twitter_misc":{"Est. reading time":"1 minute"},"schema":{"@context":"https:\/\/schema.org","@graph":[{"@type":"WebPage","@id":"https:\/\/transparencymaroc.ma\/en\/2022-2\/","url":"https:\/\/transparencymaroc.ma\/en\/2022-2\/","name":"2022 - Transparency Maroc","isPartOf":{"@id":"https:\/\/transparencymaroc.ma\/#website"},"datePublished":"2026-04-30T12:12:33+00:00","dateModified":"2026-05-05T23:51:42+00:00","breadcrumb":{"@id":"https:\/\/transparencymaroc.ma\/en\/2022-2\/#breadcrumb"},"inLanguage":"en-US","potentialAction":[{"@type":"ReadAction","target":["https:\/\/transparencymaroc.ma\/en\/2022-2\/"]}]},{"@type":"BreadcrumbList","@id":"https:\/\/transparencymaroc.ma\/en\/2022-2\/#breadcrumb","itemListElement":[{"@type":"ListItem","position":1,"name":"Accueil","item":"https:\/\/transparencymaroc.ma\/en\/"},{"@type":"ListItem","position":2,"name":"2022"}]},{"@type":"WebSite","@id":"https:\/\/transparencymaroc.ma\/#website","url":"https:\/\/transparencymaroc.ma\/","name":"Transparency Maroc","description":"Association de lutte contre la corruption au Maroc","publisher":{"@id":"https:\/\/transparencymaroc.ma\/#organization"},"potentialAction":[{"@type":"SearchAction","target":{"@type":"EntryPoint","urlTemplate":"https:\/\/transparencymaroc.ma\/?s={search_term_string}"},"query-input":{"@type":"PropertyValueSpecification","valueRequired":true,"valueName":"search_term_string"}}],"inLanguage":"en-US"},{"@type":"Organization","@id":"https:\/\/transparencymaroc.ma\/#organization","name":"Transparency Maroc","url":"https:\/\/transparencymaroc.ma\/","logo":{"@type":"ImageObject","inLanguage":"en-US","@id":"https:\/\/transparencymaroc.ma\/#\/schema\/logo\/image\/","url":"https:\/\/transparencymaroc.ma\/wp-content\/uploads\/2020\/01\/LogoTMar.svg","contentUrl":"https:\/\/transparencymaroc.ma\/wp-content\/uploads\/2020\/01\/LogoTMar.svg","width":491,"height":130,"caption":"Transparency Maroc"},"image":{"@id":"https:\/\/transparencymaroc.ma\/#\/schema\/logo\/image\/"},"sameAs":["https:\/\/www.facebook.com\/TransparencyMarocOfficiel\/","https:\/\/x.com\/TMarocOfficiel"]}]}},"_links":{"self":[{"href":"https:\/\/transparencymaroc.ma\/en\/wp-json\/wp\/v2\/pages\/10088","targetHints":{"allow":["GET"]}}],"collection":[{"href":"https:\/\/transparencymaroc.ma\/en\/wp-json\/wp\/v2\/pages"}],"about":[{"href":"https:\/\/transparencymaroc.ma\/en\/wp-json\/wp\/v2\/types\/page"}],"author":[{"embeddable":true,"href":"https:\/\/transparencymaroc.ma\/en\/wp-json\/wp\/v2\/users\/12"}],"replies":[{"embeddable":true,"href":"https:\/\/transparencymaroc.ma\/en\/wp-json\/wp\/v2\/comments?post=10088"}],"version-history":[{"count":1,"href":"https:\/\/transparencymaroc.ma\/en\/wp-json\/wp\/v2\/pages\/10088\/revisions"}],"predecessor-version":[{"id":10089,"href":"https:\/\/transparencymaroc.ma\/en\/wp-json\/wp\/v2\/pages\/10088\/revisions\/10089"}],"wp:attachment":[{"href":"https:\/\/transparencymaroc.ma\/en\/wp-json\/wp\/v2\/media?parent=10088"}],"curies":[{"name":"wp","href":"https:\/\/api.w.org\/{rel}","templated":true}]}}