{"id":9980,"date":"2025-03-11T22:25:15","date_gmt":"2025-03-11T22:25:15","guid":{"rendered":"https:\/\/transparencymaroc.ma\/transparency-now-prevention-et-repression-de-la-corruption\/"},"modified":"2026-04-01T14:48:41","modified_gmt":"2026-04-01T13:48:41","slug":"transparency-now-prevention-et-repression-de-la-corruption","status":"publish","type":"page","link":"https:\/\/transparencymaroc.ma\/ar\/%d9%85%d8%b4%d8%a7%d8%b1%d9%8a%d8%b9\/transparency-now-prevention-et-repression-de-la-corruption\/","title":{"rendered":"\u0627\u0644\u0634\u0641\u0627\u0641\u064a\u0629 \u0627\u0644\u0622\u0646: \u062a\u0639\u0632\u064a\u0632 \u0627\u0644\u062c\u0647\u0648\u062f \u0644\u0645\u0646\u0639 \u0648\u0645\u0643\u0627\u0641\u062d\u0629 \u0623\u0639\u0645\u0627\u0644 \u0627\u0644\u0641\u0633\u0627\u062f"},"content":{"rendered":"<div class=\"wpb-content-wrapper\"><p>[vc_row][vc_column][vc_column_text css=&#8221;&#8221;]<b>\u0645\u0646\u0633\u0642 \u0627\u0644\u0645\u0634\u0631\u0648\u0639:<span>\u00a0<\/span><\/b><span>\u0639\u0644\u0649 \u0627\u0644\u0635\u062f\u0642\u064a<\/span><\/p>\n<p><b>\u0627\u0644\u062c\u0647\u0629 \u0627\u0644\u062f\u0627\u0639\u0645\u0629:<span>\u00a0<\/span><\/b><span>\u0627\u0644\u0627\u062a\u062d\u0627\u062f \u0627\u0644\u0623\u0648\u0631\u0648\u0628\u064a<\/span><\/p>\n<p><b>\u0627\u0644\u0645\u064a\u0632\u0627\u0646\u064a\u0629:<span>\u00a0<\/span><\/b><span>160000 \u064a\u0648\u0631\u0648<\/span><\/p>\n<p><b>\u0627\u0644\u0645\u062f\u0629:<span>\u00a0<\/span><\/b><span>1 \u064a\u0648\u0644\u064a\u0648\u0632 2024 \u2013 30 \u064a\u0648\u0646\u064a\u0648 2027<\/span><\/p>\n<ul>\n<li>\n<h3><b>\u00a0<\/b><strong>\u0627\u0644\u0633\u064a\u0627\u0642 \u0627\u0644\u0627\u0633\u062a\u0631\u0627\u062a\u064a\u062c\u064a<\/strong><\/h3>\n<\/li>\n<\/ul>\n<p><span>\u064a\u062a\u0645\u0627\u0634\u0649 \u0645\u0634\u0631\u0648\u0639 \u201c\u0627\u0644\u0634\u0641\u0627\u0641\u064a\u0629 \u0627\u0644\u0622\u0646 \u201c\u0645\u0639 \u0627\u0644\u0623\u0647\u062f\u0627\u0641 \u0627\u0644\u0627\u0633\u062a\u0631\u0627\u062a\u064a\u062c\u064a\u0629 \u0644\u062e\u0637\u0629 \u0627\u0644\u0623\u0645\u0645 \u0627\u0644\u0645\u062a\u062d\u062f\u0629 \u0644\u0644\u062a\u0646\u0645\u064a\u0629 \u0627\u0644\u0645\u0633\u062a\u062f\u0627\u0645\u0629 \u0644\u0639\u0627\u0645 2030. \u0648\u064a\u0633\u0627\u0647\u0645 \u0641\u064a \u062a\u062d\u0642\u064a\u0642 \u0627\u0644\u0647\u062f\u0641 \u0627\u0644\u0633\u0627\u062f\u0633 \u0639\u0634\u0631 \u0645\u0646 \u0623\u0647\u062f\u0627\u0641 \u0627\u0644\u062a\u0646\u0645\u064a\u0629 \u0627\u0644\u0645\u0633\u062a\u062f\u0627\u0645\u0629\u060c \u0627\u0644\u0630\u064a \u064a\u0646\u0635 \u0639\u0644\u0649: \u201c\u062a\u0639\u0632\u064a\u0632 \u0645\u062c\u062a\u0645\u0639\u0627\u062a \u0633\u0644\u0645\u064a\u0629 \u0648\u0634\u0627\u0645\u0644\u0629 \u0644\u062a\u062d\u0642\u064a\u0642 \u0627\u0644\u062a\u0646\u0645\u064a\u0629 \u0627\u0644\u0645\u0633\u062a\u062f\u0627\u0645\u0629\u060c \u0648\u062a\u0648\u0641\u064a\u0631 \u0633\u0628\u0644 \u0627\u0644\u0648\u0635\u0648\u0644 \u0625\u0644\u0649 \u0627\u0644\u0639\u062f\u0627\u0644\u0629 \u0644\u0644\u062c\u0645\u064a\u0639\u060c \u0648\u0628\u0646\u0627\u0621 \u0645\u062c\u062a\u0645\u0639\u0627\u062a \u0641\u0639\u0651\u0627\u0644\u0629 \u0648\u062e\u0627\u0636\u0639\u0629 \u0644\u0644\u0645\u0633\u0627\u0621\u0644\u0629 \u0648\u0645\u0624\u0633\u0633\u0627\u062a \u0634\u0627\u0645\u0644\u0629 \u0639\u0644\u0649 \u062c\u0645\u064a\u0639 \u0627\u0644\u0645\u0633\u062a\u0648\u064a\u0627\u062a\u201d.\u00a0<\/span><\/p>\n<p><span>\u0648\u064a\u0647\u062f\u0641 \u0647\u0630\u0627 \u0627\u0644\u0645\u0634\u0631\u0648\u0639 \u0625\u0644\u0649 \u062a\u0639\u0632\u064a\u0632 \u0627\u0644\u0645\u062c\u0647\u0648\u062f\u0627\u062a \u0641\u064a \u0645\u062c\u0627\u0644 \u0627\u0644\u0648\u0642\u0627\u064a\u0629 \u0645\u0646 \u0627\u0644\u0641\u0633\u0627\u062f \u0648\u0645\u0643\u0627\u0641\u062d\u062a\u0647\u060c \u0641\u0636\u0644\u064b\u0627 \u0639\u0646 \u0636\u0628\u0637 \u0648\u0645\u0635\u0627\u062f\u0631\u0629 \u0627\u0644\u0623\u0635\u0648\u0644 \u0627\u0644\u0645\u0631\u062a\u0628\u0637\u0629 \u0628\u0647\u0630\u0627 \u0627\u0644\u0641\u0633\u0627\u062f\u060c \u0648\u064a\u062a\u0645\u062b\u0644 \u0627\u0644\u0647\u062f\u0641 \u0627\u0644\u0641\u0631\u0639\u064a \u0627\u0644\u0631\u0626\u064a\u0633\u064a \u0644\u0647\u0630\u0627 \u0627\u0644\u0645\u0634\u0631\u0648\u0639 \u0641\u064a \u062a\u062d\u0633\u064a\u0646 \u0622\u0644\u064a\u0627\u062a \u0648\u0625\u062c\u0631\u0627\u0621\u0627\u062a \u062a\u0639\u0632\u064a\u0632 \u0643\u0634\u0641 \u0627\u0644\u0641\u0633\u0627\u062f \u0627\u0644\u0639\u0627\u0628\u0631 \u0644\u0644\u062d\u062f\u0648\u062f\u060c \u0648\u0627\u0644\u062a\u062f\u0641\u0642\u0627\u062a \u0627\u0644\u0645\u0627\u0644\u064a\u0629 \u063a\u064a\u0631 \u0627\u0644\u0645\u0634\u0631\u0648\u0639\u0629 \u0627\u0644\u0646\u0627\u062c\u0645\u0629 \u0639\u0646\u0647.<\/span><\/p>\n<p><span>\u00a0\u00a0\u00a0\u064a\u062a\u0645 \u0625\u0646\u062c\u0627\u0632 \u0647\u0630\u0627 \u0627\u0644\u0645\u0634\u0631\u0648\u0639 \u0628\u0634\u0631\u0627\u0643\u0629 \u0645\u0639 \u0645\u0646\u0638\u0645\u0629 \u0627\u0644\u0634\u0641\u0627\u0641\u064a\u0629 \u0627\u0644\u062f\u0648\u0644\u064a\u0629 \u0644\u0645\u062f\u0629 36 \u0634\u0647\u0631\u064b\u0627\u060c \u0627\u0628\u062a\u062f\u0627\u0621 \u0645\u0646 \u0641\u0627\u062a\u062d \u064a\u0648\u0644\u064a\u0648\u0632 2024 \u0625\u0644\u0649 \u0646\u0647\u0627\u064a\u0629 \u064a\u0648\u0646\u064a\u0648 2027.<\/span><\/p>\n<p>&nbsp;<\/p>\n<ul>\n<li>\n<h3><strong>\u0627\u0644\u0647\u062f\u0641 \u0627\u0644\u0639\u0627\u0645<\/strong><\/h3>\n<\/li>\n<li aria-level=\"1\"><span>\u062a\u0639\u0632\u064a\u0632 \u0639\u0645\u0644\u064a\u0629 \u0645\u062d\u0627\u0631\u0628\u0629 \u0627\u0644\u0641\u0633\u0627\u062f \u0648\u0627\u0644\u0648\u0642\u0627\u064a\u0629 \u0645\u0646\u0647\u060c \u0648\u062f\u0639\u0645 \u062c\u0647\u0648\u062f \u062f\u064a\u0646\u0627\u0645\u064a\u0629 \u0627\u0644\u062a\u0628\u0644\u064a\u063a \u0639\u0646\u0647\u00a0<\/span><\/li>\n<\/ul>\n<p>&nbsp;<\/p>\n<ul>\n<li aria-level=\"1\">\n<h3><strong>\u0627\u0644\u0623\u0647\u062f\u0627\u0641 \u0627\u0644\u062e\u0627\u0635\u0629<\/strong><\/h3>\n<\/li>\n<li aria-level=\"1\"><span>\u062a\u0639\u0632\u064a\u0632 \u0622\u0644\u064a\u0627\u062a \u0648\u0623\u0633\u0627\u0644\u064a\u0628 \u0645\u0643\u0627\u0641\u062d\u0629 \u0627\u0644\u0641\u0633\u0627\u062f \u0648\u062a\u0634\u062c\u064a\u0639 \u0627\u0644\u0625\u0628\u0644\u0627\u063a \u0639\u0646\u0647\u061b\u00a0<\/span><\/li>\n<li aria-level=\"1\"><span>\u0627\u0644\u0646\u0647\u0648\u0636 \u0628\u0639\u0645\u0644\u064a\u0629 \u0627\u0644\u0645\u0633\u0627\u0621\u0644\u0629 \u0648\u0627\u0644\u0631\u0642\u0627\u0628\u0629 \u0627\u0644\u0625\u062f\u0627\u0631\u064a\u0629\u00a0<\/span><\/li>\n<li aria-level=\"1\"><span>\u062a\u0645\u0643\u064a\u0646 \u0645\u0646\u0638\u0645\u0627\u062a \u0627\u0644\u0645\u062c\u062a\u0645\u0639 \u0627\u0644\u0645\u062f\u0646\u064a \u0648\u0627\u0644\u0635\u062d\u0641\u064a\u064a\u0646 \u0627\u0644\u0627\u0633\u062a\u0642\u0635\u0627\u0626\u064a\u064a\u0646 \u0645\u0646 \u0627\u0644\u0623\u0644\u064a\u0627\u062a \u0627\u0644\u0645\u0639\u0631\u0641\u064a\u0629 \u0644\u062a\u0639\u0632\u064a\u0632 \u0627\u0644\u0645\u0633\u0627\u0621\u0644\u0629.<\/span><\/li>\n<li aria-level=\"1\"><span>\u0625\u0646\u062c\u0627\u0632 \u062f\u0631\u0627\u0633\u0627\u062a \u0628\u0647\u062f\u0641 \u062a\u062d\u062f\u064a\u062f \u0627\u0644\u062b\u063a\u0631\u0627\u062a \u0627\u0644\u0642\u0627\u0646\u0648\u0646\u064a\u0629 \u0648\u0627\u0644\u0645\u0624\u0633\u0633\u0627\u062a\u064a\u0629 \u0627\u0644\u062a\u064a \u062a\u0639\u064a\u0642 \u062a\u062d\u0642\u064a\u0642 \u0627\u0644\u0623\u0647\u062f\u0627\u0641 \u0627\u0644\u0645\u0646\u0634\u0648\u062f\u0629 \u0641\u064a \u0645\u0643\u0627\u0641\u062d\u0629 \u0627\u0644\u0641\u0633\u0627\u062f.<\/span><\/li>\n<\/ul>\n<p>&nbsp;<\/p>\n<ul>\n<li aria-level=\"1\">\n<h3><strong>\u0627\u0644\u0641\u0626\u0627\u062a \u0627\u0644\u0645\u0633\u062a\u0647\u062f\u0641\u0629<\/strong><\/h3>\n<\/li>\n<li aria-level=\"1\"><span>\u0645\u0646\u0638\u0645\u0627\u062a \u0627\u0644\u0645\u062c\u062a\u0645\u0639 \u0627\u0644\u0645\u062f\u0646\u064a<\/span><\/li>\n<li aria-level=\"1\"><span>\u0627\u0644\u0635\u062d\u0641\u064a\u0648\u0646 \u0627\u0644\u0627\u0633\u062a\u0642\u0635\u0627\u0626\u064a\u0648\u0646<\/span><\/li>\n<li aria-level=\"1\"><span>\u0627\u0644\u0628\u0627\u062d\u062b\u0648\u0646 \u0648\u0627\u0644\u0623\u0643\u0627\u062f\u064a\u0645\u064a\u0648\u0646<\/span><\/li>\n<\/ul>\n<p>[\/vc_column_text][\/vc_column][\/vc_row]<\/p>\n<\/div>","protected":false},"excerpt":{"rendered":"<p>[vc_row][vc_column][vc_column_text css=&#8221;&#8221;]\u0645\u0646\u0633\u0642 \u0627\u0644\u0645\u0634\u0631\u0648\u0639:\u00a0\u0639\u0644\u0649 \u0627\u0644\u0635\u062f\u0642\u064a \u0627\u0644\u062c\u0647\u0629 \u0627\u0644\u062f\u0627\u0639\u0645\u0629:\u00a0\u0627\u0644\u0627\u062a\u062d\u0627\u062f \u0627\u0644\u0623\u0648\u0631\u0648\u0628\u064a \u0627\u0644\u0645\u064a\u0632\u0627\u0646\u064a\u0629:\u00a0160000 \u064a\u0648\u0631\u0648 \u0627\u0644\u0645\u062f\u0629:\u00a01 \u064a\u0648\u0644\u064a\u0648\u0632 2024 \u2013 30 \u064a\u0648\u0646\u064a\u0648 2027 [&hellip;]<\/p>\n","protected":false},"author":11,"featured_media":0,"parent":994,"menu_order":0,"comment_status":"closed","ping_status":"closed","template":"","meta":{"_acf_changed":false,"footnotes":""},"class_list":["post-9980","page","type-page","status-publish","hentry"],"acf":[],"yoast_head":"<!-- This site is optimized with the Yoast SEO plugin v27.4 - https:\/\/yoast.com\/product\/yoast-seo-wordpress\/ -->\n<title>\u0627\u0644\u0634\u0641\u0627\u0641\u064a\u0629 \u0627\u0644\u0622\u0646: \u062a\u0639\u0632\u064a\u0632 \u0627\u0644\u062c\u0647\u0648\u062f \u0644\u0645\u0646\u0639 \u0648\u0645\u0643\u0627\u0641\u062d\u0629 \u0623\u0639\u0645\u0627\u0644 \u0627\u0644\u0641\u0633\u0627\u062f - Transparency Maroc<\/title>\n<meta name=\"description\" content=\"Ce projet s&#039;inscrit dans les objectifs strat\u00e9giques de l&#039;Agenda 2030 des Nations Unies. Il contribue \u00e0 la r\u00e9alisation de l&#039;Objectif de D\u00e9veloppement Durable (ODD) 16, \u00e0 savoir \u00ab\u00a0Promouvoir des soci\u00e9t\u00e9s pacifiques et inclusives pour le d\u00e9veloppement durable, assurer l&#039;acc\u00e8s \u00e0 la justice pour tous et construire des soci\u00e9t\u00e9s efficaces et responsables et des institutions inclusives \u00e0 tous les niveaux&quot;.\u00a0\" \/>\n<meta name=\"robots\" content=\"index, follow, max-snippet:-1, max-image-preview:large, max-video-preview:-1\" \/>\n<link rel=\"canonical\" href=\"https:\/\/transparencymaroc.ma\/ar\/transparency-now-prevention-et-repression-de-la-corruption\/\" \/>\n<meta property=\"og:locale\" content=\"ar_AR\" \/>\n<meta property=\"og:type\" content=\"article\" \/>\n<meta property=\"og:title\" content=\"\u0627\u0644\u0634\u0641\u0627\u0641\u064a\u0629 \u0627\u0644\u0622\u0646: \u062a\u0639\u0632\u064a\u0632 \u0627\u0644\u062c\u0647\u0648\u062f \u0644\u0645\u0646\u0639 \u0648\u0645\u0643\u0627\u0641\u062d\u0629 \u0623\u0639\u0645\u0627\u0644 \u0627\u0644\u0641\u0633\u0627\u062f - Transparency Maroc\" \/>\n<meta property=\"og:description\" content=\"Ce projet s&#039;inscrit dans les objectifs strat\u00e9giques de l&#039;Agenda 2030 des Nations Unies. Il contribue \u00e0 la r\u00e9alisation de l&#039;Objectif de D\u00e9veloppement Durable (ODD) 16, \u00e0 savoir \u00ab\u00a0Promouvoir des soci\u00e9t\u00e9s pacifiques et inclusives pour le d\u00e9veloppement durable, assurer l&#039;acc\u00e8s \u00e0 la justice pour tous et construire des soci\u00e9t\u00e9s efficaces et responsables et des institutions inclusives \u00e0 tous les niveaux&quot;.\u00a0\" \/>\n<meta property=\"og:url\" content=\"https:\/\/transparencymaroc.ma\/ar\/transparency-now-prevention-et-repression-de-la-corruption\/\" \/>\n<meta property=\"og:site_name\" content=\"Transparency Maroc\" \/>\n<meta property=\"article:publisher\" content=\"https:\/\/www.facebook.com\/TransparencyMarocOfficiel\/\" \/>\n<meta property=\"article:modified_time\" content=\"2026-04-01T13:48:41+00:00\" \/>\n<meta name=\"twitter:card\" content=\"summary_large_image\" \/>\n<meta name=\"twitter:site\" content=\"@TMarocOfficiel\" \/>\n<meta name=\"twitter:label1\" content=\"\u0648\u0642\u062a \u0627\u0644\u0642\u0631\u0627\u0621\u0629 \u0627\u0644\u0645\u064f\u0642\u062f\u0651\u0631\" \/>\n\t<meta name=\"twitter:data1\" content=\"\u062f\u0642\u064a\u0642\u062a\u0627\u0646\" \/>\n<script type=\"application\/ld+json\" class=\"yoast-schema-graph\">{\"@context\":\"https:\\\/\\\/schema.org\",\"@graph\":[{\"@type\":\"WebPage\",\"@id\":\"https:\\\/\\\/transparencymaroc.ma\\\/ar\\\/transparency-now-prevention-et-repression-de-la-corruption\\\/\",\"url\":\"https:\\\/\\\/transparencymaroc.ma\\\/ar\\\/transparency-now-prevention-et-repression-de-la-corruption\\\/\",\"name\":\"\u0627\u0644\u0634\u0641\u0627\u0641\u064a\u0629 \u0627\u0644\u0622\u0646: \u062a\u0639\u0632\u064a\u0632 \u0627\u0644\u062c\u0647\u0648\u062f \u0644\u0645\u0646\u0639 \u0648\u0645\u0643\u0627\u0641\u062d\u0629 \u0623\u0639\u0645\u0627\u0644 \u0627\u0644\u0641\u0633\u0627\u062f - Transparency Maroc\",\"isPartOf\":{\"@id\":\"https:\\\/\\\/transparencymaroc.ma\\\/#website\"},\"datePublished\":\"2025-03-11T22:25:15+00:00\",\"dateModified\":\"2026-04-01T13:48:41+00:00\",\"description\":\"Ce projet s'inscrit dans les objectifs strat\u00e9giques de l'Agenda 2030 des Nations Unies. Il contribue \u00e0 la r\u00e9alisation de l'Objectif de D\u00e9veloppement Durable (ODD) 16, \u00e0 savoir \u00ab\u00a0Promouvoir des soci\u00e9t\u00e9s pacifiques et inclusives pour le d\u00e9veloppement durable, assurer l'acc\u00e8s \u00e0 la justice pour tous et construire des soci\u00e9t\u00e9s efficaces et responsables et des institutions inclusives \u00e0 tous les niveaux\\\".\u00a0\",\"breadcrumb\":{\"@id\":\"https:\\\/\\\/transparencymaroc.ma\\\/ar\\\/transparency-now-prevention-et-repression-de-la-corruption\\\/#breadcrumb\"},\"inLanguage\":\"ar\",\"potentialAction\":[{\"@type\":\"ReadAction\",\"target\":[\"https:\\\/\\\/transparencymaroc.ma\\\/ar\\\/transparency-now-prevention-et-repression-de-la-corruption\\\/\"]}]},{\"@type\":\"BreadcrumbList\",\"@id\":\"https:\\\/\\\/transparencymaroc.ma\\\/ar\\\/transparency-now-prevention-et-repression-de-la-corruption\\\/#breadcrumb\",\"itemListElement\":[{\"@type\":\"ListItem\",\"position\":1,\"name\":\"Accueil\",\"item\":\"https:\\\/\\\/transparencymaroc.ma\\\/\"},{\"@type\":\"ListItem\",\"position\":2,\"name\":\"\u0627\u0644\u0634\u0641\u0627\u0641\u064a\u0629 \u0627\u0644\u0622\u0646: \u062a\u0639\u0632\u064a\u0632 \u0627\u0644\u062c\u0647\u0648\u062f \u0644\u0645\u0646\u0639 \u0648\u0645\u0643\u0627\u0641\u062d\u0629 \u0623\u0639\u0645\u0627\u0644 \u0627\u0644\u0641\u0633\u0627\u062f\"}]},{\"@type\":\"WebSite\",\"@id\":\"https:\\\/\\\/transparencymaroc.ma\\\/#website\",\"url\":\"https:\\\/\\\/transparencymaroc.ma\\\/\",\"name\":\"Transparency Maroc\",\"description\":\"Association de lutte contre la corruption au Maroc\",\"publisher\":{\"@id\":\"https:\\\/\\\/transparencymaroc.ma\\\/#organization\"},\"potentialAction\":[{\"@type\":\"SearchAction\",\"target\":{\"@type\":\"EntryPoint\",\"urlTemplate\":\"https:\\\/\\\/transparencymaroc.ma\\\/?s={search_term_string}\"},\"query-input\":{\"@type\":\"PropertyValueSpecification\",\"valueRequired\":true,\"valueName\":\"search_term_string\"}}],\"inLanguage\":\"ar\"},{\"@type\":\"Organization\",\"@id\":\"https:\\\/\\\/transparencymaroc.ma\\\/#organization\",\"name\":\"Transparency Maroc\",\"url\":\"https:\\\/\\\/transparencymaroc.ma\\\/\",\"logo\":{\"@type\":\"ImageObject\",\"inLanguage\":\"ar\",\"@id\":\"https:\\\/\\\/transparencymaroc.ma\\\/#\\\/schema\\\/logo\\\/image\\\/\",\"url\":\"https:\\\/\\\/transparencymaroc.ma\\\/wp-content\\\/uploads\\\/2020\\\/01\\\/LogoTMar.svg\",\"contentUrl\":\"https:\\\/\\\/transparencymaroc.ma\\\/wp-content\\\/uploads\\\/2020\\\/01\\\/LogoTMar.svg\",\"width\":491,\"height\":130,\"caption\":\"Transparency Maroc\"},\"image\":{\"@id\":\"https:\\\/\\\/transparencymaroc.ma\\\/#\\\/schema\\\/logo\\\/image\\\/\"},\"sameAs\":[\"https:\\\/\\\/www.facebook.com\\\/TransparencyMarocOfficiel\\\/\",\"https:\\\/\\\/x.com\\\/TMarocOfficiel\"]}]}<\/script>\n<!-- \/ Yoast SEO plugin. -->","yoast_head_json":{"title":"\u0627\u0644\u0634\u0641\u0627\u0641\u064a\u0629 \u0627\u0644\u0622\u0646: \u062a\u0639\u0632\u064a\u0632 \u0627\u0644\u062c\u0647\u0648\u062f \u0644\u0645\u0646\u0639 \u0648\u0645\u0643\u0627\u0641\u062d\u0629 \u0623\u0639\u0645\u0627\u0644 \u0627\u0644\u0641\u0633\u0627\u062f - Transparency Maroc","description":"Ce projet s'inscrit dans les objectifs strat\u00e9giques de l'Agenda 2030 des Nations Unies. Il contribue \u00e0 la r\u00e9alisation de l'Objectif de D\u00e9veloppement Durable (ODD) 16, \u00e0 savoir \u00ab\u00a0Promouvoir des soci\u00e9t\u00e9s pacifiques et inclusives pour le d\u00e9veloppement durable, assurer l'acc\u00e8s \u00e0 la justice pour tous et construire des soci\u00e9t\u00e9s efficaces et responsables et des institutions inclusives \u00e0 tous les niveaux\".\u00a0","robots":{"index":"index","follow":"follow","max-snippet":"max-snippet:-1","max-image-preview":"max-image-preview:large","max-video-preview":"max-video-preview:-1"},"canonical":"https:\/\/transparencymaroc.ma\/ar\/transparency-now-prevention-et-repression-de-la-corruption\/","og_locale":"ar_AR","og_type":"article","og_title":"\u0627\u0644\u0634\u0641\u0627\u0641\u064a\u0629 \u0627\u0644\u0622\u0646: \u062a\u0639\u0632\u064a\u0632 \u0627\u0644\u062c\u0647\u0648\u062f \u0644\u0645\u0646\u0639 \u0648\u0645\u0643\u0627\u0641\u062d\u0629 \u0623\u0639\u0645\u0627\u0644 \u0627\u0644\u0641\u0633\u0627\u062f - Transparency Maroc","og_description":"Ce projet s'inscrit dans les objectifs strat\u00e9giques de l'Agenda 2030 des Nations Unies. Il contribue \u00e0 la r\u00e9alisation de l'Objectif de D\u00e9veloppement Durable (ODD) 16, \u00e0 savoir \u00ab\u00a0Promouvoir des soci\u00e9t\u00e9s pacifiques et inclusives pour le d\u00e9veloppement durable, assurer l'acc\u00e8s \u00e0 la justice pour tous et construire des soci\u00e9t\u00e9s efficaces et responsables et des institutions inclusives \u00e0 tous les niveaux\".\u00a0","og_url":"https:\/\/transparencymaroc.ma\/ar\/transparency-now-prevention-et-repression-de-la-corruption\/","og_site_name":"Transparency Maroc","article_publisher":"https:\/\/www.facebook.com\/TransparencyMarocOfficiel\/","article_modified_time":"2026-04-01T13:48:41+00:00","twitter_card":"summary_large_image","twitter_site":"@TMarocOfficiel","twitter_misc":{"\u0648\u0642\u062a \u0627\u0644\u0642\u0631\u0627\u0621\u0629 \u0627\u0644\u0645\u064f\u0642\u062f\u0651\u0631":"\u062f\u0642\u064a\u0642\u062a\u0627\u0646"},"schema":{"@context":"https:\/\/schema.org","@graph":[{"@type":"WebPage","@id":"https:\/\/transparencymaroc.ma\/ar\/transparency-now-prevention-et-repression-de-la-corruption\/","url":"https:\/\/transparencymaroc.ma\/ar\/transparency-now-prevention-et-repression-de-la-corruption\/","name":"\u0627\u0644\u0634\u0641\u0627\u0641\u064a\u0629 \u0627\u0644\u0622\u0646: \u062a\u0639\u0632\u064a\u0632 \u0627\u0644\u062c\u0647\u0648\u062f \u0644\u0645\u0646\u0639 \u0648\u0645\u0643\u0627\u0641\u062d\u0629 \u0623\u0639\u0645\u0627\u0644 \u0627\u0644\u0641\u0633\u0627\u062f - Transparency Maroc","isPartOf":{"@id":"https:\/\/transparencymaroc.ma\/#website"},"datePublished":"2025-03-11T22:25:15+00:00","dateModified":"2026-04-01T13:48:41+00:00","description":"Ce projet s'inscrit dans les objectifs strat\u00e9giques de l'Agenda 2030 des Nations Unies. Il contribue \u00e0 la r\u00e9alisation de l'Objectif de D\u00e9veloppement Durable (ODD) 16, \u00e0 savoir \u00ab\u00a0Promouvoir des soci\u00e9t\u00e9s pacifiques et inclusives pour le d\u00e9veloppement durable, assurer l'acc\u00e8s \u00e0 la justice pour tous et construire des soci\u00e9t\u00e9s efficaces et responsables et des institutions inclusives \u00e0 tous les niveaux\".\u00a0","breadcrumb":{"@id":"https:\/\/transparencymaroc.ma\/ar\/transparency-now-prevention-et-repression-de-la-corruption\/#breadcrumb"},"inLanguage":"ar","potentialAction":[{"@type":"ReadAction","target":["https:\/\/transparencymaroc.ma\/ar\/transparency-now-prevention-et-repression-de-la-corruption\/"]}]},{"@type":"BreadcrumbList","@id":"https:\/\/transparencymaroc.ma\/ar\/transparency-now-prevention-et-repression-de-la-corruption\/#breadcrumb","itemListElement":[{"@type":"ListItem","position":1,"name":"Accueil","item":"https:\/\/transparencymaroc.ma\/"},{"@type":"ListItem","position":2,"name":"\u0627\u0644\u0634\u0641\u0627\u0641\u064a\u0629 \u0627\u0644\u0622\u0646: \u062a\u0639\u0632\u064a\u0632 \u0627\u0644\u062c\u0647\u0648\u062f \u0644\u0645\u0646\u0639 \u0648\u0645\u0643\u0627\u0641\u062d\u0629 \u0623\u0639\u0645\u0627\u0644 \u0627\u0644\u0641\u0633\u0627\u062f"}]},{"@type":"WebSite","@id":"https:\/\/transparencymaroc.ma\/#website","url":"https:\/\/transparencymaroc.ma\/","name":"Transparency Maroc","description":"Association de lutte contre la corruption au Maroc","publisher":{"@id":"https:\/\/transparencymaroc.ma\/#organization"},"potentialAction":[{"@type":"SearchAction","target":{"@type":"EntryPoint","urlTemplate":"https:\/\/transparencymaroc.ma\/?s={search_term_string}"},"query-input":{"@type":"PropertyValueSpecification","valueRequired":true,"valueName":"search_term_string"}}],"inLanguage":"ar"},{"@type":"Organization","@id":"https:\/\/transparencymaroc.ma\/#organization","name":"Transparency Maroc","url":"https:\/\/transparencymaroc.ma\/","logo":{"@type":"ImageObject","inLanguage":"ar","@id":"https:\/\/transparencymaroc.ma\/#\/schema\/logo\/image\/","url":"https:\/\/transparencymaroc.ma\/wp-content\/uploads\/2020\/01\/LogoTMar.svg","contentUrl":"https:\/\/transparencymaroc.ma\/wp-content\/uploads\/2020\/01\/LogoTMar.svg","width":491,"height":130,"caption":"Transparency Maroc"},"image":{"@id":"https:\/\/transparencymaroc.ma\/#\/schema\/logo\/image\/"},"sameAs":["https:\/\/www.facebook.com\/TransparencyMarocOfficiel\/","https:\/\/x.com\/TMarocOfficiel"]}]}},"_links":{"self":[{"href":"https:\/\/transparencymaroc.ma\/ar\/wp-json\/wp\/v2\/pages\/9980","targetHints":{"allow":["GET"]}}],"collection":[{"href":"https:\/\/transparencymaroc.ma\/ar\/wp-json\/wp\/v2\/pages"}],"about":[{"href":"https:\/\/transparencymaroc.ma\/ar\/wp-json\/wp\/v2\/types\/page"}],"author":[{"embeddable":true,"href":"https:\/\/transparencymaroc.ma\/ar\/wp-json\/wp\/v2\/users\/11"}],"replies":[{"embeddable":true,"href":"https:\/\/transparencymaroc.ma\/ar\/wp-json\/wp\/v2\/comments?post=9980"}],"version-history":[{"count":2,"href":"https:\/\/transparencymaroc.ma\/ar\/wp-json\/wp\/v2\/pages\/9980\/revisions"}],"predecessor-version":[{"id":9982,"href":"https:\/\/transparencymaroc.ma\/ar\/wp-json\/wp\/v2\/pages\/9980\/revisions\/9982"}],"up":[{"embeddable":true,"href":"https:\/\/transparencymaroc.ma\/ar\/wp-json\/wp\/v2\/pages\/994"}],"wp:attachment":[{"href":"https:\/\/transparencymaroc.ma\/ar\/wp-json\/wp\/v2\/media?parent=9980"}],"curies":[{"name":"wp","href":"https:\/\/api.w.org\/{rel}","templated":true}]}}