{"id":9794,"date":"2021-11-02T15:15:08","date_gmt":"2021-11-02T14:15:08","guid":{"rendered":"https:\/\/transparencymaroc.ma\/renforcement-des-reseaux-de-la-societe-civile-en-matiere-de-la-redevabilite\/"},"modified":"2026-03-24T14:49:33","modified_gmt":"2026-03-24T13:49:33","slug":"renforcement-des-reseaux-de-la-societe-civile-en-matiere-de-la-redevabilite","status":"publish","type":"page","link":"https:\/\/transparencymaroc.ma\/ar\/renforcement-des-reseaux-de-la-societe-civile-en-matiere-de-la-redevabilite\/","title":{"rendered":"\u062a\u0639\u0632\u064a\u0632 \u0634\u0628\u0643\u0627\u062a \u0627\u0644\u0645\u062c\u062a\u0645\u0639 \u0627\u0644\u0645\u062f\u0646\u064a \u0641\u064a \u0645\u062c\u0627\u0644 \u0627\u0644\u0645\u0633\u0627\u0621\u0644\u0629"},"content":{"rendered":"<div class=\"wpb-content-wrapper\"><p>[vc_row][vc_column][vc_column_text css=&#8221;&#8221;]\u0645\u0634\u0631\u0648\u0639 <strong>&#8220;\u062a\u0639\u0632\u064a\u0632 \u0634\u0628\u0643\u0627\u062a \u0627\u0644\u0645\u062c\u062a\u0645\u0639 \u0627\u0644\u0645\u062f\u0646\u064a \u0641\u064a \u0645\u062c\u0627\u0644 \u0627\u0644\u0645\u0633\u0627\u0621\u0644\u0629&#8221;<\/strong> \u0627\u0644\u0630\u064a \u062a\u0634\u0631\u0641 \u0639\u0644\u064a\u0647 \u062c\u0645\u0639\u064a\u0629 \u062a\u0631\u0627\u0646\u0633\u0628\u0627\u0631\u0646\u0633\u064a \u0627\u0644\u0645\u063a\u0631\u0628\u060c \u0648\u0647\u064a \u062c\u0645\u0639\u064a\u0629 \u0645\u063a\u0631\u0628\u064a\u0629 \u0644\u0645\u062d\u0627\u0631\u0628\u0629 \u0627\u0644\u0641\u0633\u0627\u062f\u060c \u064a\u0647\u062f\u0641 \u0625\u0644\u0649 \u0625\u062d\u062f\u0627\u062b \u0634\u0628\u0643\u0629 \u0648\u0637\u0646\u064a\u0629 \u0644\u0645\u0646\u0638\u0645\u0627\u062a \u0627\u0644\u0645\u062c\u062a\u0645\u0639 \u0627\u0644\u0645\u062f\u0646\u064a \u0645\u0646 \u0623\u062c\u0644 \u062a\u0639\u0632\u064a\u0632 \u0627\u0644\u0645\u0633\u0627\u0621\u0644\u0629 \u0627\u0644\u0645\u0624\u0633\u0633\u0627\u062a\u064a\u0629 \u0639\u0628\u0631:<\/p>\n<p>&nbsp;<\/p>\n<ul>\n<li>\u062a\u0639\u0632\u064a\u0632 \u062f\u0648\u0631 \u0645\u0646\u0638\u0645\u0627\u062a \u0627\u0644\u0645\u062c\u062a\u0645\u0639 \u0627\u0644\u0645\u062f\u0646\u064a \u0648\u0627\u0644\u0645\u0648\u0627\u0637\u0646\u064a\u0646 \u0641\u064a \u062a\u062a\u0628\u0639 \u0627\u0644\u0633\u064a\u0627\u0633\u0627\u062a \u0627\u0644\u0639\u0645\u0648\u0645\u064a\u0629\u060c \u0645\u0646 \u062e\u0644\u0627\u0644 \u0627\u0633\u062a\u062e\u062f\u0627\u0645 \u062a\u0643\u0646\u0648\u0644\u0648\u062c\u064a\u0627 \u0627\u0644\u0645\u0639\u0644\u0648\u0645\u0627\u062a \u0648\u0627\u0644\u0627\u062a\u0635\u0627\u0644\u061b<\/li>\n<li>\u0627\u0644\u0645\u0633\u0627\u0647\u0645\u0629 \u0641\u064a \u062a\u062d\u0642\u064a\u0642 \u0645\u0633\u0624\u0648\u0644\u064a\u0629 \u062f\u064a\u0645\u0642\u0631\u0627\u0637\u064a\u0629 \u0623\u0643\u0628\u0631 \u0644\u062f\u0649 \u0627\u0644\u0645\u0624\u0633\u0633\u0627\u062a \u0627\u0644\u0639\u0645\u0648\u0645\u064a\u0629\u060c \u0648\u062a\u0639\u0632\u064a\u0632 \u0627\u0644\u0631\u0642\u0627\u0628\u0629 \u0627\u0644\u0628\u0631\u0644\u0645\u0627\u0646\u064a\u0629\u060c \u0648\u0627\u0644\u0645\u0634\u0627\u0631\u0643\u0629 \u0627\u0644\u0641\u0639\u0627\u0644\u0629 \u0641\u064a \u0627\u0644\u0639\u0645\u0644\u064a\u0627\u062a \u0627\u0644\u0645\u0631\u062a\u0628\u0637\u0629 \u0628\u0627\u0644\u0645\u064a\u0632\u0627\u0646\u064a\u0629\u061b<\/li>\n<li>\u0627\u0644\u062a\u0646\u0641\u064a\u0630 \u0627\u0644\u0641\u0639\u0651\u0627\u0644 \u0644\u0644\u0642\u0648\u0627\u0646\u064a\u0646 \u0627\u0644\u062a\u064a \u062a\u062d\u0645\u064a \u0627\u0644\u0636\u062d\u0627\u064a\u0627 \u0648\u0627\u0644\u0645\u0628\u0644\u063a\u064a\u0646 \u0639\u0646 \u0627\u0644\u0641\u0633\u0627\u062f\u060c \u0645\u0639 \u0636\u0645\u0627\u0646 \u0627\u0644\u0645\u062a\u0627\u0628\u0639\u0629 \u0627\u0644\u0642\u0627\u0646\u0648\u0646\u064a\u0629 \u0644\u0644\u0634\u0643\u0627\u064a\u0627\u062a.<\/li>\n<\/ul>\n<p>&nbsp;<\/p>\n<p>\u064a\u0645\u062a\u062f \u0647\u0630\u0627 \u0627\u0644\u0645\u0634\u0631\u0648\u0639 \u0639\u0644\u0649 \u0645\u062f\u0649 \u062b\u0644\u0627\u062b \u0633\u0646\u0648\u0627\u062a (2021-2023) \u0648\u064a\u0631\u062a\u0643\u0632 \u0639\u0644\u0649 \u0627\u0644\u0645\u062d\u0627\u0648\u0631 \u0627\u0644\u062a\u0627\u0644\u064a\u0629:<\/p>\n<p>&nbsp;<\/p>\n<ul>\n<li>\u0625\u062d\u062f\u0627\u062b \u0634\u0628\u0643\u0629 \u0648\u0637\u0646\u064a\u0629 \u0644\u0645\u0646\u0638\u0645\u0627\u062a \u0627\u0644\u0645\u062c\u062a\u0645\u0639 \u0627\u0644\u0645\u062f\u0646\u064a \u0644\u062a\u0639\u0632\u064a\u0632 \u0627\u0644\u0645\u0633\u0627\u0621\u0644\u0629 \u0627\u0644\u0645\u0624\u0633\u0633\u0627\u062a\u064a\u0629\u061b<\/li>\n<li>\u062a\u0639\u0632\u064a\u0632 \u0642\u062f\u0631\u0627\u062a \u0645\u0646\u0638\u0645\u0627\u062a \u0627\u0644\u0645\u062c\u062a\u0645\u0639 \u0627\u0644\u0645\u062f\u0646\u064a \u0641\u064a \u0627\u0633\u062a\u0639\u0645\u0627\u0644 \u0627\u0644\u0623\u062f\u0648\u0627\u062a \u0627\u0644\u0631\u0642\u0645\u064a\u0629 \u0644\u0623\u063a\u0631\u0627\u0636 \u0627\u0644\u062a\u0631\u0627\u0641\u0639\u060c \u0648\u0627\u0644\u062a\u062a\u0628\u0639\u060c \u0648\u0627\u0644\u062d\u0645\u0627\u064a\u0629 \u0627\u0644\u0642\u0627\u0646\u0648\u0646\u064a\u0629\u061b<\/li>\n<li>\u062a\u062a\u0628\u0639 \u0645\u064a\u0632\u0627\u0646\u064a\u0629 \u0627\u0644\u062f\u0648\u0644\u0629\u060c \u0648\u062e\u0627\u0635\u0629 \u0645\u064a\u0632\u0627\u0646\u064a\u062a\u064a \u0642\u0637\u0627\u0639\u064a \u0627\u0644\u0635\u062d\u0629 \u0648\u0627\u0644\u062a\u0639\u0644\u064a\u0645\u060c \u0645\u0646 \u062e\u0644\u0627\u0644 \u0623\u062f\u0648\u0627\u062a \u0631\u0642\u0645\u064a\u0629\u061b<\/li>\n<li>\u062a\u062d\u062f\u064a\u062b \u0623\u062f\u0648\u0627\u062a \u0627\u0644\u062a\u0628\u0644\u064a\u063a \u0639\u0646 \u062d\u0627\u0644\u0627\u062a \u0627\u0644\u0641\u0633\u0627\u062f \u0641\u064a \u0627\u0644\u0642\u0637\u0627\u0639\u064a\u0646 \u0627\u0644\u0639\u0627\u0645 \u0648\u0627\u0644\u062e\u0627\u0635\u061b<\/li>\n<li>\u062a\u0639\u0632\u064a\u0632 \u062f\u0648\u0631 \u0645\u0631\u0627\u0643\u0632 \u0627\u0644\u0645\u0633\u0627\u0639\u062f\u0629 \u0627\u0644\u0642\u0627\u0646\u0648\u0646\u064a\u0629 \u0636\u062f \u0627\u0644\u0641\u0633\u0627\u062f (CAJAC\u0627\u0644\u062a\u0627\u0628\u0639\u0629 \u0644\u062a\u0631\u0627\u0646\u0633\u0628\u0627\u0631\u0646\u0633\u064a \u0627\u0644\u0645\u063a\u0631\u0628 \u0628\u0627\u0639\u062a\u0628\u0627\u0631\u0647\u0627 \u0648\u0633\u064a\u0644\u0629 \u0644\u062a\u0639\u0628\u0626\u0629 \u0627\u0644\u0645\u0648\u0627\u0637\u0646\u064a\u0646\u060c \u0648\u0646\u0634\u0631 \u0627\u0644\u0645\u0639\u0644\u0648\u0645\u0627\u062a \u0627\u0644\u0642\u0627\u0646\u0648\u0646\u064a\u0629\u060c \u0648\u062a\u062c\u0645\u064a\u0639 \u0627\u0644\u0641\u0627\u0639\u0644\u064a\u0646.<\/li>\n<\/ul>\n<p>&nbsp;[\/vc_column_text][\/vc_column][\/vc_row]<\/p>\n<\/div>","protected":false},"excerpt":{"rendered":"<p>[vc_row][vc_column][vc_column_text css=&#8221;&#8221;]\u0645\u0634\u0631\u0648\u0639 &#8220;\u062a\u0639\u0632\u064a\u0632 \u0634\u0628\u0643\u0627\u062a \u0627\u0644\u0645\u062c\u062a\u0645\u0639 \u0627\u0644\u0645\u062f\u0646\u064a \u0641\u064a \u0645\u062c\u0627\u0644 \u0627\u0644\u0645\u0633\u0627\u0621\u0644\u0629&#8221; \u0627\u0644\u0630\u064a \u062a\u0634\u0631\u0641 \u0639\u0644\u064a\u0647 \u062c\u0645\u0639\u064a\u0629 \u062a\u0631\u0627\u0646\u0633\u0628\u0627\u0631\u0646\u0633\u064a \u0627\u0644\u0645\u063a\u0631\u0628\u060c \u0648\u0647\u064a [&hellip;]<\/p>\n","protected":false},"author":11,"featured_media":0,"parent":0,"menu_order":0,"comment_status":"closed","ping_status":"closed","template":"","meta":{"_acf_changed":false,"footnotes":""},"class_list":["post-9794","page","type-page","status-publish","hentry"],"acf":[],"yoast_head":"<!-- This site is optimized with the Yoast SEO plugin v27.4 - https:\/\/yoast.com\/product\/yoast-seo-wordpress\/ -->\n<title>\u062a\u0639\u0632\u064a\u0632 \u0634\u0628\u0643\u0627\u062a \u0627\u0644\u0645\u062c\u062a\u0645\u0639 \u0627\u0644\u0645\u062f\u0646\u064a \u0641\u064a \u0645\u062c\u0627\u0644 \u0627\u0644\u0645\u0633\u0627\u0621\u0644\u0629 - Transparency Maroc<\/title>\n<meta name=\"description\" content=\"Le projet\u00a0\u00ab\u00a0RENFORCEMENT DES R\u00c9SEAUX DE LA SOCI\u00c9T\u00c9 CIVILE EN MATI\u00c8RE DE LA REDEVABILIT\u00c9\u00a0\u00bb,\u00a0de Transparency Maroc, association marocaine de lutte contre la corruption, vise \u00e0 mettre en place un r\u00e9seau national des organisations de la soci\u00e9t\u00e9 civile dans le but de renforcer la redevabilit\u00e9 institutionnelle \u00e0 travers\u00a0:\" \/>\n<meta name=\"robots\" content=\"index, follow, max-snippet:-1, max-image-preview:large, max-video-preview:-1\" \/>\n<link rel=\"canonical\" href=\"https:\/\/transparencymaroc.ma\/ar\/renforcement-des-reseaux-de-la-societe-civile-en-matiere-de-la-redevabilite\/\" \/>\n<meta property=\"og:locale\" content=\"ar_AR\" \/>\n<meta property=\"og:type\" content=\"article\" \/>\n<meta property=\"og:title\" content=\"\u062a\u0639\u0632\u064a\u0632 \u0634\u0628\u0643\u0627\u062a \u0627\u0644\u0645\u062c\u062a\u0645\u0639 \u0627\u0644\u0645\u062f\u0646\u064a \u0641\u064a \u0645\u062c\u0627\u0644 \u0627\u0644\u0645\u0633\u0627\u0621\u0644\u0629 - Transparency Maroc\" \/>\n<meta property=\"og:description\" content=\"Le projet\u00a0\u00ab\u00a0RENFORCEMENT DES R\u00c9SEAUX DE LA SOCI\u00c9T\u00c9 CIVILE EN MATI\u00c8RE DE LA REDEVABILIT\u00c9\u00a0\u00bb,\u00a0de Transparency Maroc, association marocaine de lutte contre la corruption, vise \u00e0 mettre en place un r\u00e9seau national des organisations de la soci\u00e9t\u00e9 civile dans le but de renforcer la redevabilit\u00e9 institutionnelle \u00e0 travers\u00a0:\" \/>\n<meta property=\"og:url\" content=\"https:\/\/transparencymaroc.ma\/ar\/renforcement-des-reseaux-de-la-societe-civile-en-matiere-de-la-redevabilite\/\" \/>\n<meta property=\"og:site_name\" content=\"Transparency Maroc\" \/>\n<meta property=\"article:publisher\" content=\"https:\/\/www.facebook.com\/TransparencyMarocOfficiel\/\" \/>\n<meta property=\"article:modified_time\" content=\"2026-03-24T13:49:33+00:00\" \/>\n<meta name=\"twitter:card\" content=\"summary_large_image\" \/>\n<meta name=\"twitter:site\" content=\"@TMarocOfficiel\" \/>\n<meta name=\"twitter:label1\" content=\"\u0648\u0642\u062a \u0627\u0644\u0642\u0631\u0627\u0621\u0629 \u0627\u0644\u0645\u064f\u0642\u062f\u0651\u0631\" \/>\n\t<meta name=\"twitter:data1\" content=\"\u062f\u0642\u064a\u0642\u0629 \u0648\u0627\u062d\u062f\u0629\" \/>\n<script type=\"application\/ld+json\" class=\"yoast-schema-graph\">{\"@context\":\"https:\\\/\\\/schema.org\",\"@graph\":[{\"@type\":\"WebPage\",\"@id\":\"https:\\\/\\\/transparencymaroc.ma\\\/ar\\\/renforcement-des-reseaux-de-la-societe-civile-en-matiere-de-la-redevabilite\\\/\",\"url\":\"https:\\\/\\\/transparencymaroc.ma\\\/ar\\\/renforcement-des-reseaux-de-la-societe-civile-en-matiere-de-la-redevabilite\\\/\",\"name\":\"\u062a\u0639\u0632\u064a\u0632 \u0634\u0628\u0643\u0627\u062a \u0627\u0644\u0645\u062c\u062a\u0645\u0639 \u0627\u0644\u0645\u062f\u0646\u064a \u0641\u064a \u0645\u062c\u0627\u0644 \u0627\u0644\u0645\u0633\u0627\u0621\u0644\u0629 - Transparency Maroc\",\"isPartOf\":{\"@id\":\"https:\\\/\\\/transparencymaroc.ma\\\/#website\"},\"datePublished\":\"2021-11-02T14:15:08+00:00\",\"dateModified\":\"2026-03-24T13:49:33+00:00\",\"description\":\"Le projet\u00a0\u00ab\u00a0RENFORCEMENT DES R\u00c9SEAUX DE LA SOCI\u00c9T\u00c9 CIVILE EN MATI\u00c8RE DE LA REDEVABILIT\u00c9\u00a0\u00bb,\u00a0de Transparency Maroc, association marocaine de lutte contre la corruption, vise \u00e0 mettre en place un r\u00e9seau national des organisations de la soci\u00e9t\u00e9 civile dans le but de renforcer la redevabilit\u00e9 institutionnelle \u00e0 travers\u00a0:\",\"breadcrumb\":{\"@id\":\"https:\\\/\\\/transparencymaroc.ma\\\/ar\\\/renforcement-des-reseaux-de-la-societe-civile-en-matiere-de-la-redevabilite\\\/#breadcrumb\"},\"inLanguage\":\"ar\",\"potentialAction\":[{\"@type\":\"ReadAction\",\"target\":[\"https:\\\/\\\/transparencymaroc.ma\\\/ar\\\/renforcement-des-reseaux-de-la-societe-civile-en-matiere-de-la-redevabilite\\\/\"]}]},{\"@type\":\"BreadcrumbList\",\"@id\":\"https:\\\/\\\/transparencymaroc.ma\\\/ar\\\/renforcement-des-reseaux-de-la-societe-civile-en-matiere-de-la-redevabilite\\\/#breadcrumb\",\"itemListElement\":[{\"@type\":\"ListItem\",\"position\":1,\"name\":\"Accueil\",\"item\":\"https:\\\/\\\/transparencymaroc.ma\\\/\"},{\"@type\":\"ListItem\",\"position\":2,\"name\":\"\u062a\u0639\u0632\u064a\u0632 \u0634\u0628\u0643\u0627\u062a \u0627\u0644\u0645\u062c\u062a\u0645\u0639 \u0627\u0644\u0645\u062f\u0646\u064a \u0641\u064a \u0645\u062c\u0627\u0644 \u0627\u0644\u0645\u0633\u0627\u0621\u0644\u0629\"}]},{\"@type\":\"WebSite\",\"@id\":\"https:\\\/\\\/transparencymaroc.ma\\\/#website\",\"url\":\"https:\\\/\\\/transparencymaroc.ma\\\/\",\"name\":\"Transparency Maroc\",\"description\":\"Association de lutte contre la corruption au Maroc\",\"publisher\":{\"@id\":\"https:\\\/\\\/transparencymaroc.ma\\\/#organization\"},\"potentialAction\":[{\"@type\":\"SearchAction\",\"target\":{\"@type\":\"EntryPoint\",\"urlTemplate\":\"https:\\\/\\\/transparencymaroc.ma\\\/?s={search_term_string}\"},\"query-input\":{\"@type\":\"PropertyValueSpecification\",\"valueRequired\":true,\"valueName\":\"search_term_string\"}}],\"inLanguage\":\"ar\"},{\"@type\":\"Organization\",\"@id\":\"https:\\\/\\\/transparencymaroc.ma\\\/#organization\",\"name\":\"Transparency Maroc\",\"url\":\"https:\\\/\\\/transparencymaroc.ma\\\/\",\"logo\":{\"@type\":\"ImageObject\",\"inLanguage\":\"ar\",\"@id\":\"https:\\\/\\\/transparencymaroc.ma\\\/#\\\/schema\\\/logo\\\/image\\\/\",\"url\":\"https:\\\/\\\/transparencymaroc.ma\\\/wp-content\\\/uploads\\\/2020\\\/01\\\/LogoTMar.svg\",\"contentUrl\":\"https:\\\/\\\/transparencymaroc.ma\\\/wp-content\\\/uploads\\\/2020\\\/01\\\/LogoTMar.svg\",\"width\":491,\"height\":130,\"caption\":\"Transparency Maroc\"},\"image\":{\"@id\":\"https:\\\/\\\/transparencymaroc.ma\\\/#\\\/schema\\\/logo\\\/image\\\/\"},\"sameAs\":[\"https:\\\/\\\/www.facebook.com\\\/TransparencyMarocOfficiel\\\/\",\"https:\\\/\\\/x.com\\\/TMarocOfficiel\"]}]}<\/script>\n<!-- \/ Yoast SEO plugin. -->","yoast_head_json":{"title":"\u062a\u0639\u0632\u064a\u0632 \u0634\u0628\u0643\u0627\u062a \u0627\u0644\u0645\u062c\u062a\u0645\u0639 \u0627\u0644\u0645\u062f\u0646\u064a \u0641\u064a \u0645\u062c\u0627\u0644 \u0627\u0644\u0645\u0633\u0627\u0621\u0644\u0629 - Transparency Maroc","description":"Le projet\u00a0\u00ab\u00a0RENFORCEMENT DES R\u00c9SEAUX DE LA SOCI\u00c9T\u00c9 CIVILE EN MATI\u00c8RE DE LA REDEVABILIT\u00c9\u00a0\u00bb,\u00a0de Transparency Maroc, association marocaine de lutte contre la corruption, vise \u00e0 mettre en place un r\u00e9seau national des organisations de la soci\u00e9t\u00e9 civile dans le but de renforcer la redevabilit\u00e9 institutionnelle \u00e0 travers\u00a0:","robots":{"index":"index","follow":"follow","max-snippet":"max-snippet:-1","max-image-preview":"max-image-preview:large","max-video-preview":"max-video-preview:-1"},"canonical":"https:\/\/transparencymaroc.ma\/ar\/renforcement-des-reseaux-de-la-societe-civile-en-matiere-de-la-redevabilite\/","og_locale":"ar_AR","og_type":"article","og_title":"\u062a\u0639\u0632\u064a\u0632 \u0634\u0628\u0643\u0627\u062a \u0627\u0644\u0645\u062c\u062a\u0645\u0639 \u0627\u0644\u0645\u062f\u0646\u064a \u0641\u064a \u0645\u062c\u0627\u0644 \u0627\u0644\u0645\u0633\u0627\u0621\u0644\u0629 - Transparency Maroc","og_description":"Le projet\u00a0\u00ab\u00a0RENFORCEMENT DES R\u00c9SEAUX DE LA SOCI\u00c9T\u00c9 CIVILE EN MATI\u00c8RE DE LA REDEVABILIT\u00c9\u00a0\u00bb,\u00a0de Transparency Maroc, association marocaine de lutte contre la corruption, vise \u00e0 mettre en place un r\u00e9seau national des organisations de la soci\u00e9t\u00e9 civile dans le but de renforcer la redevabilit\u00e9 institutionnelle \u00e0 travers\u00a0:","og_url":"https:\/\/transparencymaroc.ma\/ar\/renforcement-des-reseaux-de-la-societe-civile-en-matiere-de-la-redevabilite\/","og_site_name":"Transparency Maroc","article_publisher":"https:\/\/www.facebook.com\/TransparencyMarocOfficiel\/","article_modified_time":"2026-03-24T13:49:33+00:00","twitter_card":"summary_large_image","twitter_site":"@TMarocOfficiel","twitter_misc":{"\u0648\u0642\u062a \u0627\u0644\u0642\u0631\u0627\u0621\u0629 \u0627\u0644\u0645\u064f\u0642\u062f\u0651\u0631":"\u062f\u0642\u064a\u0642\u0629 \u0648\u0627\u062d\u062f\u0629"},"schema":{"@context":"https:\/\/schema.org","@graph":[{"@type":"WebPage","@id":"https:\/\/transparencymaroc.ma\/ar\/renforcement-des-reseaux-de-la-societe-civile-en-matiere-de-la-redevabilite\/","url":"https:\/\/transparencymaroc.ma\/ar\/renforcement-des-reseaux-de-la-societe-civile-en-matiere-de-la-redevabilite\/","name":"\u062a\u0639\u0632\u064a\u0632 \u0634\u0628\u0643\u0627\u062a \u0627\u0644\u0645\u062c\u062a\u0645\u0639 \u0627\u0644\u0645\u062f\u0646\u064a \u0641\u064a \u0645\u062c\u0627\u0644 \u0627\u0644\u0645\u0633\u0627\u0621\u0644\u0629 - Transparency Maroc","isPartOf":{"@id":"https:\/\/transparencymaroc.ma\/#website"},"datePublished":"2021-11-02T14:15:08+00:00","dateModified":"2026-03-24T13:49:33+00:00","description":"Le projet\u00a0\u00ab\u00a0RENFORCEMENT DES R\u00c9SEAUX DE LA SOCI\u00c9T\u00c9 CIVILE EN MATI\u00c8RE DE LA REDEVABILIT\u00c9\u00a0\u00bb,\u00a0de Transparency Maroc, association marocaine de lutte contre la corruption, vise \u00e0 mettre en place un r\u00e9seau national des organisations de la soci\u00e9t\u00e9 civile dans le but de renforcer la redevabilit\u00e9 institutionnelle \u00e0 travers\u00a0:","breadcrumb":{"@id":"https:\/\/transparencymaroc.ma\/ar\/renforcement-des-reseaux-de-la-societe-civile-en-matiere-de-la-redevabilite\/#breadcrumb"},"inLanguage":"ar","potentialAction":[{"@type":"ReadAction","target":["https:\/\/transparencymaroc.ma\/ar\/renforcement-des-reseaux-de-la-societe-civile-en-matiere-de-la-redevabilite\/"]}]},{"@type":"BreadcrumbList","@id":"https:\/\/transparencymaroc.ma\/ar\/renforcement-des-reseaux-de-la-societe-civile-en-matiere-de-la-redevabilite\/#breadcrumb","itemListElement":[{"@type":"ListItem","position":1,"name":"Accueil","item":"https:\/\/transparencymaroc.ma\/"},{"@type":"ListItem","position":2,"name":"\u062a\u0639\u0632\u064a\u0632 \u0634\u0628\u0643\u0627\u062a \u0627\u0644\u0645\u062c\u062a\u0645\u0639 \u0627\u0644\u0645\u062f\u0646\u064a \u0641\u064a \u0645\u062c\u0627\u0644 \u0627\u0644\u0645\u0633\u0627\u0621\u0644\u0629"}]},{"@type":"WebSite","@id":"https:\/\/transparencymaroc.ma\/#website","url":"https:\/\/transparencymaroc.ma\/","name":"Transparency Maroc","description":"Association de lutte contre la corruption au Maroc","publisher":{"@id":"https:\/\/transparencymaroc.ma\/#organization"},"potentialAction":[{"@type":"SearchAction","target":{"@type":"EntryPoint","urlTemplate":"https:\/\/transparencymaroc.ma\/?s={search_term_string}"},"query-input":{"@type":"PropertyValueSpecification","valueRequired":true,"valueName":"search_term_string"}}],"inLanguage":"ar"},{"@type":"Organization","@id":"https:\/\/transparencymaroc.ma\/#organization","name":"Transparency Maroc","url":"https:\/\/transparencymaroc.ma\/","logo":{"@type":"ImageObject","inLanguage":"ar","@id":"https:\/\/transparencymaroc.ma\/#\/schema\/logo\/image\/","url":"https:\/\/transparencymaroc.ma\/wp-content\/uploads\/2020\/01\/LogoTMar.svg","contentUrl":"https:\/\/transparencymaroc.ma\/wp-content\/uploads\/2020\/01\/LogoTMar.svg","width":491,"height":130,"caption":"Transparency Maroc"},"image":{"@id":"https:\/\/transparencymaroc.ma\/#\/schema\/logo\/image\/"},"sameAs":["https:\/\/www.facebook.com\/TransparencyMarocOfficiel\/","https:\/\/x.com\/TMarocOfficiel"]}]}},"_links":{"self":[{"href":"https:\/\/transparencymaroc.ma\/ar\/wp-json\/wp\/v2\/pages\/9794","targetHints":{"allow":["GET"]}}],"collection":[{"href":"https:\/\/transparencymaroc.ma\/ar\/wp-json\/wp\/v2\/pages"}],"about":[{"href":"https:\/\/transparencymaroc.ma\/ar\/wp-json\/wp\/v2\/types\/page"}],"author":[{"embeddable":true,"href":"https:\/\/transparencymaroc.ma\/ar\/wp-json\/wp\/v2\/users\/11"}],"replies":[{"embeddable":true,"href":"https:\/\/transparencymaroc.ma\/ar\/wp-json\/wp\/v2\/comments?post=9794"}],"version-history":[{"count":3,"href":"https:\/\/transparencymaroc.ma\/ar\/wp-json\/wp\/v2\/pages\/9794\/revisions"}],"predecessor-version":[{"id":9798,"href":"https:\/\/transparencymaroc.ma\/ar\/wp-json\/wp\/v2\/pages\/9794\/revisions\/9798"}],"wp:attachment":[{"href":"https:\/\/transparencymaroc.ma\/ar\/wp-json\/wp\/v2\/media?parent=9794"}],"curies":[{"name":"wp","href":"https:\/\/api.w.org\/{rel}","templated":true}]}}