{"id":10081,"date":"2026-04-30T13:13:05","date_gmt":"2026-04-30T12:13:05","guid":{"rendered":"https:\/\/transparencymaroc.ma\/2021-2\/"},"modified":"2026-05-06T00:48:51","modified_gmt":"2026-05-05T23:48:51","slug":"2021-2","status":"publish","type":"page","link":"https:\/\/transparencymaroc.ma\/ar\/2021-2\/","title":{"rendered":"2021"},"content":{"rendered":"<div class=\"wpb-content-wrapper\"><p>[vc_row][vc_column][vc_column_text css=&#8221;&#8221;]<\/p>\n<div style=\"text-align:center; margin: 40px 0;\">\n<table style=\"margin: 0 auto; border-collapse: collapse; width: 100%; max-width: 1100px;\">\n<tbody>\n<tr>\n<td colspan=\"3\" style=\"padding: 14px 0; font-size: 22px; font-weight: bold; text-align: center; border-bottom: 1px solid #ccc;\">\n          2021\n        <\/td>\n<\/tr>\n<tr>\n<th style=\"padding: 12px 20px; text-align: left;\">Publisher<\/th>\n<th style=\"padding: 12px 20px; text-align: left;\">Title<\/th>\n<th style=\"padding: 12px 20px; text-align: left;\">Link<\/th>\n<\/tr>\n<tr>\n<td style=\"padding: 12px 20px;\">TelQuel<\/td>\n<td style=\"padding: 12px 20px;\">Sebta: Transparency Maroc d\u00e9nonce les retards de d\u00e9veloppement de la r\u00e9gion du nord<\/td>\n<td style=\"padding: 12px 20px;\">\n          <a href=\"https:\/\/telquel.ma\/2021\/06\/04\/sebta-transparency-maroc-denonce-les-retards-de-developpement-de-la-region-du-nord_1724690\" target=\"_blank\" rel=\"noopener\">View<\/a>\n        <\/td>\n<\/tr>\n<tr>\n<td style=\"padding: 12px 20px;\">Le Desk<\/td>\n<td style=\"padding: 12px 20px;\">Enrichissement illicite: Transparency Maroc regrette le retrait du texte de loi<\/td>\n<td style=\"padding: 12px 20px;\">\n          <a href=\"https:\/\/ledesk.ma\/encontinu\/enrichissement-illicite-transparency-maroc-regrette-le-retrait-du-texte-de-loi\/\" target=\"_blank\" rel=\"noopener\">View<\/a>\n        <\/td>\n<\/tr>\n<tr>\n<td style=\"padding: 12px 20px;\">SNRT News<\/td>\n<td style=\"padding: 12px 20px;\">\u062a\u0631\u0627\u0633\u0628\u0627\u0631\u0646\u0633\u064a \u062a\u062f\u0639\u0648 \u0644\u0645\u062d\u0627\u0635\u0631\u0629 \u0627\u0644\u0631\u0634\u0648\u0629<\/td>\n<td style=\"padding: 12px 20px;\">\n          <a href=\"https:\/\/snrtnews.com\/article\/%D8%AA%D8%B1%D8%A7%D8%B3%D8%A8%D8%A7%D8%B1%D9%86%D8%B3%D9%8A-%D8%AA%D8%AF%D8%B9%D9%88-%D9%84%D9%85%D8%AD%D8%A7%D8%B5%D8%B1%D8%A9-%D8%A7%D9%84%D8%B1%D8%B4%D9%88%D8%A9\" target=\"_blank\" rel=\"noopener\">View<\/a>\n        <\/td>\n<\/tr>\n<tr>\n<td style=\"padding: 12px 20px;\">Hespress<\/td>\n<td style=\"padding: 12px 20px;\">\u062f\u0631\u0627\u0633\u0629: \u0642\u0636\u064a\u0629 \u0634\u0631\u0643\u0629 &#8220;\u0633\u0627\u0645\u064a\u0631&#8221; \u062a\u062c\u0633\u0651\u062f \u0627\u0644\u062d\u0643\u0627\u0645\u0629 \u0627\u0644\u0633\u064a\u0626\u0629 \u0648&#8221;\u0627\u0644\u0645\u0645\u0627\u0631\u0633\u0627\u062a \u0627\u0644\u0645\u0627\u0641\u064a\u0648\u0632\u064a\u0629&#8221;<\/td>\n<td style=\"padding: 12px 20px;\">\n          <a href=\"https:\/\/www.hespress.com\/%D8%AA%D8%B1%D8%A7%D9%86%D8%B3%D8%A8%D8%B1%D8%A7%D9%86%D8%B3%D9%8A-%D8%A7%D9%84%D9%85%D8%BA%D8%B1%D8%A8-%D9%82%D8%B6%D9%8A%D8%A9-%D8%B3%D8%A7%D9%85%D9%8A%D8%B1-%D8%AA%D8%AC%D8%B3%D9%91%D8%AF-885977.html\" target=\"_blank\" rel=\"noopener\">View<\/a>\n        <\/td>\n<\/tr>\n<tr>\n<td style=\"padding: 12px 20px;\">Hespress<\/td>\n<td style=\"padding: 12px 20px;\">\u062f\u0631\u0627\u0633\u0629: \u0627\u0644\u0631\u0634\u0648\u0629 \u062a\u0633\u0644\u0628 \u0627\u0644\u0645\u0633\u062a\u062b\u0645\u0631\u064a\u0646 \u0627\u0644\u062d\u0645\u0627\u0633 \u0648\u062a\u0647\u062f\u062f \u0627\u0644\u062a\u0645\u0627\u0633\u0643 \u0627\u0644\u0627\u062c\u062a\u0645\u0627\u0639\u064a \u0628\u0627\u0644\u0645\u063a\u0631\u0628<\/td>\n<td style=\"padding: 12px 20px;\">\n          <a href=\"https:\/\/www.hespress.com\/%D8%AF%D8%B1%D8%A7%D8%B3%D8%A9-%D8%A7%D9%84%D8%B1%D8%B4%D9%88%D8%A9-%D8%AA%D8%B3%D9%84%D8%A8-%D8%A7%D9%84%D9%85%D8%B3%D8%AA%D8%AB%D9%85%D8%B1%D9%8A%D9%86-%D8%A7%D9%84%D8%AD%D9%85%D8%A7%D8%B3-%D9%88-885277.html\" target=\"_blank\" rel=\"noopener\">View<\/a>\n        <\/td>\n<\/tr>\n<\/tbody>\n<\/table>\n<\/div>\n<p>[\/vc_column_text][\/vc_column][\/vc_row]<\/p>\n<\/div>","protected":false},"excerpt":{"rendered":"<p>[vc_row][vc_column][vc_column_text css=&#8221;&#8221;] 2021 Publisher Title Link TelQuel Sebta: Transparency Maroc d\u00e9nonce les retards de d\u00e9veloppement de [&hellip;]<\/p>\n","protected":false},"author":12,"featured_media":0,"parent":0,"menu_order":0,"comment_status":"closed","ping_status":"closed","template":"","meta":{"_acf_changed":false,"footnotes":""},"class_list":["post-10081","page","type-page","status-publish","hentry"],"acf":[],"yoast_head":"<!-- This site is optimized with the Yoast SEO plugin v27.5 - https:\/\/yoast.com\/product\/yoast-seo-wordpress\/ -->\n<title>2021 - Transparency Maroc<\/title>\n<meta name=\"robots\" content=\"index, follow, max-snippet:-1, max-image-preview:large, max-video-preview:-1\" \/>\n<link rel=\"canonical\" href=\"https:\/\/transparencymaroc.ma\/ar\/2021-2\/\" \/>\n<meta property=\"og:locale\" content=\"ar_AR\" \/>\n<meta property=\"og:type\" content=\"article\" \/>\n<meta property=\"og:title\" content=\"2021 - Transparency Maroc\" \/>\n<meta property=\"og:description\" content=\"[vc_row][vc_column][vc_column_text css=&#8221;&#8221;] 2021 Publisher Title Link TelQuel Sebta: Transparency Maroc d\u00e9nonce les retards de d\u00e9veloppement de [&hellip;]\" \/>\n<meta property=\"og:url\" content=\"https:\/\/transparencymaroc.ma\/ar\/2021-2\/\" \/>\n<meta property=\"og:site_name\" content=\"Transparency Maroc\" \/>\n<meta property=\"article:publisher\" content=\"https:\/\/www.facebook.com\/TransparencyMarocOfficiel\/\" \/>\n<meta property=\"article:modified_time\" content=\"2026-05-05T23:48:51+00:00\" \/>\n<meta name=\"twitter:card\" content=\"summary_large_image\" \/>\n<meta name=\"twitter:site\" content=\"@TMarocOfficiel\" \/>\n<meta name=\"twitter:label1\" content=\"\u0648\u0642\u062a \u0627\u0644\u0642\u0631\u0627\u0621\u0629 \u0627\u0644\u0645\u064f\u0642\u062f\u0651\u0631\" \/>\n\t<meta name=\"twitter:data1\" content=\"\u062f\u0642\u064a\u0642\u0629 \u0648\u0627\u062d\u062f\u0629\" \/>\n<script type=\"application\/ld+json\" class=\"yoast-schema-graph\">{\"@context\":\"https:\\\/\\\/schema.org\",\"@graph\":[{\"@type\":\"WebPage\",\"@id\":\"https:\\\/\\\/transparencymaroc.ma\\\/ar\\\/2021-2\\\/\",\"url\":\"https:\\\/\\\/transparencymaroc.ma\\\/ar\\\/2021-2\\\/\",\"name\":\"2021 - Transparency Maroc\",\"isPartOf\":{\"@id\":\"https:\\\/\\\/transparencymaroc.ma\\\/#website\"},\"datePublished\":\"2026-04-30T12:13:05+00:00\",\"dateModified\":\"2026-05-05T23:48:51+00:00\",\"breadcrumb\":{\"@id\":\"https:\\\/\\\/transparencymaroc.ma\\\/ar\\\/2021-2\\\/#breadcrumb\"},\"inLanguage\":\"ar\",\"potentialAction\":[{\"@type\":\"ReadAction\",\"target\":[\"https:\\\/\\\/transparencymaroc.ma\\\/ar\\\/2021-2\\\/\"]}]},{\"@type\":\"BreadcrumbList\",\"@id\":\"https:\\\/\\\/transparencymaroc.ma\\\/ar\\\/2021-2\\\/#breadcrumb\",\"itemListElement\":[{\"@type\":\"ListItem\",\"position\":1,\"name\":\"Accueil\",\"item\":\"https:\\\/\\\/transparencymaroc.ma\\\/\"},{\"@type\":\"ListItem\",\"position\":2,\"name\":\"2021\"}]},{\"@type\":\"WebSite\",\"@id\":\"https:\\\/\\\/transparencymaroc.ma\\\/#website\",\"url\":\"https:\\\/\\\/transparencymaroc.ma\\\/\",\"name\":\"Transparency Maroc\",\"description\":\"Association de lutte contre la corruption au Maroc\",\"publisher\":{\"@id\":\"https:\\\/\\\/transparencymaroc.ma\\\/#organization\"},\"potentialAction\":[{\"@type\":\"SearchAction\",\"target\":{\"@type\":\"EntryPoint\",\"urlTemplate\":\"https:\\\/\\\/transparencymaroc.ma\\\/?s={search_term_string}\"},\"query-input\":{\"@type\":\"PropertyValueSpecification\",\"valueRequired\":true,\"valueName\":\"search_term_string\"}}],\"inLanguage\":\"ar\"},{\"@type\":\"Organization\",\"@id\":\"https:\\\/\\\/transparencymaroc.ma\\\/#organization\",\"name\":\"Transparency Maroc\",\"url\":\"https:\\\/\\\/transparencymaroc.ma\\\/\",\"logo\":{\"@type\":\"ImageObject\",\"inLanguage\":\"ar\",\"@id\":\"https:\\\/\\\/transparencymaroc.ma\\\/#\\\/schema\\\/logo\\\/image\\\/\",\"url\":\"https:\\\/\\\/transparencymaroc.ma\\\/wp-content\\\/uploads\\\/2020\\\/01\\\/LogoTMar.svg\",\"contentUrl\":\"https:\\\/\\\/transparencymaroc.ma\\\/wp-content\\\/uploads\\\/2020\\\/01\\\/LogoTMar.svg\",\"width\":491,\"height\":130,\"caption\":\"Transparency Maroc\"},\"image\":{\"@id\":\"https:\\\/\\\/transparencymaroc.ma\\\/#\\\/schema\\\/logo\\\/image\\\/\"},\"sameAs\":[\"https:\\\/\\\/www.facebook.com\\\/TransparencyMarocOfficiel\\\/\",\"https:\\\/\\\/x.com\\\/TMarocOfficiel\"]}]}<\/script>\n<!-- \/ Yoast SEO plugin. -->","yoast_head_json":{"title":"2021 - Transparency Maroc","robots":{"index":"index","follow":"follow","max-snippet":"max-snippet:-1","max-image-preview":"max-image-preview:large","max-video-preview":"max-video-preview:-1"},"canonical":"https:\/\/transparencymaroc.ma\/ar\/2021-2\/","og_locale":"ar_AR","og_type":"article","og_title":"2021 - Transparency Maroc","og_description":"[vc_row][vc_column][vc_column_text css=&#8221;&#8221;] 2021 Publisher Title Link TelQuel Sebta: Transparency Maroc d\u00e9nonce les retards de d\u00e9veloppement de [&hellip;]","og_url":"https:\/\/transparencymaroc.ma\/ar\/2021-2\/","og_site_name":"Transparency Maroc","article_publisher":"https:\/\/www.facebook.com\/TransparencyMarocOfficiel\/","article_modified_time":"2026-05-05T23:48:51+00:00","twitter_card":"summary_large_image","twitter_site":"@TMarocOfficiel","twitter_misc":{"\u0648\u0642\u062a \u0627\u0644\u0642\u0631\u0627\u0621\u0629 \u0627\u0644\u0645\u064f\u0642\u062f\u0651\u0631":"\u062f\u0642\u064a\u0642\u0629 \u0648\u0627\u062d\u062f\u0629"},"schema":{"@context":"https:\/\/schema.org","@graph":[{"@type":"WebPage","@id":"https:\/\/transparencymaroc.ma\/ar\/2021-2\/","url":"https:\/\/transparencymaroc.ma\/ar\/2021-2\/","name":"2021 - Transparency Maroc","isPartOf":{"@id":"https:\/\/transparencymaroc.ma\/#website"},"datePublished":"2026-04-30T12:13:05+00:00","dateModified":"2026-05-05T23:48:51+00:00","breadcrumb":{"@id":"https:\/\/transparencymaroc.ma\/ar\/2021-2\/#breadcrumb"},"inLanguage":"ar","potentialAction":[{"@type":"ReadAction","target":["https:\/\/transparencymaroc.ma\/ar\/2021-2\/"]}]},{"@type":"BreadcrumbList","@id":"https:\/\/transparencymaroc.ma\/ar\/2021-2\/#breadcrumb","itemListElement":[{"@type":"ListItem","position":1,"name":"Accueil","item":"https:\/\/transparencymaroc.ma\/"},{"@type":"ListItem","position":2,"name":"2021"}]},{"@type":"WebSite","@id":"https:\/\/transparencymaroc.ma\/#website","url":"https:\/\/transparencymaroc.ma\/","name":"Transparency Maroc","description":"Association de lutte contre la corruption au Maroc","publisher":{"@id":"https:\/\/transparencymaroc.ma\/#organization"},"potentialAction":[{"@type":"SearchAction","target":{"@type":"EntryPoint","urlTemplate":"https:\/\/transparencymaroc.ma\/?s={search_term_string}"},"query-input":{"@type":"PropertyValueSpecification","valueRequired":true,"valueName":"search_term_string"}}],"inLanguage":"ar"},{"@type":"Organization","@id":"https:\/\/transparencymaroc.ma\/#organization","name":"Transparency Maroc","url":"https:\/\/transparencymaroc.ma\/","logo":{"@type":"ImageObject","inLanguage":"ar","@id":"https:\/\/transparencymaroc.ma\/#\/schema\/logo\/image\/","url":"https:\/\/transparencymaroc.ma\/wp-content\/uploads\/2020\/01\/LogoTMar.svg","contentUrl":"https:\/\/transparencymaroc.ma\/wp-content\/uploads\/2020\/01\/LogoTMar.svg","width":491,"height":130,"caption":"Transparency Maroc"},"image":{"@id":"https:\/\/transparencymaroc.ma\/#\/schema\/logo\/image\/"},"sameAs":["https:\/\/www.facebook.com\/TransparencyMarocOfficiel\/","https:\/\/x.com\/TMarocOfficiel"]}]}},"_links":{"self":[{"href":"https:\/\/transparencymaroc.ma\/ar\/wp-json\/wp\/v2\/pages\/10081","targetHints":{"allow":["GET"]}}],"collection":[{"href":"https:\/\/transparencymaroc.ma\/ar\/wp-json\/wp\/v2\/pages"}],"about":[{"href":"https:\/\/transparencymaroc.ma\/ar\/wp-json\/wp\/v2\/types\/page"}],"author":[{"embeddable":true,"href":"https:\/\/transparencymaroc.ma\/ar\/wp-json\/wp\/v2\/users\/12"}],"replies":[{"embeddable":true,"href":"https:\/\/transparencymaroc.ma\/ar\/wp-json\/wp\/v2\/comments?post=10081"}],"version-history":[{"count":1,"href":"https:\/\/transparencymaroc.ma\/ar\/wp-json\/wp\/v2\/pages\/10081\/revisions"}],"predecessor-version":[{"id":10082,"href":"https:\/\/transparencymaroc.ma\/ar\/wp-json\/wp\/v2\/pages\/10081\/revisions\/10082"}],"wp:attachment":[{"href":"https:\/\/transparencymaroc.ma\/ar\/wp-json\/wp\/v2\/media?parent=10081"}],"curies":[{"name":"wp","href":"https:\/\/api.w.org\/{rel}","templated":true}]}}