{"id":10064,"date":"2026-04-30T13:14:39","date_gmt":"2026-04-30T12:14:39","guid":{"rendered":"https:\/\/transparencymaroc.ma\/?page_id=10064"},"modified":"2026-05-05T22:31:57","modified_gmt":"2026-05-05T21:31:57","slug":"1996-2019","status":"publish","type":"page","link":"https:\/\/transparencymaroc.ma\/ar\/1996-2019\/","title":{"rendered":"1996-2019"},"content":{"rendered":"<div class=\"wpb-content-wrapper\"><p>[vc_row][vc_column][vc_column_text css=&#8221;&#8221;]<\/p>\n<div style=\"text-align: center; margin: 40px 0;\">\n<table style=\"margin: 0 auto; border-collapse: collapse; width: 100%; max-width: 1000px;\">\n<tbody><!-- 2019 --><\/p>\n<tr>\n<td colspan=\"3\" style=\"padding: 14px 0; font-size: 22px; font-weight: bold; text-align: center; border-bottom: 1px solid #ccc;\">2019<\/td>\n<\/tr>\n<tr>\n<th style=\"padding: 12px 20px; text-align: left;\">Auteur<\/th>\n<th style=\"padding: 12px 20px; text-align: left;\">Titre<\/th>\n<th style=\"padding: 12px 20px; text-align: left;\">Lien<\/th>\n<\/tr>\n<tr>\n<td style=\"padding: 12px 20px;\">Panorapost<\/td>\n<td style=\"padding: 12px 20px;\">Ahmed Bernoussi, secr\u00e9taire g\u00e9n\u00e9ral de Transparency Maroc<\/td>\n<td style=\"padding: 12px 20px;\"><a href=\"https:\/\/www.youtube.com\/watch?v=rdCQ2nF3CL4\" target=\"_blank\" rel=\"noopener\">View<\/a><\/td>\n<\/tr>\n<tr>\n<td style=\"padding: 12px 20px;\">Assabah<\/td>\n<td style=\"padding: 12px 20px;\">\u0627\u0644\u0628\u0631\u0646\u0648\u0635\u064a: \u063a\u064a\u0627\u0628 \u0627\u0644\u0625\u0631\u0627\u062f\u0629<\/td>\n<td style=\"padding: 12px 20px;\"><a href=\"https:\/\/assabah.ma\/377168.html\" target=\"_blank\" rel=\"noopener\">View<\/a><\/td>\n<\/tr>\n<p><!-- 2018 --><\/p>\n<tr>\n<td colspan=\"3\" style=\"padding: 24px 0 14px; font-size: 22px; font-weight: bold; text-align: center; border-bottom: 1px solid #ccc;\">2018<\/td>\n<\/tr>\n<tr>\n<th style=\"padding: 12px 20px; text-align: left;\">Auteur<\/th>\n<th style=\"padding: 12px 20px; text-align: left;\">Titre<\/th>\n<th style=\"padding: 12px 20px; text-align: left;\">Lien<\/th>\n<\/tr>\n<tr>\n<td style=\"padding: 12px 20px;\">Hespress<\/td>\n<td style=\"padding: 12px 20px;\">Adl Adl Wal Ihsane: de la comm\u00e9moration de la mort d&#8217;Abdeslam Yassine \u00e0 la transition d\u00e9mocratique<\/td>\n<td style=\"padding: 12px 20px;\"><a href=\"https:\/\/fr.hespress.com\/38905-adl-adl-wal-ihsane-de-la-commemoration-de-la-mort-dabdeslam-yassine-a-la-transition-democratique.html\" target=\"_blank\" rel=\"noopener\">View<\/a><\/td>\n<\/tr>\n<\/tbody>\n<\/table>\n<\/div>\n<p>[\/vc_column_text][\/vc_column][\/vc_row]<\/p>\n<\/div>","protected":false},"excerpt":{"rendered":"<p>[vc_row][vc_column][vc_column_text css=&#8221;&#8221;] 2019 Auteur Titre Lien Panorapost Ahmed Bernoussi, secr\u00e9taire g\u00e9n\u00e9ral de Transparency Maroc View Assabah [&hellip;]<\/p>\n","protected":false},"author":12,"featured_media":0,"parent":0,"menu_order":0,"comment_status":"closed","ping_status":"closed","template":"","meta":{"_acf_changed":false,"footnotes":""},"class_list":["post-10064","page","type-page","status-publish","hentry"],"acf":[],"yoast_head":"<!-- This site is optimized with the Yoast SEO plugin v27.5 - https:\/\/yoast.com\/product\/yoast-seo-wordpress\/ -->\n<title>1996-2019 - Transparency Maroc<\/title>\n<meta name=\"robots\" content=\"index, follow, max-snippet:-1, max-image-preview:large, max-video-preview:-1\" \/>\n<link rel=\"canonical\" href=\"https:\/\/transparencymaroc.ma\/ar\/1996-2019\/\" \/>\n<meta property=\"og:locale\" content=\"ar_AR\" \/>\n<meta property=\"og:type\" content=\"article\" \/>\n<meta property=\"og:title\" content=\"1996-2019 - Transparency Maroc\" \/>\n<meta property=\"og:description\" content=\"[vc_row][vc_column][vc_column_text css=&#8221;&#8221;] 2019 Auteur Titre Lien Panorapost Ahmed Bernoussi, secr\u00e9taire g\u00e9n\u00e9ral de Transparency Maroc View Assabah [&hellip;]\" \/>\n<meta property=\"og:url\" content=\"https:\/\/transparencymaroc.ma\/ar\/1996-2019\/\" \/>\n<meta property=\"og:site_name\" content=\"Transparency Maroc\" \/>\n<meta property=\"article:publisher\" content=\"https:\/\/www.facebook.com\/TransparencyMarocOfficiel\/\" \/>\n<meta property=\"article:modified_time\" content=\"2026-05-05T21:31:57+00:00\" \/>\n<meta name=\"twitter:card\" content=\"summary_large_image\" \/>\n<meta name=\"twitter:site\" content=\"@TMarocOfficiel\" \/>\n<meta name=\"twitter:label1\" content=\"\u0648\u0642\u062a \u0627\u0644\u0642\u0631\u0627\u0621\u0629 \u0627\u0644\u0645\u064f\u0642\u062f\u0651\u0631\" \/>\n\t<meta name=\"twitter:data1\" content=\"\u062f\u0642\u064a\u0642\u0629 \u0648\u0627\u062d\u062f\u0629\" \/>\n<script type=\"application\/ld+json\" class=\"yoast-schema-graph\">{\"@context\":\"https:\\\/\\\/schema.org\",\"@graph\":[{\"@type\":\"WebPage\",\"@id\":\"https:\\\/\\\/transparencymaroc.ma\\\/ar\\\/1996-2019\\\/\",\"url\":\"https:\\\/\\\/transparencymaroc.ma\\\/ar\\\/1996-2019\\\/\",\"name\":\"1996-2019 - Transparency Maroc\",\"isPartOf\":{\"@id\":\"https:\\\/\\\/transparencymaroc.ma\\\/#website\"},\"datePublished\":\"2026-04-30T12:14:39+00:00\",\"dateModified\":\"2026-05-05T21:31:57+00:00\",\"breadcrumb\":{\"@id\":\"https:\\\/\\\/transparencymaroc.ma\\\/ar\\\/1996-2019\\\/#breadcrumb\"},\"inLanguage\":\"ar\",\"potentialAction\":[{\"@type\":\"ReadAction\",\"target\":[\"https:\\\/\\\/transparencymaroc.ma\\\/ar\\\/1996-2019\\\/\"]}]},{\"@type\":\"BreadcrumbList\",\"@id\":\"https:\\\/\\\/transparencymaroc.ma\\\/ar\\\/1996-2019\\\/#breadcrumb\",\"itemListElement\":[{\"@type\":\"ListItem\",\"position\":1,\"name\":\"Accueil\",\"item\":\"https:\\\/\\\/transparencymaroc.ma\\\/\"},{\"@type\":\"ListItem\",\"position\":2,\"name\":\"1996-2019\"}]},{\"@type\":\"WebSite\",\"@id\":\"https:\\\/\\\/transparencymaroc.ma\\\/#website\",\"url\":\"https:\\\/\\\/transparencymaroc.ma\\\/\",\"name\":\"Transparency Maroc\",\"description\":\"Association de lutte contre la corruption au Maroc\",\"publisher\":{\"@id\":\"https:\\\/\\\/transparencymaroc.ma\\\/#organization\"},\"potentialAction\":[{\"@type\":\"SearchAction\",\"target\":{\"@type\":\"EntryPoint\",\"urlTemplate\":\"https:\\\/\\\/transparencymaroc.ma\\\/?s={search_term_string}\"},\"query-input\":{\"@type\":\"PropertyValueSpecification\",\"valueRequired\":true,\"valueName\":\"search_term_string\"}}],\"inLanguage\":\"ar\"},{\"@type\":\"Organization\",\"@id\":\"https:\\\/\\\/transparencymaroc.ma\\\/#organization\",\"name\":\"Transparency Maroc\",\"url\":\"https:\\\/\\\/transparencymaroc.ma\\\/\",\"logo\":{\"@type\":\"ImageObject\",\"inLanguage\":\"ar\",\"@id\":\"https:\\\/\\\/transparencymaroc.ma\\\/#\\\/schema\\\/logo\\\/image\\\/\",\"url\":\"https:\\\/\\\/transparencymaroc.ma\\\/wp-content\\\/uploads\\\/2020\\\/01\\\/LogoTMar.svg\",\"contentUrl\":\"https:\\\/\\\/transparencymaroc.ma\\\/wp-content\\\/uploads\\\/2020\\\/01\\\/LogoTMar.svg\",\"width\":491,\"height\":130,\"caption\":\"Transparency Maroc\"},\"image\":{\"@id\":\"https:\\\/\\\/transparencymaroc.ma\\\/#\\\/schema\\\/logo\\\/image\\\/\"},\"sameAs\":[\"https:\\\/\\\/www.facebook.com\\\/TransparencyMarocOfficiel\\\/\",\"https:\\\/\\\/x.com\\\/TMarocOfficiel\"]}]}<\/script>\n<!-- \/ Yoast SEO plugin. -->","yoast_head_json":{"title":"1996-2019 - Transparency Maroc","robots":{"index":"index","follow":"follow","max-snippet":"max-snippet:-1","max-image-preview":"max-image-preview:large","max-video-preview":"max-video-preview:-1"},"canonical":"https:\/\/transparencymaroc.ma\/ar\/1996-2019\/","og_locale":"ar_AR","og_type":"article","og_title":"1996-2019 - Transparency Maroc","og_description":"[vc_row][vc_column][vc_column_text css=&#8221;&#8221;] 2019 Auteur Titre Lien Panorapost Ahmed Bernoussi, secr\u00e9taire g\u00e9n\u00e9ral de Transparency Maroc View Assabah [&hellip;]","og_url":"https:\/\/transparencymaroc.ma\/ar\/1996-2019\/","og_site_name":"Transparency Maroc","article_publisher":"https:\/\/www.facebook.com\/TransparencyMarocOfficiel\/","article_modified_time":"2026-05-05T21:31:57+00:00","twitter_card":"summary_large_image","twitter_site":"@TMarocOfficiel","twitter_misc":{"\u0648\u0642\u062a \u0627\u0644\u0642\u0631\u0627\u0621\u0629 \u0627\u0644\u0645\u064f\u0642\u062f\u0651\u0631":"\u062f\u0642\u064a\u0642\u0629 \u0648\u0627\u062d\u062f\u0629"},"schema":{"@context":"https:\/\/schema.org","@graph":[{"@type":"WebPage","@id":"https:\/\/transparencymaroc.ma\/ar\/1996-2019\/","url":"https:\/\/transparencymaroc.ma\/ar\/1996-2019\/","name":"1996-2019 - Transparency Maroc","isPartOf":{"@id":"https:\/\/transparencymaroc.ma\/#website"},"datePublished":"2026-04-30T12:14:39+00:00","dateModified":"2026-05-05T21:31:57+00:00","breadcrumb":{"@id":"https:\/\/transparencymaroc.ma\/ar\/1996-2019\/#breadcrumb"},"inLanguage":"ar","potentialAction":[{"@type":"ReadAction","target":["https:\/\/transparencymaroc.ma\/ar\/1996-2019\/"]}]},{"@type":"BreadcrumbList","@id":"https:\/\/transparencymaroc.ma\/ar\/1996-2019\/#breadcrumb","itemListElement":[{"@type":"ListItem","position":1,"name":"Accueil","item":"https:\/\/transparencymaroc.ma\/"},{"@type":"ListItem","position":2,"name":"1996-2019"}]},{"@type":"WebSite","@id":"https:\/\/transparencymaroc.ma\/#website","url":"https:\/\/transparencymaroc.ma\/","name":"Transparency Maroc","description":"Association de lutte contre la corruption au Maroc","publisher":{"@id":"https:\/\/transparencymaroc.ma\/#organization"},"potentialAction":[{"@type":"SearchAction","target":{"@type":"EntryPoint","urlTemplate":"https:\/\/transparencymaroc.ma\/?s={search_term_string}"},"query-input":{"@type":"PropertyValueSpecification","valueRequired":true,"valueName":"search_term_string"}}],"inLanguage":"ar"},{"@type":"Organization","@id":"https:\/\/transparencymaroc.ma\/#organization","name":"Transparency Maroc","url":"https:\/\/transparencymaroc.ma\/","logo":{"@type":"ImageObject","inLanguage":"ar","@id":"https:\/\/transparencymaroc.ma\/#\/schema\/logo\/image\/","url":"https:\/\/transparencymaroc.ma\/wp-content\/uploads\/2020\/01\/LogoTMar.svg","contentUrl":"https:\/\/transparencymaroc.ma\/wp-content\/uploads\/2020\/01\/LogoTMar.svg","width":491,"height":130,"caption":"Transparency Maroc"},"image":{"@id":"https:\/\/transparencymaroc.ma\/#\/schema\/logo\/image\/"},"sameAs":["https:\/\/www.facebook.com\/TransparencyMarocOfficiel\/","https:\/\/x.com\/TMarocOfficiel"]}]}},"_links":{"self":[{"href":"https:\/\/transparencymaroc.ma\/ar\/wp-json\/wp\/v2\/pages\/10064","targetHints":{"allow":["GET"]}}],"collection":[{"href":"https:\/\/transparencymaroc.ma\/ar\/wp-json\/wp\/v2\/pages"}],"about":[{"href":"https:\/\/transparencymaroc.ma\/ar\/wp-json\/wp\/v2\/types\/page"}],"author":[{"embeddable":true,"href":"https:\/\/transparencymaroc.ma\/ar\/wp-json\/wp\/v2\/users\/12"}],"replies":[{"embeddable":true,"href":"https:\/\/transparencymaroc.ma\/ar\/wp-json\/wp\/v2\/comments?post=10064"}],"version-history":[{"count":2,"href":"https:\/\/transparencymaroc.ma\/ar\/wp-json\/wp\/v2\/pages\/10064\/revisions"}],"predecessor-version":[{"id":10066,"href":"https:\/\/transparencymaroc.ma\/ar\/wp-json\/wp\/v2\/pages\/10064\/revisions\/10066"}],"wp:attachment":[{"href":"https:\/\/transparencymaroc.ma\/ar\/wp-json\/wp\/v2\/media?parent=10064"}],"curies":[{"name":"wp","href":"https:\/\/api.w.org\/{rel}","templated":true}]}}